{"id":10,"date":"2015-01-12T15:42:21","date_gmt":"2015-01-12T15:42:21","guid":{"rendered":"https:\/\/2015.krakow.wordcamp.org\/organizers\/"},"modified":"2015-05-27T08:21:43","modified_gmt":"2015-05-27T06:21:43","slug":"organizatorzy","status":"publish","type":"page","link":"https:\/\/krakow.wordcamp.org\/2015\/organizatorzy\/","title":{"rendered":"Organizatorzy"},"content":{"rendered":"<p>Konferencja nie mo\u017ce odby\u0107 si\u0119 bez uczestnik\u00f3w,\u00a0za to na pewno nie powstanie\u00a0bez organizator\u00f3w i wolontariuszy! Ta pr\u0119\u017cna,\u00a0miodna, sroga, klawa, epicka, wyborowa, niet\u0119ga, szczodra, kusa i kapitalna dru\u017cyna spowoduje, \u017ce\u00a0WordCamp Polska 2015 w Krakowie odb\u0119dzie si\u0119 na najwy\u017cszym poziomie:<\/p>\n\t<div class=\"wcorg-organizers\">\n\n\t\t\n\t\t\t<div class=\"wcorg-organizer\">\n\t\t\t\t<h2>Marcin Wolak<\/h2>\n\t\t\t\t<div class=\"wcorg-organizer-description\">\n\t\t\t\t\t\t\t\t\t\t<img alt='' src='https:\/\/secure.gravatar.com\/avatar\/c988256517f676ccc916d59041faef5d47c51b3a1fc71f20f3326e2aa301d771?s=100&#038;d=mm&#038;r=g' srcset='https:\/\/secure.gravatar.com\/avatar\/c988256517f676ccc916d59041faef5d47c51b3a1fc71f20f3326e2aa301d771?s=200&#038;d=mm&#038;r=g 2x' class='avatar avatar-100 photo' height='100' width='100' \/>\t\t\t\t\t<p>Programista, bloger, szyderca, obserwator, g\u0142\u00f3wny organizator WordCamp Polska 2015. Na co dzie\u0144 zajmuje si\u0119 zawodowo WordPressem dla du\u017cych biznes\u00f3w oraz <a href=\"http:\/\/speedup.pro\" target=\"_blank\" rel=\"nofollow\">przyspieszaniem stron internetowych<\/a>.<\/p>\n\t\t\t\t<\/div>\n\t\t\t<\/div>\n\n\t\t\n\t\t\t<div class=\"wcorg-organizer\">\n\t\t\t\t<h2>Magdalena Dyma\u0144ska<\/h2>\n\t\t\t\t<div class=\"wcorg-organizer-description\">\n\t\t\t\t\t\t\t\t\t\t<img alt='' src='https:\/\/secure.gravatar.com\/avatar\/d6d926907a10fb8e454b01c6c3c7d1056013685e2e4dd4154f63b60a07c28cee?s=100&#038;d=mm&#038;r=g' srcset='https:\/\/secure.gravatar.com\/avatar\/d6d926907a10fb8e454b01c6c3c7d1056013685e2e4dd4154f63b60a07c28cee?s=200&#038;d=mm&#038;r=g 2x' class='avatar avatar-100 photo' height='100' width='100' \/>\t\t\t\t\t<p>Zawodowo ilustrator. Mi\u0142o\u015bniczka sztuki wsp\u00f3\u0142czesnej (tradycyjnej i cyfrowej) oraz kultury japo\u0144skiej. Wspiera WordCamp Polska 2015 pomagaj\u0105c w kreowaniu oprawy graficznej wydarzenia.<\/p>\n\t\t\t\t<\/div>\n\t\t\t<\/div>\n\n\t\t\n\t\t\t<div class=\"wcorg-organizer\">\n\t\t\t\t<h2>Tomasz Dziuda<\/h2>\n\t\t\t\t<div class=\"wcorg-organizer-description\">\n\t\t\t\t\t\t\t\t\t\t<img alt='' src='https:\/\/secure.gravatar.com\/avatar\/ec3db6152e60dd4ffbcaacd2b0af93ce81530d1f83781697380f5edf2f4ada96?s=100&#038;d=mm&#038;r=g' srcset='https:\/\/secure.gravatar.com\/avatar\/ec3db6152e60dd4ffbcaacd2b0af93ce81530d1f83781697380f5edf2f4ada96?s=200&#038;d=mm&#038;r=g 2x' class='avatar avatar-100 photo' height='100' width='100' \/>\t\t\t\t\t<p>Lead Developer w <a href=\"https:\/\/www.gavick.com\" target=\"_blank\" rel=\"nofollow\">GavickPro<\/a>, mi\u0142o\u015bnik i propagator WordPressa. Organizator WordUp \u0141\u00f3d\u017a, WordCamp Polska 2014 i aktywny prelegent na WordUpach odbywaj\u0105cych si\u0119 w r\u00f3\u017cnych rejonach Polski. Pasjonat nowych technologii webowych, kt\u00f3ry dotrwa\u0142 do wymarzonych przez siebie czas\u00f3w  w kt\u00f3rych nie trzeba martwi\u0107 si\u0119 Internet Explorerem, a tydzie\u0144 bez nowego frameworka w JavaScript nie istnieje.<\/p>\n\t\t\t\t<\/div>\n\t\t\t<\/div>\n\n\t\t\n\t\t\t<div class=\"wcorg-organizer\">\n\t\t\t\t<h2>Basia Rumi\u0144ska<\/h2>\n\t\t\t\t<div class=\"wcorg-organizer-description\">\n\t\t\t\t\t\t\t\t\t\t<img alt='' src='https:\/\/secure.gravatar.com\/avatar\/9b9590b4a6c3d8548dcfd4e0106258d0f9b32d972b2c5050099e9a8dc926d0cc?s=100&#038;d=mm&#038;r=g' srcset='https:\/\/secure.gravatar.com\/avatar\/9b9590b4a6c3d8548dcfd4e0106258d0f9b32d972b2c5050099e9a8dc926d0cc?s=200&#038;d=mm&#038;r=g 2x' class='avatar avatar-100 photo' height='100' width='100' \/>\t\t\t\t\t<p>Sumienna i dok\u0142adna w ka\u017cdym calu &#8211; Basia wspiera WordCamp Polska 2015 opiekuj\u0105c si\u0119 sponsorami i wolontariuszami.<\/p>\n\t\t\t\t<\/div>\n\t\t\t<\/div>\n\n\t\t\n\t\t\t<div class=\"wcorg-organizer\">\n\t\t\t\t<h2>Marcin Pietrzak<\/h2>\n\t\t\t\t<div class=\"wcorg-organizer-description\">\n\t\t\t\t\t\t\t\t\t\t<img alt='' src='https:\/\/secure.gravatar.com\/avatar\/c00d5de7fdcf70f8b7620cefb0df0018272bd68f9e9c5aee62f356edad0f0a03?s=100&#038;d=mm&#038;r=g' srcset='https:\/\/secure.gravatar.com\/avatar\/c00d5de7fdcf70f8b7620cefb0df0018272bd68f9e9c5aee62f356edad0f0a03?s=200&#038;d=mm&#038;r=g 2x' class='avatar avatar-100 photo' height='100' width='100' \/>\t\t\t\t\t<p>Developer w <a href=\"http:\/\/www.onthegosystems.com\/\">OnTheGoSystems<\/a>. Odpowiada za rozw\u00f3j i utrzymanie wtyczki Types oraz innych z grupy <a href=\"http:\/\/wp-types.com\/\">Toolset<\/a>. Entuzjasta i ewangelista filtr\u00f3w i akcji, kt\u00f3rych wykopywaniem zajmuje si\u0119 na swoim <a href=\"http:\/\/iworks.pl\/\">blogu<\/a>.<\/p>\n<p>Sta\u0142y uczestnik i prelegent na Polskich WordCampach, jak do tej pory zachowa\u0142 \u015bredni\u0105 1 wyk\u0142ad na WC, cho\u0107 na pierwszym w \u0141odzi, tylko s\u0142ucha\u0142.<\/p>\n<p>Entuzjasta i propagator filtr\u00f3w i akcji, kt\u00f3re u\u017cywa na co dzie\u0144 w ilo\u015bciach wr\u0119cz hurtowych.<\/p>\n\t\t\t\t<\/div>\n\t\t\t<\/div>\n\n\t\t\n\t\t\t<div class=\"wcorg-organizer\">\n\t\t\t\t<h2>Beata Kazimieruk<\/h2>\n\t\t\t\t<div class=\"wcorg-organizer-description\">\n\t\t\t\t\t\t\t\t\t\t<img alt='' src='https:\/\/secure.gravatar.com\/avatar\/306c979d4f5c533a751c90caff89ea2df075fc23d2d53a6c9930bcb7f1683cc5?s=100&#038;d=mm&#038;r=g' srcset='https:\/\/secure.gravatar.com\/avatar\/306c979d4f5c533a751c90caff89ea2df075fc23d2d53a6c9930bcb7f1683cc5?s=200&#038;d=mm&#038;r=g 2x' class='avatar avatar-100 photo' height='100' width='100' \/>\t\t\t\t\t<p>Pasjonatka teatru, jazdy na rowerze, scrabbli i literatury.<br \/>\nCodziennie styka si\u0119 z WordPressem w swojej pracy copywritera.<\/p>\n\t\t\t\t<\/div>\n\t\t\t<\/div>\n\n\t\t\n\t\t\t<div class=\"wcorg-organizer\">\n\t\t\t\t<h2>Ewa Karaszkiewicz<\/h2>\n\t\t\t\t<div class=\"wcorg-organizer-description\">\n\t\t\t\t\t\t\t\t\t\t<img alt='' src='https:\/\/secure.gravatar.com\/avatar\/b1b59fc453f50f1d3fe29c439944731d604c5164f1bb015c4adb7ea08185184e?s=100&#038;d=mm&#038;r=g' srcset='https:\/\/secure.gravatar.com\/avatar\/b1b59fc453f50f1d3fe29c439944731d604c5164f1bb015c4adb7ea08185184e?s=200&#038;d=mm&#038;r=g 2x' class='avatar avatar-100 photo' height='100' width='100' \/>\t\t\t\t\t<p>Zawodowo jest front-end developerem o specjalno\u015bci best judgement responsive webdesign ninja. Prywatnie molem ksi\u0105\u017ckowym, kt\u00f3ry lubi tylko \u0142adne rzeczy. A w czasie WordCamp Polska 2015 opiekuje si\u0119 sponsorami.<\/p>\n\t\t\t\t<\/div>\n\t\t\t<\/div>\n\n\t\t\n\t\t\t<div class=\"wcorg-organizer\">\n\t\t\t\t<h2>Katarzyna Gajewska<\/h2>\n\t\t\t\t<div class=\"wcorg-organizer-description\">\n\t\t\t\t\t\t\t\t\t\t<img alt='' src='https:\/\/secure.gravatar.com\/avatar\/dfd93f238ac240412a073bcfa382754e1511fc4f09aa623817d2a6a74dc71d7f?s=100&#038;d=mm&#038;r=g' srcset='https:\/\/secure.gravatar.com\/avatar\/dfd93f238ac240412a073bcfa382754e1511fc4f09aa623817d2a6a74dc71d7f?s=200&#038;d=mm&#038;r=g 2x' class='avatar avatar-100 photo' height='100' width='100' \/>\t\t\t\t\t<p>Pisz\u0119, czytam, chodz\u0119 do teatru, kocham Gwiezdne Wojny.<\/p>\n\t\t\t\t<\/div>\n\t\t\t<\/div>\n\n\t\t\n\t\t\t<div class=\"wcorg-organizer\">\n\t\t\t\t<h2>Katarzyna Karus-Wysocka<\/h2>\n\t\t\t\t<div class=\"wcorg-organizer-description\">\n\t\t\t\t\t\t\t\t\t\t<img alt='' src='https:\/\/secure.gravatar.com\/avatar\/3ec68ee6b77aeb9b472ef80ef660721b322efa6849127f2824a04a14e937bfcf?s=100&#038;d=mm&#038;r=g' srcset='https:\/\/secure.gravatar.com\/avatar\/3ec68ee6b77aeb9b472ef80ef660721b322efa6849127f2824a04a14e937bfcf?s=200&#038;d=mm&#038;r=g 2x' class='avatar avatar-100 photo' height='100' width='100' \/>\t\t\t\t\t<p>Organizatorka WordUp Krak\u00f3w. W\u0142a\u015bcicielka studia interaktywnego <a href=\"http:\/\/hellostudio.eu\/\" target=\"_blank\">Hello! Studio<\/a>, gdzie zajmuje si\u0119 g\u0142\u00f3wnie projektowaniem UX. Dziwn\u0105 przyjemno\u015b\u0107 czerpie z testowania interfejs\u00f3w i obserwowania reakcji klient\u00f3w na przedstawiane wyniki. Twierdzi, \u017ce nic nie jest niemo\u017cliwe i t\u0105 zasad\u0105 kieruje si\u0119 w codziennej pracy, najcz\u0119\u015bciej z wykorzystaniem WordPress. Wolne chwile sp\u0119dza eksperymentuj\u0105c w kuchni i na si\u0142owni, bij\u0105c w\u0142asne rekordy w tr\u00f3jboju si\u0142owym.<\/p>\n\t\t\t\t<\/div>\n\t\t\t<\/div>\n\n\t\t\n\t<\/div><!-- .wcorg-organizers -->\n\t\n","protected":false},"excerpt":{"rendered":"<p>Konferencja nie mo\u017ce odby\u0107 si\u0119 bez uczestnik\u00f3w,\u00a0za to na pewno nie powstanie\u00a0bez organizator\u00f3w i wolontariuszy! Ta pr\u0119\u017cna,\u00a0miodna, sroga, klawa, epicka, wyborowa, niet\u0119ga, szczodra, kusa i kapitalna dru\u017cyna spowoduje, \u017ce\u00a0WordCamp Polska 2015 w Krakowie odb\u0119dzie si\u0119 na najwy\u017cszym poziomie:<\/p>\n","protected":false},"author":7315828,"featured_media":0,"parent":0,"menu_order":0,"comment_status":"open","ping_status":"closed","template":"","meta":{"jetpack_post_was_ever_published":false,"footnotes":""},"class_list":["post-10","page","type-page","status-publish","hentry"],"jetpack_sharing_enabled":true,"jetpack_shortlink":"https:\/\/wp.me\/P5BkXW-a","_links":{"self":[{"href":"https:\/\/krakow.wordcamp.org\/2015\/wp-json\/wp\/v2\/pages\/10","targetHints":{"allow":["GET"]}}],"collection":[{"href":"https:\/\/krakow.wordcamp.org\/2015\/wp-json\/wp\/v2\/pages"}],"about":[{"href":"https:\/\/krakow.wordcamp.org\/2015\/wp-json\/wp\/v2\/types\/page"}],"author":[{"embeddable":true,"href":"https:\/\/krakow.wordcamp.org\/2015\/wp-json\/wp\/v2\/users\/7315828"}],"replies":[{"embeddable":true,"href":"https:\/\/krakow.wordcamp.org\/2015\/wp-json\/wp\/v2\/comments?post=10"}],"version-history":[{"count":7,"href":"https:\/\/krakow.wordcamp.org\/2015\/wp-json\/wp\/v2\/pages\/10\/revisions"}],"predecessor-version":[{"id":815,"href":"https:\/\/krakow.wordcamp.org\/2015\/wp-json\/wp\/v2\/pages\/10\/revisions\/815"}],"wp:attachment":[{"href":"https:\/\/krakow.wordcamp.org\/2015\/wp-json\/wp\/v2\/media?parent=10"}],"curies":[{"name":"wp","href":"https:\/\/api.w.org\/{rel}","templated":true}]}}