{"id":1094,"date":"2015-08-25T21:42:58","date_gmt":"2015-08-25T19:42:58","guid":{"rendered":"https:\/\/2015.krakow.wordcamp.org\/?page_id=1094"},"modified":"2015-08-25T21:42:58","modified_gmt":"2015-08-25T19:42:58","slug":"happiness-bar","status":"publish","type":"page","link":"https:\/\/krakow.wordcamp.org\/2015\/uczestnicy\/happiness-bar\/","title":{"rendered":"Happiness Bar"},"content":{"rendered":"<p>Masz jaki\u015b problem ze swoim WordPressem? My mamy odpowiedzi. Happiness Bar jest \u017cywym help deskiem, \u00a0dost\u0119pnym dla wszystkich uczestnik\u00f3w konferencji. Za jego lad\u0105 znajdziesz prawdziwych ekspert\u00f3w WordPressa dla kt\u00f3rych w\u0119ze\u0142 gordyjski to pestka.<\/p>\n<p>Wi\u0119c je\u017celi masz problem z:<\/p>\n<ul>\n<li>dodaniem\u00a0lub\u00a0edytowaniem tre\u015bci na stronie<\/li>\n<li>niezno\u015bnymi stylami\u00a0Twojej strony<\/li>\n<li>uporczywym kodem pluginu<\/li>\n<\/ul>\n<p>lub czymkolwiek zwi\u0105zanym z Twoim WordPressem &#8211; znajdziesz nas na przerwach w foyer Centrum Kongresowego ICE Krak\u00f3w w Happiness Barze!<\/p>\n","protected":false},"excerpt":{"rendered":"<p>Masz jaki\u015b problem ze swoim WordPressem? My mamy odpowiedzi. Happiness Bar jest \u017cywym help deskiem, \u00a0dost\u0119pnym dla wszystkich uczestnik\u00f3w konferencji. Za jego lad\u0105 znajdziesz prawdziwych ekspert\u00f3w WordPressa dla kt\u00f3rych w\u0119ze\u0142 gordyjski to pestka. Wi\u0119c je\u017celi masz problem z: dodaniem\u00a0lub\u00a0edytowaniem tre\u015bci na stronie niezno\u015bnymi stylami\u00a0Twojej strony uporczywym kodem pluginu lub czymkolwiek zwi\u0105zanym z Twoim WordPressem &#8211; &hellip; <a href=\"https:\/\/krakow.wordcamp.org\/2015\/uczestnicy\/happiness-bar\/\" class=\"more-link\">Czytaj dalej <span class=\"screen-reader-text\">Happiness Bar<\/span> <span class=\"meta-nav\">&rarr;<\/span><\/a><\/p>\n","protected":false},"author":7315828,"featured_media":2690,"parent":12,"menu_order":2,"comment_status":"open","ping_status":"open","template":"","meta":{"jetpack_post_was_ever_published":false,"footnotes":""},"class_list":["post-1094","page","type-page","status-publish","has-post-thumbnail","hentry"],"jetpack_sharing_enabled":true,"jetpack_shortlink":"https:\/\/wp.me\/P5BkXW-hE","_links":{"self":[{"href":"https:\/\/krakow.wordcamp.org\/2015\/wp-json\/wp\/v2\/pages\/1094","targetHints":{"allow":["GET"]}}],"collection":[{"href":"https:\/\/krakow.wordcamp.org\/2015\/wp-json\/wp\/v2\/pages"}],"about":[{"href":"https:\/\/krakow.wordcamp.org\/2015\/wp-json\/wp\/v2\/types\/page"}],"author":[{"embeddable":true,"href":"https:\/\/krakow.wordcamp.org\/2015\/wp-json\/wp\/v2\/users\/7315828"}],"replies":[{"embeddable":true,"href":"https:\/\/krakow.wordcamp.org\/2015\/wp-json\/wp\/v2\/comments?post=1094"}],"version-history":[{"count":2,"href":"https:\/\/krakow.wordcamp.org\/2015\/wp-json\/wp\/v2\/pages\/1094\/revisions"}],"predecessor-version":[{"id":2691,"href":"https:\/\/krakow.wordcamp.org\/2015\/wp-json\/wp\/v2\/pages\/1094\/revisions\/2691"}],"up":[{"embeddable":true,"href":"https:\/\/krakow.wordcamp.org\/2015\/wp-json\/wp\/v2\/pages\/12"}],"wp:featuredmedia":[{"embeddable":true,"href":"https:\/\/krakow.wordcamp.org\/2015\/wp-json\/wp\/v2\/media\/2690"}],"wp:attachment":[{"href":"https:\/\/krakow.wordcamp.org\/2015\/wp-json\/wp\/v2\/media?parent=1094"}],"curies":[{"name":"wp","href":"https:\/\/api.w.org\/{rel}","templated":true}]}}