{"id":11,"date":"2015-01-12T15:42:21","date_gmt":"2015-01-12T15:42:21","guid":{"rendered":"https:\/\/2015.krakow.wordcamp.org\/?page_id=11"},"modified":"2015-09-10T15:06:54","modified_gmt":"2015-09-10T13:06:54","slug":"bilety","status":"publish","type":"page","link":"https:\/\/krakow.wordcamp.org\/2015\/bilety\/","title":{"rendered":"Bilety"},"content":{"rendered":"<p>Na tej stronie b\u0119dziesz m\u00f3g\u0142 znale\u017a\u0107 wszelkie informacje na temat bilet\u00f3w na konferencj\u0119 WordCamp Polska 2015, kt\u00f3ra odb\u0119dzie si\u0119 12-13 wrze\u015bnia 2015. P\u0142atno\u015b\u0107 za bilety odbywa si\u0119 ca\u0142kowicie poprzez konto PayPal Fundacji WordPress. W zwi\u0105zku z tym, nie jeste\u015bmy w stanie wystawi\u0107 FVAT za zakupione bilety. Je\u017celi jednak jeste\u015b zainteresowany otrzymaniem FVAT &#8211; mo\u017cesz zapozna\u0107 si\u0119 z <a href=\"https:\/\/2015.krakow.wordcamp.org\/zostan-sponsorem\/\">ofert\u0105 sponsorsk\u0105<\/a>.<\/p>\n<p><span class=\"embed-youtube\" style=\"text-align:center; display: block;\"><iframe loading=\"lazy\" class=\"youtube-player\" width=\"850\" height=\"479\" src=\"https:\/\/www.youtube.com\/embed\/Ko7o7lA9p5Y?version=3&#038;rel=1&#038;showsearch=0&#038;showinfo=1&#038;iv_load_policy=1&#038;fs=1&#038;hl=pl-PL&#038;autohide=2&#038;wmode=transparent\" allowfullscreen=\"true\" style=\"border:0;\" sandbox=\"allow-scripts allow-same-origin allow-popups allow-presentation allow-popups-to-escape-sandbox\"><\/iframe><\/span><\/p>\n<h2>Wiesz kto nie p\u0142aci za bilet i ma wst\u0119p za darmo?<\/h2>\n<p>Prelegenci i Sponsorzy. Zar\u00f3wno jedni jak i drudzy wspieraj\u0105 nasz\u0105 konferencj\u0119, otrzymuj\u0105c tym samym\u00a0<strong>darmowe wej\u015bci\u00f3wki VIP<\/strong>. Zastan\u00f3w si\u0119, czy nie chcesz znale\u017a\u0107 si\u0119 w ich gronie!<\/p>\n<p class=\"row\"><a class=\"btn btn-lg btn-info\" href=\"https:\/\/2015.krakow.wordcamp.org\/zostan-sponsorem\/\">Zosta\u0144 sponsorem<\/a><\/p>\n<p>W trakcie konferencji przewidzieli\u015bmy dwa typy bilet\u00f3w:<\/p>\n<h3>Bilet Standard:<\/h3>\n<ul>\n<li>zawiera w sobie wst\u0119p na teren konferencji WordCamp Polska 2015<\/li>\n<li>wej\u015bcie na MiddleParty z kuponami na orze\u017awiaj\u0105ce napoje<\/li>\n<li>koszulk\u0119, smycz i broszur\u0119 konferencyjn\u0105<\/li>\n<li>przek\u0105ski i napoje w czasie trwania konferencji<\/li>\n<\/ul>\n<h3>Bilet VIP:<\/h3>\n<ul>\n<li>zawiera wszystko to co bilet Standard, dodatkowo:<\/li>\n<li>okoliczno\u015bciowa torba z grafik\u0105 przygotowan\u0105\u00a0specjalnie na WordCamp<\/li>\n<li>kubek z grafik\u0105 z WordCampa<\/li>\n<li>powi\u0119kszona ilo\u015b\u0107 kupon\u00f3w na orze\u017awiaj\u0105ce napoje na MiddleParty<\/li>\n<li>okoliczno\u015bciowa wycieczka po Krakowie\u00a0(szczeg\u00f3\u0142y dopiero s\u0105 ustalane)<\/li>\n<\/ul>\n<p><strong>Obecnie sprzedali\u015bmy wszystkie bilety dla uczestnik\u00f3w. Je\u017celi bardzo chcesz dosta\u0107 si\u0119 na nasz\u0105 konferencj\u0119 &#8211; mo\u017cesz zastanowi\u0107 si\u0119 nad jednym z pakiet\u00f3w sponsorskich.<\/strong><\/p>\n<p class=\"row\"><a class=\"btn btn-lg btn-info\" href=\"https:\/\/2015.krakow.wordcamp.org\/zostan-sponsorem\/\">Zobacz pakiety sponsorskie<\/a><\/p>\n<a href=\"https:\/\/krakow.wordcamp.org\/2015\/bilety\/\">Aby kupi\u0107 lub zarz\u0105dza\u0107 biletami, otw\u00f3rz t\u0119 stron\u0119 w przegl\u0105darce.<\/a>\n","protected":false},"excerpt":{"rendered":"<p>Na tej stronie b\u0119dziesz m\u00f3g\u0142 znale\u017a\u0107 wszelkie informacje na temat bilet\u00f3w na konferencj\u0119 WordCamp Polska 2015, kt\u00f3ra odb\u0119dzie si\u0119 12-13 wrze\u015bnia 2015. P\u0142atno\u015b\u0107 za bilety odbywa si\u0119 ca\u0142kowicie poprzez konto PayPal Fundacji WordPress. W zwi\u0105zku z tym, nie jeste\u015bmy w stanie wystawi\u0107 FVAT za zakupione bilety. Je\u017celi jednak jeste\u015b zainteresowany otrzymaniem FVAT &#8211; mo\u017cesz zapozna\u0107 &hellip; <a href=\"https:\/\/krakow.wordcamp.org\/2015\/bilety\/\" class=\"more-link\">Czytaj dalej <span class=\"screen-reader-text\">Bilety<\/span> <span class=\"meta-nav\">&rarr;<\/span><\/a><\/p>\n","protected":false},"author":7315828,"featured_media":0,"parent":0,"menu_order":0,"comment_status":"open","ping_status":"closed","template":"","meta":{"jetpack_post_was_ever_published":false,"footnotes":""},"class_list":["post-11","page","type-page","status-publish","hentry"],"jetpack_sharing_enabled":true,"jetpack_shortlink":"https:\/\/wp.me\/P5BkXW-b","_links":{"self":[{"href":"https:\/\/krakow.wordcamp.org\/2015\/wp-json\/wp\/v2\/pages\/11","targetHints":{"allow":["GET"]}}],"collection":[{"href":"https:\/\/krakow.wordcamp.org\/2015\/wp-json\/wp\/v2\/pages"}],"about":[{"href":"https:\/\/krakow.wordcamp.org\/2015\/wp-json\/wp\/v2\/types\/page"}],"author":[{"embeddable":true,"href":"https:\/\/krakow.wordcamp.org\/2015\/wp-json\/wp\/v2\/users\/7315828"}],"replies":[{"embeddable":true,"href":"https:\/\/krakow.wordcamp.org\/2015\/wp-json\/wp\/v2\/comments?post=11"}],"version-history":[{"count":18,"href":"https:\/\/krakow.wordcamp.org\/2015\/wp-json\/wp\/v2\/pages\/11\/revisions"}],"predecessor-version":[{"id":3004,"href":"https:\/\/krakow.wordcamp.org\/2015\/wp-json\/wp\/v2\/pages\/11\/revisions\/3004"}],"wp:attachment":[{"href":"https:\/\/krakow.wordcamp.org\/2015\/wp-json\/wp\/v2\/media?parent=11"}],"curies":[{"name":"wp","href":"https:\/\/api.w.org\/{rel}","templated":true}]}}