{"id":1253,"date":"2015-07-07T11:43:18","date_gmt":"2015-07-07T09:43:18","guid":{"rendered":"https:\/\/2015.krakow.wordcamp.org\/?page_id=1253"},"modified":"2015-09-01T18:32:47","modified_gmt":"2015-09-01T16:32:47","slug":"patronat-medialny","status":"publish","type":"page","link":"https:\/\/krakow.wordcamp.org\/2015\/patronat-medialny\/","title":{"rendered":"Patronat Medialny"},"content":{"rendered":"<p>Prowadzisz serwis informuj\u0105cy o wartych uwagi wydarzeniach zwi\u0105zanych z internetem i WordPressem? Ch\u0119tnie nawi\u0105\u017cemy z Tob\u0105 wsp\u00f3\u0142prac\u0119 w postaci patronatu medialnego!<\/p>\n<p>Informuj o naszej konferencji na bie\u017c\u0105co w swoim serwisie a w zamian zagwarantujemy Ci:<\/p>\n<ul>\n<li>link na tej oto stronie<\/li>\n<li>logo do Twojego serwisu umieszczone zar\u00f3wno tutaj jak i w broszurze konferencji<\/li>\n<li>wej\u015bci\u00f3wk\u0119 Standard na konferencj\u0119 dla Ciebie lub do rozdania w postaci konkursu na Twojej stronie.<\/li>\n<\/ul>\n<p><a class=\"btn btn-lg btn-info\" href=\"http:\/\/tinyurl.com\/pbtdj7p\" target=\"_blank\">Pobierz brandpack WordCamp Polska 2015<\/a><\/p>\n<h2 style=\"text-align: center\">Wsp\u00f3\u0142pracujemy z:<\/h2>\n<div class=\"tiled-gallery type-rectangular tiled-gallery-unresized\" data-original-width=\"850\" data-carousel-extra='{&quot;blog_id&quot;:506,&quot;permalink&quot;:&quot;https:\\\/\\\/krakow.wordcamp.org\\\/2015\\\/patronat-medialny\\\/&quot;,&quot;likes_blog_id&quot;:82780412}' itemscope itemtype=\"http:\/\/schema.org\/ImageGallery\" > <div class=\"gallery-row\" style=\"width: 850px; height: 243px;\" data-original-width=\"850\" data-original-height=\"243\" > <div class=\"gallery-group images-3\" style=\"width: 233px; height: 243px;\" data-original-width=\"233\" data-original-height=\"243\" > <div class=\"tiled-gallery-item tiled-gallery-item-small\" itemprop=\"associatedMedia\" itemscope itemtype=\"http:\/\/schema.org\/ImageObject\"> <meta itemprop=\"width\" content=\"229\"> <meta itemprop=\"height\" content=\"72\"> <img decoding=\"async\" class=\"\" data-attachment-id=\"2846\" data-orig-file=\"https:\/\/krakow.wordcamp.org\/2015\/files\/2015\/07\/osworld.png\" data-orig-size=\"2367,742\" data-comments-opened=\"1\" data-image-meta=\"{&quot;aperture&quot;:&quot;0&quot;,&quot;credit&quot;:&quot;&quot;,&quot;camera&quot;:&quot;&quot;,&quot;caption&quot;:&quot;&quot;,&quot;created_timestamp&quot;:&quot;0&quot;,&quot;copyright&quot;:&quot;&quot;,&quot;focal_length&quot;:&quot;0&quot;,&quot;iso&quot;:&quot;0&quot;,&quot;shutter_speed&quot;:&quot;0&quot;,&quot;title&quot;:&quot;&quot;,&quot;orientation&quot;:&quot;0&quot;}\" data-image-title=\"osworld\" data-image-description=\"\" data-medium-file=\"https:\/\/i0.wp.com\/krakow.wordcamp.org\/2015\/files\/2015\/07\/osworld.png?fit=300%2C94&#038;ssl=1\" data-large-file=\"https:\/\/i0.wp.com\/krakow.wordcamp.org\/2015\/files\/2015\/07\/osworld.png?fit=850%2C266&#038;ssl=1\" src=\"https:\/\/i0.wp.com\/krakow.wordcamp.org\/2015\/files\/2015\/07\/osworld.png?w=229&#038;h=72&#038;ssl=1\" srcset=\"https:\/\/i0.wp.com\/krakow.wordcamp.org\/2015\/files\/2015\/07\/osworld.png?w=2367&amp;ssl=1 2367w, https:\/\/i0.wp.com\/krakow.wordcamp.org\/2015\/files\/2015\/07\/osworld.png?resize=300%2C94&amp;ssl=1 300w, https:\/\/i0.wp.com\/krakow.wordcamp.org\/2015\/files\/2015\/07\/osworld.png?resize=850%2C266&amp;ssl=1 850w, https:\/\/i0.wp.com\/krakow.wordcamp.org\/2015\/files\/2015\/07\/osworld.png?resize=500%2C157&amp;ssl=1 500w, https:\/\/i0.wp.com\/krakow.wordcamp.org\/2015\/files\/2015\/07\/osworld.png?w=1700&amp;ssl=1 1700w\" width=\"229\" height=\"72\" loading=\"lazy\" data-original-width=\"229\" data-original-height=\"72\" itemprop=\"http:\/\/schema.org\/image\" title=\"osworld\" alt=\"osworld\" style=\"width: 229px; height: 72px;\" \/> <\/div> <div class=\"tiled-gallery-item tiled-gallery-item-small\" itemprop=\"associatedMedia\" itemscope itemtype=\"http:\/\/schema.org\/ImageObject\"> <meta itemprop=\"width\" content=\"229\"> <meta itemprop=\"height\" content=\"76\"> <img decoding=\"async\" class=\"\" data-attachment-id=\"2662\" data-orig-file=\"https:\/\/krakow.wordcamp.org\/2015\/files\/2015\/07\/webroad-horizontal.png\" data-orig-size=\"1200,400\" data-comments-opened=\"1\" data-image-meta=\"{&quot;aperture&quot;:&quot;0&quot;,&quot;credit&quot;:&quot;&quot;,&quot;camera&quot;:&quot;&quot;,&quot;caption&quot;:&quot;&quot;,&quot;created_timestamp&quot;:&quot;0&quot;,&quot;copyright&quot;:&quot;&quot;,&quot;focal_length&quot;:&quot;0&quot;,&quot;iso&quot;:&quot;0&quot;,&quot;shutter_speed&quot;:&quot;0&quot;,&quot;title&quot;:&quot;&quot;,&quot;orientation&quot;:&quot;0&quot;}\" data-image-title=\"webroad-horizontal\" data-image-description=\"\" data-medium-file=\"https:\/\/i0.wp.com\/krakow.wordcamp.org\/2015\/files\/2015\/07\/webroad-horizontal.png?fit=300%2C100&#038;ssl=1\" data-large-file=\"https:\/\/i0.wp.com\/krakow.wordcamp.org\/2015\/files\/2015\/07\/webroad-horizontal.png?fit=850%2C283&#038;ssl=1\" src=\"https:\/\/i0.wp.com\/krakow.wordcamp.org\/2015\/files\/2015\/07\/webroad-horizontal.png?w=229&#038;h=76&#038;ssl=1\" srcset=\"https:\/\/i0.wp.com\/krakow.wordcamp.org\/2015\/files\/2015\/07\/webroad-horizontal.png?w=1200&amp;ssl=1 1200w, https:\/\/i0.wp.com\/krakow.wordcamp.org\/2015\/files\/2015\/07\/webroad-horizontal.png?resize=300%2C100&amp;ssl=1 300w, https:\/\/i0.wp.com\/krakow.wordcamp.org\/2015\/files\/2015\/07\/webroad-horizontal.png?resize=850%2C283&amp;ssl=1 850w, https:\/\/i0.wp.com\/krakow.wordcamp.org\/2015\/files\/2015\/07\/webroad-horizontal.png?resize=500%2C167&amp;ssl=1 500w\" width=\"229\" height=\"76\" loading=\"lazy\" data-original-width=\"229\" data-original-height=\"76\" itemprop=\"http:\/\/schema.org\/image\" title=\"webroad-horizontal\" alt=\"webroad-horizontal\" style=\"width: 229px; height: 76px;\" \/> <\/div> <div class=\"tiled-gallery-item tiled-gallery-item-small\" itemprop=\"associatedMedia\" itemscope itemtype=\"http:\/\/schema.org\/ImageObject\"> <meta itemprop=\"width\" content=\"229\"> <meta itemprop=\"height\" content=\"83\"> <img decoding=\"async\" class=\"\" data-attachment-id=\"1256\" data-orig-file=\"https:\/\/krakow.wordcamp.org\/2015\/files\/2015\/07\/dailyweb_acc.png\" data-orig-size=\"500,181\" data-comments-opened=\"1\" data-image-meta=\"{&quot;aperture&quot;:&quot;0&quot;,&quot;credit&quot;:&quot;&quot;,&quot;camera&quot;:&quot;&quot;,&quot;caption&quot;:&quot;&quot;,&quot;created_timestamp&quot;:&quot;0&quot;,&quot;copyright&quot;:&quot;&quot;,&quot;focal_length&quot;:&quot;0&quot;,&quot;iso&quot;:&quot;0&quot;,&quot;shutter_speed&quot;:&quot;0&quot;,&quot;title&quot;:&quot;&quot;,&quot;orientation&quot;:&quot;0&quot;}\" data-image-title=\"DailyWeb.pl\" data-image-description=\"\" data-medium-file=\"https:\/\/i0.wp.com\/krakow.wordcamp.org\/2015\/files\/2015\/07\/dailyweb_acc.png?fit=300%2C109&#038;ssl=1\" data-large-file=\"https:\/\/i0.wp.com\/krakow.wordcamp.org\/2015\/files\/2015\/07\/dailyweb_acc.png?fit=500%2C181&#038;ssl=1\" src=\"https:\/\/i0.wp.com\/krakow.wordcamp.org\/2015\/files\/2015\/07\/dailyweb_acc.png?w=229&#038;h=83&#038;ssl=1\" srcset=\"https:\/\/i0.wp.com\/krakow.wordcamp.org\/2015\/files\/2015\/07\/dailyweb_acc.png?w=500&amp;ssl=1 500w, https:\/\/i0.wp.com\/krakow.wordcamp.org\/2015\/files\/2015\/07\/dailyweb_acc.png?resize=300%2C109&amp;ssl=1 300w\" width=\"229\" height=\"83\" loading=\"lazy\" data-original-width=\"229\" data-original-height=\"83\" itemprop=\"http:\/\/schema.org\/image\" title=\"DailyWeb.pl\" alt=\"DailyWeb.pl\" style=\"width: 229px; height: 83px;\" \/> <\/div> <\/div> <!-- close group --> <div class=\"gallery-group images-2\" style=\"width: 250px; height: 243px;\" data-original-width=\"250\" data-original-height=\"243\" > <div class=\"tiled-gallery-item tiled-gallery-item-small\" itemprop=\"associatedMedia\" itemscope itemtype=\"http:\/\/schema.org\/ImageObject\"> <meta itemprop=\"width\" content=\"246\"> <meta itemprop=\"height\" content=\"78\"> <img decoding=\"async\" class=\"\" data-attachment-id=\"1284\" data-orig-file=\"https:\/\/krakow.wordcamp.org\/2015\/files\/2015\/07\/crossweb-logo-bez-tla1.png\" data-orig-size=\"690,217\" data-comments-opened=\"1\" data-image-meta=\"{&quot;aperture&quot;:&quot;0&quot;,&quot;credit&quot;:&quot;&quot;,&quot;camera&quot;:&quot;&quot;,&quot;caption&quot;:&quot;&quot;,&quot;created_timestamp&quot;:&quot;0&quot;,&quot;copyright&quot;:&quot;&quot;,&quot;focal_length&quot;:&quot;0&quot;,&quot;iso&quot;:&quot;0&quot;,&quot;shutter_speed&quot;:&quot;0&quot;,&quot;title&quot;:&quot;&quot;,&quot;orientation&quot;:&quot;0&quot;}\" data-image-title=\"crossweb-logo-bez-tla\" data-image-description=\"\" data-medium-file=\"https:\/\/i0.wp.com\/krakow.wordcamp.org\/2015\/files\/2015\/07\/crossweb-logo-bez-tla1.png?fit=300%2C94&#038;ssl=1\" data-large-file=\"https:\/\/i0.wp.com\/krakow.wordcamp.org\/2015\/files\/2015\/07\/crossweb-logo-bez-tla1.png?fit=690%2C217&#038;ssl=1\" src=\"https:\/\/i0.wp.com\/krakow.wordcamp.org\/2015\/files\/2015\/07\/crossweb-logo-bez-tla1.png?w=246&#038;h=78&#038;ssl=1\" srcset=\"https:\/\/i0.wp.com\/krakow.wordcamp.org\/2015\/files\/2015\/07\/crossweb-logo-bez-tla1.png?w=690&amp;ssl=1 690w, https:\/\/i0.wp.com\/krakow.wordcamp.org\/2015\/files\/2015\/07\/crossweb-logo-bez-tla1.png?resize=300%2C94&amp;ssl=1 300w, https:\/\/i0.wp.com\/krakow.wordcamp.org\/2015\/files\/2015\/07\/crossweb-logo-bez-tla1.png?resize=500%2C157&amp;ssl=1 500w, https:\/\/i0.wp.com\/krakow.wordcamp.org\/2015\/files\/2015\/07\/crossweb-logo-bez-tla1.png?resize=672%2C217&amp;ssl=1 672w\" width=\"246\" height=\"78\" loading=\"lazy\" data-original-width=\"246\" data-original-height=\"78\" itemprop=\"http:\/\/schema.org\/image\" title=\"crossweb-logo-bez-tla\" alt=\"crossweb-logo-bez-tla\" style=\"width: 246px; height: 78px;\" \/> <\/div> <div class=\"tiled-gallery-item tiled-gallery-item-small\" itemprop=\"associatedMedia\" itemscope itemtype=\"http:\/\/schema.org\/ImageObject\"> <meta itemprop=\"width\" content=\"246\"> <meta itemprop=\"height\" content=\"157\"> <img decoding=\"async\" class=\"\" data-attachment-id=\"2776\" data-orig-file=\"https:\/\/krakow.wordcamp.org\/2015\/files\/2015\/07\/edge.png\" data-orig-size=\"1000,638\" data-comments-opened=\"1\" data-image-meta=\"{&quot;aperture&quot;:&quot;0&quot;,&quot;credit&quot;:&quot;&quot;,&quot;camera&quot;:&quot;&quot;,&quot;caption&quot;:&quot;&quot;,&quot;created_timestamp&quot;:&quot;0&quot;,&quot;copyright&quot;:&quot;&quot;,&quot;focal_length&quot;:&quot;0&quot;,&quot;iso&quot;:&quot;0&quot;,&quot;shutter_speed&quot;:&quot;0&quot;,&quot;title&quot;:&quot;&quot;,&quot;orientation&quot;:&quot;0&quot;}\" data-image-title=\"edge\" data-image-description=\"\" data-medium-file=\"https:\/\/i0.wp.com\/krakow.wordcamp.org\/2015\/files\/2015\/07\/edge.png?fit=300%2C191&#038;ssl=1\" data-large-file=\"https:\/\/i0.wp.com\/krakow.wordcamp.org\/2015\/files\/2015\/07\/edge.png?fit=850%2C542&#038;ssl=1\" src=\"https:\/\/i0.wp.com\/krakow.wordcamp.org\/2015\/files\/2015\/07\/edge.png?w=246&#038;h=157&#038;ssl=1\" srcset=\"https:\/\/i0.wp.com\/krakow.wordcamp.org\/2015\/files\/2015\/07\/edge.png?w=1000&amp;ssl=1 1000w, https:\/\/i0.wp.com\/krakow.wordcamp.org\/2015\/files\/2015\/07\/edge.png?resize=300%2C191&amp;ssl=1 300w, https:\/\/i0.wp.com\/krakow.wordcamp.org\/2015\/files\/2015\/07\/edge.png?resize=850%2C542&amp;ssl=1 850w, https:\/\/i0.wp.com\/krakow.wordcamp.org\/2015\/files\/2015\/07\/edge.png?resize=470%2C300&amp;ssl=1 470w\" width=\"246\" height=\"157\" loading=\"lazy\" data-original-width=\"246\" data-original-height=\"157\" itemprop=\"http:\/\/schema.org\/image\" title=\"edge\" alt=\"edge\" style=\"width: 246px; height: 157px;\" \/> <\/div> <\/div> <!-- close group --> <div class=\"gallery-group images-2\" style=\"width: 367px; height: 243px;\" data-original-width=\"367\" data-original-height=\"243\" > <div class=\"tiled-gallery-item tiled-gallery-item-large\" itemprop=\"associatedMedia\" itemscope itemtype=\"http:\/\/schema.org\/ImageObject\"> <meta itemprop=\"width\" content=\"363\"> <meta itemprop=\"height\" content=\"121\"> <img decoding=\"async\" class=\"\" data-attachment-id=\"1259\" data-orig-file=\"https:\/\/krakow.wordcamp.org\/2015\/files\/2015\/07\/spotkania-it1.png\" data-orig-size=\"578,193\" data-comments-opened=\"1\" data-image-meta=\"{&quot;aperture&quot;:&quot;0&quot;,&quot;credit&quot;:&quot;&quot;,&quot;camera&quot;:&quot;&quot;,&quot;caption&quot;:&quot;&quot;,&quot;created_timestamp&quot;:&quot;0&quot;,&quot;copyright&quot;:&quot;&quot;,&quot;focal_length&quot;:&quot;0&quot;,&quot;iso&quot;:&quot;0&quot;,&quot;shutter_speed&quot;:&quot;0&quot;,&quot;title&quot;:&quot;&quot;,&quot;orientation&quot;:&quot;0&quot;}\" data-image-title=\"spotkania-it.pl\" data-image-description=\"\" data-medium-file=\"https:\/\/i0.wp.com\/krakow.wordcamp.org\/2015\/files\/2015\/07\/spotkania-it1.png?fit=300%2C100&#038;ssl=1\" data-large-file=\"https:\/\/i0.wp.com\/krakow.wordcamp.org\/2015\/files\/2015\/07\/spotkania-it1.png?fit=578%2C193&#038;ssl=1\" src=\"https:\/\/i0.wp.com\/krakow.wordcamp.org\/2015\/files\/2015\/07\/spotkania-it1.png?w=363&#038;h=121&#038;ssl=1\" srcset=\"https:\/\/i0.wp.com\/krakow.wordcamp.org\/2015\/files\/2015\/07\/spotkania-it1.png?w=578&amp;ssl=1 578w, https:\/\/i0.wp.com\/krakow.wordcamp.org\/2015\/files\/2015\/07\/spotkania-it1.png?resize=300%2C100&amp;ssl=1 300w, https:\/\/i0.wp.com\/krakow.wordcamp.org\/2015\/files\/2015\/07\/spotkania-it1.png?resize=500%2C167&amp;ssl=1 500w\" width=\"363\" height=\"121\" loading=\"lazy\" data-original-width=\"363\" data-original-height=\"121\" itemprop=\"http:\/\/schema.org\/image\" title=\"spotkania-it.pl\" alt=\"spotkania-it.pl\" style=\"width: 363px; height: 121px;\" \/> <\/div> <div class=\"tiled-gallery-item tiled-gallery-item-large\" itemprop=\"associatedMedia\" itemscope itemtype=\"http:\/\/schema.org\/ImageObject\"> <meta itemprop=\"width\" content=\"363\"> <meta itemprop=\"height\" content=\"114\"> <img decoding=\"async\" class=\"\" data-attachment-id=\"2375\" data-orig-file=\"https:\/\/krakow.wordcamp.org\/2015\/files\/2015\/07\/vipwakat.png\" data-orig-size=\"700,219\" data-comments-opened=\"1\" data-image-meta=\"{&quot;aperture&quot;:&quot;0&quot;,&quot;credit&quot;:&quot;&quot;,&quot;camera&quot;:&quot;&quot;,&quot;caption&quot;:&quot;&quot;,&quot;created_timestamp&quot;:&quot;0&quot;,&quot;copyright&quot;:&quot;&quot;,&quot;focal_length&quot;:&quot;0&quot;,&quot;iso&quot;:&quot;0&quot;,&quot;shutter_speed&quot;:&quot;0&quot;,&quot;title&quot;:&quot;&quot;,&quot;orientation&quot;:&quot;0&quot;}\" data-image-title=\"vipwakat\" data-image-description=\"\" data-medium-file=\"https:\/\/i0.wp.com\/krakow.wordcamp.org\/2015\/files\/2015\/07\/vipwakat.png?fit=300%2C94&#038;ssl=1\" data-large-file=\"https:\/\/i0.wp.com\/krakow.wordcamp.org\/2015\/files\/2015\/07\/vipwakat.png?fit=700%2C219&#038;ssl=1\" src=\"https:\/\/i0.wp.com\/krakow.wordcamp.org\/2015\/files\/2015\/07\/vipwakat.png?w=363&#038;h=114&#038;ssl=1\" srcset=\"https:\/\/i0.wp.com\/krakow.wordcamp.org\/2015\/files\/2015\/07\/vipwakat.png?w=700&amp;ssl=1 700w, https:\/\/i0.wp.com\/krakow.wordcamp.org\/2015\/files\/2015\/07\/vipwakat.png?resize=300%2C94&amp;ssl=1 300w, https:\/\/i0.wp.com\/krakow.wordcamp.org\/2015\/files\/2015\/07\/vipwakat.png?resize=500%2C156&amp;ssl=1 500w\" width=\"363\" height=\"114\" loading=\"lazy\" data-original-width=\"363\" data-original-height=\"114\" itemprop=\"http:\/\/schema.org\/image\" title=\"vipwakat\" alt=\"vipwakat\" style=\"width: 363px; height: 114px;\" \/> <\/div> <\/div> <!-- close group --> <\/div> <!-- close row --> <\/div>\n<p><a href=\"http:\/\/dailyweb.pl\/\">http:\/\/dailyweb.pl\/<\/a><br \/>\n<a href=\"http:\/\/spotkania-it.pl\/\">http:\/\/spotkania-it.pl\/<\/a><br \/>\n<a href=\"http:\/\/crossweb.pl\/\">http:\/\/crossweb.pl\/<\/a><br \/>\n<a href=\"http:\/\/vipwakat.pl\/\">http:\/\/vipwakat.pl\/<\/a><br \/>\n<a href=\"http:\/\/webroad.pl\/\">http:\/\/webroad.pl\/<\/a><br \/>\n<a href=\"http:\/\/edge.com.pl\/\">http:\/\/edge.com.pl<\/a><br \/>\n<a href=\"http:\/\/osworld.pl\/\">http:\/\/osworld.pl<\/a><\/p>\n","protected":false},"excerpt":{"rendered":"<p>Prowadzisz serwis informuj\u0105cy o wartych uwagi wydarzeniach zwi\u0105zanych z internetem i WordPressem? Ch\u0119tnie nawi\u0105\u017cemy z Tob\u0105 wsp\u00f3\u0142prac\u0119 w postaci patronatu medialnego! Informuj o naszej konferencji na bie\u017c\u0105co w swoim serwisie a w zamian zagwarantujemy Ci: link na tej oto stronie logo do Twojego serwisu umieszczone zar\u00f3wno tutaj jak i w broszurze konferencji wej\u015bci\u00f3wk\u0119 Standard na &hellip; <a href=\"https:\/\/krakow.wordcamp.org\/2015\/patronat-medialny\/\" class=\"more-link\">Czytaj dalej <span class=\"screen-reader-text\">Patronat Medialny<\/span> <span class=\"meta-nav\">&rarr;<\/span><\/a><\/p>\n","protected":false},"author":7315828,"featured_media":0,"parent":0,"menu_order":0,"comment_status":"open","ping_status":"open","template":"","meta":{"_crdt_document":"","footnotes":""},"class_list":["post-1253","page","type-page","status-publish","hentry"],"jetpack_sharing_enabled":true,"jetpack_shortlink":"https:\/\/wp.me\/P5BkXW-kd","_links":{"self":[{"href":"https:\/\/krakow.wordcamp.org\/2015\/wp-json\/wp\/v2\/pages\/1253","targetHints":{"allow":["GET"]}}],"collection":[{"href":"https:\/\/krakow.wordcamp.org\/2015\/wp-json\/wp\/v2\/pages"}],"about":[{"href":"https:\/\/krakow.wordcamp.org\/2015\/wp-json\/wp\/v2\/types\/page"}],"author":[{"embeddable":true,"href":"https:\/\/krakow.wordcamp.org\/2015\/wp-json\/wp\/v2\/users\/7315828"}],"replies":[{"embeddable":true,"href":"https:\/\/krakow.wordcamp.org\/2015\/wp-json\/wp\/v2\/comments?post=1253"}],"version-history":[{"count":13,"href":"https:\/\/krakow.wordcamp.org\/2015\/wp-json\/wp\/v2\/pages\/1253\/revisions"}],"predecessor-version":[{"id":1255,"href":"https:\/\/krakow.wordcamp.org\/2015\/wp-json\/wp\/v2\/pages\/1253\/revisions\/1255"}],"wp:attachment":[{"href":"https:\/\/krakow.wordcamp.org\/2015\/wp-json\/wp\/v2\/media?parent=1253"}],"curies":[{"name":"wp","href":"https:\/\/api.w.org\/{rel}","templated":true}]}}