{"id":333,"date":"2015-04-28T20:08:17","date_gmt":"2015-04-28T20:08:17","guid":{"rendered":"https:\/\/2015.krakow.wordcamp.org\/?page_id=333"},"modified":"2015-09-07T10:48:06","modified_gmt":"2015-09-07T08:48:06","slug":"faq-prelegenta","status":"publish","type":"page","link":"https:\/\/krakow.wordcamp.org\/2015\/faq-prelegenta\/","title":{"rendered":"FAQ Prelegenta"},"content":{"rendered":"<h2><\/h2>\n<p style=\"text-align: center\">Przygotowali\u015bmy specjalne FBCovery dla Uczestnik\u00f3w Konferencji WordCamp Polska 2015.<a href=\"https:\/\/2015.krakow.wordcamp.org\/faq-prelegenta\/fbcover_prelegent\/\" rel=\"attachment wp-att-2392\"><br \/>\nCz\u0119stujcie si\u0119!<\/a><a href=\"https:\/\/i0.wp.com\/2015.krakow.wordcamp.org\/files\/2015\/04\/fbcover_prelegent.jpg?ssl=1\" rel=\"attachment wp-att-2392\"><img data-recalc-dims=\"1\" loading=\"lazy\" decoding=\"async\" data-attachment-id=\"2392\" data-permalink=\"https:\/\/krakow.wordcamp.org\/2015\/faq-prelegenta\/fbcover_prelegent\/\" data-orig-file=\"https:\/\/i0.wp.com\/krakow.wordcamp.org\/2015\/files\/2015\/04\/fbcover_prelegent.jpg?fit=851%2C339&amp;ssl=1\" data-orig-size=\"851,339\" data-comments-opened=\"1\" data-image-meta=\"{&quot;aperture&quot;:&quot;0&quot;,&quot;credit&quot;:&quot;&quot;,&quot;camera&quot;:&quot;&quot;,&quot;caption&quot;:&quot;&quot;,&quot;created_timestamp&quot;:&quot;0&quot;,&quot;copyright&quot;:&quot;&quot;,&quot;focal_length&quot;:&quot;0&quot;,&quot;iso&quot;:&quot;0&quot;,&quot;shutter_speed&quot;:&quot;0&quot;,&quot;title&quot;:&quot;&quot;,&quot;orientation&quot;:&quot;0&quot;}\" data-image-title=\"fbcover_prelegent\" data-image-description=\"\" data-image-caption=\"\" data-medium-file=\"https:\/\/i0.wp.com\/krakow.wordcamp.org\/2015\/files\/2015\/04\/fbcover_prelegent.jpg?fit=300%2C120&amp;ssl=1\" data-large-file=\"https:\/\/i0.wp.com\/krakow.wordcamp.org\/2015\/files\/2015\/04\/fbcover_prelegent.jpg?fit=850%2C339&amp;ssl=1\" class=\"aligncenter wp-image-2392 size-medium\" src=\"https:\/\/i0.wp.com\/2015.krakow.wordcamp.org\/files\/2015\/04\/fbcover_prelegent-300x120.jpg?resize=300%2C120&#038;ssl=1\" alt=\"fbcover_prelegent\" width=\"300\" height=\"120\" srcset=\"https:\/\/i0.wp.com\/krakow.wordcamp.org\/2015\/files\/2015\/04\/fbcover_prelegent.jpg?resize=300%2C120&amp;ssl=1 300w, https:\/\/i0.wp.com\/krakow.wordcamp.org\/2015\/files\/2015\/04\/fbcover_prelegent.jpg?resize=850%2C339&amp;ssl=1 850w, https:\/\/i0.wp.com\/krakow.wordcamp.org\/2015\/files\/2015\/04\/fbcover_prelegent.jpg?resize=500%2C199&amp;ssl=1 500w, https:\/\/i0.wp.com\/krakow.wordcamp.org\/2015\/files\/2015\/04\/fbcover_prelegent.jpg?w=851&amp;ssl=1 851w\" sizes=\"auto, (max-width: 300px) 100vw, 300px\" \/><\/a><\/p>\n<h2>Informacje techniczne<\/h2>\n<hr \/>\n<h2><\/h2>\n<dl>\n<dt>\n<h3>Czy musz\u0119 mie\u0107 ze sob\u0105 sw\u00f3j komputer do pokazania prezentacji?<\/h3>\n<\/dt>\n<dd>Nie jest to wymagane, cho\u0107 najlepiej prezentacje pokazywa\u0107 na swoim sprz\u0119cie &#8211; szczeg\u00f3lnie gdy jest ona w niestandardowej formie. Z naszej strony zapewnimy dost\u0119p do komputer\u00f3w z systemami OS X oraz Windows i programami Keynote, Power Point oraz przegl\u0105dark\u0105 PDF. W\u0142asny komputer jest szczeg\u00f3lnie zalecany gdy prezentacja wykorzystuje materia\u0142y multimedialne lub ma by\u0107 odtwarzana w przegl\u0105darce internetowej.<\/dd>\n<dt>\n<h3>Jakie porty ma projektor dost\u0119pny na sali?<\/h3>\n<\/dt>\n<dd>Dsub15 x 1; DVI-D (w\/ HDCP) x 1; HDMI\u00ae x 1;<\/dd>\n<dt>\n<h3>Jaka jest rekomendowana rozdzielczo\u015b\u0107 prezentacji?<\/h3>\n<\/dt>\n<dd>Obie sale wyposa\u017cone s\u0105 w ekrany o wymiarach 3,00 x 5,30 m (przek\u0105tna ekranu ok. 240 cali). Wykorzystywane s\u0105 projektory EIKI LC-HDT1.000 o jasno\u015bci 10.000 ANSI lumen\u00f3w w technologii 3LCD o natywnej rozdzielczo\u015bci 2K (2048&#215;1080). Oczywi\u015bcie materia\u0142y FullHD, zar\u00f3wno video jak i grafiki s\u0105 r\u00f3wnie\u017c w pe\u0142ni akceptowalne. Nale\u017cy pami\u0119ta\u0107, \u017ce nie wszystkie laptopy mog\u0105 obs\u0142ugiwa\u0107 rozdzielczo\u015b\u0107 2K na wyj\u015bciu.<\/dd>\n<dt>\n<h3>W jaki spos\u00f3b b\u0119dzie realizowane nag\u0142o\u015bnienie?<\/h3>\n<\/dt>\n<dd>Prelegenci b\u0119d\u0105 korzysta\u0107 z mikroport\u00f3w.<\/dd>\n<dt>\n<h3>Czy istnieje mo\u017cliwo\u015b\u0107 podpi\u0119cia si\u0119 pod nag\u0142o\u015bnienie sali ze swojego komputera?<\/h3>\n<\/dt>\n<dd>Fizycznie jest to mo\u017cliwe, jednak mo\u017ce wymaga\u0107 uprzedniej konsultacji z obs\u0142ug\u0105 akustyczn\u0105 sali.<\/dd>\n<\/dl>\n<h2>Dekalog prelegenta:<\/h2>\n<ol>\n<li>W zg\u0142oszeniu ch\u0119ci wyg\u0142oszenia prelekcji zawrzyj: Temat wyst\u0105pienia, zakres tematyczny, abstrakt (do 200 s\u0142\u00f3w opisu nt. zakresu zg\u0142aszanej prezentacji), imi\u0119 i nazwisko prelegenta(\u00f3w), kr\u00f3tk\u0105 notk\u0119 biograficzn\u0105 prelegenta(\u00f3w), zdj\u0119cie prelegenta(\u00f3w).<\/li>\n<li>Prezentacja nie mo\u017ce skupia\u0107 si\u0119 na Twoim produkcie\/us\u0142udze\/firmie, nasi uczestnicy nie lubi\u0105 papki marketingowej<\/li>\n<li>Przeka\u017c praktyczn\u0105 wiedz\u0119, kt\u00f3r\u0105 zdoby\u0142e\u015b podczas pracy nad swoim projektem &#8211; bardzo cenimy takie informacje<\/li>\n<li>Nie przesadzaj z ilo\u015bci\u0105 slajd\u00f3w. Wystarczy 15, ka\u017cdy z kr\u00f3tkim tytu\u0142em ew grafik\u0105<\/li>\n<li>Masz 15 lub 30 minut na zaprezentowanie swojego tematu. To wcale nie jest kr\u00f3tko, ale nie b\u00f3j si\u0119 &#8211; nie jest te\u017c d\u0142ugo<\/li>\n<li>Po prezentacji dajemy g\u0142os uczestnikom, kt\u00f3rzy mog\u0105 zada\u0107 Ci dowolne pytanie<\/li>\n<li>Prezentacj\u0119 zapisz w formacie PowerPoint lub PDF je\u017celi chcesz aby\u015bmy mogli j\u0105 odtworzy\u0107 z naszych maszyn, ale mo\u017cesz r\u00f3wnie\u017c\u00a0prezentowa\u0107 ze swojego komputera<\/li>\n<li>T\u0142o prezentacji najlepiej zrobi\u0107 bia\u0142e, a czcionk\u0119 czarn\u0105 &#8211; projektory bywaj\u0105 bezlitosne<\/li>\n<li>M\u00f3w zawsze do rzeczy i do ludzi \ud83d\ude42<\/li>\n<li>Stres jest niepotrzebny, wyluzuj &#8211; ciep\u0142o Ci\u0119 przyjmiemy \ud83d\ude42<\/li>\n<\/ol>\n<p>A poza tym, <a href=\"https:\/\/www.ted.com\/talks\/julian_treasure_how_to_speak_so_that_people_want_to_listen?language=pl\">obejrzyj porady Juliana<\/a>:<\/p>\n<iframe loading=\"lazy\" title=\"Julian Treasure: How to speak so that people want to listen\" src=\"https:\/\/embed.ted.com\/talks\/julian_treasure_how_to_speak_so_that_people_want_to_listen\" sandbox=\"allow-popups allow-scripts allow-same-origin\" width=\"850\" height=\"478\" frameborder=\"0\" scrolling=\"no\" webkitAllowFullScreen mozallowfullscreen allowFullScreen><\/iframe>\n","protected":false},"excerpt":{"rendered":"<p>Przygotowali\u015bmy specjalne FBCovery dla Uczestnik\u00f3w Konferencji WordCamp Polska 2015. Cz\u0119stujcie si\u0119! Informacje techniczne Czy musz\u0119 mie\u0107 ze sob\u0105 sw\u00f3j komputer do pokazania prezentacji? Nie jest to wymagane, cho\u0107 najlepiej prezentacje pokazywa\u0107 na swoim sprz\u0119cie &#8211; szczeg\u00f3lnie gdy jest ona w niestandardowej formie. Z naszej strony zapewnimy dost\u0119p do komputer\u00f3w z systemami OS X oraz Windows &hellip; <a href=\"https:\/\/krakow.wordcamp.org\/2015\/faq-prelegenta\/\" class=\"more-link\">Czytaj dalej <span class=\"screen-reader-text\">FAQ Prelegenta<\/span> <span class=\"meta-nav\">&rarr;<\/span><\/a><\/p>\n","protected":false},"author":7315828,"featured_media":282,"parent":0,"menu_order":0,"comment_status":"closed","ping_status":"closed","template":"","meta":{"jetpack_post_was_ever_published":false,"footnotes":""},"class_list":["post-333","page","type-page","status-publish","has-post-thumbnail","hentry"],"jetpack_sharing_enabled":true,"jetpack_shortlink":"https:\/\/wp.me\/P5BkXW-5n","_links":{"self":[{"href":"https:\/\/krakow.wordcamp.org\/2015\/wp-json\/wp\/v2\/pages\/333","targetHints":{"allow":["GET"]}}],"collection":[{"href":"https:\/\/krakow.wordcamp.org\/2015\/wp-json\/wp\/v2\/pages"}],"about":[{"href":"https:\/\/krakow.wordcamp.org\/2015\/wp-json\/wp\/v2\/types\/page"}],"author":[{"embeddable":true,"href":"https:\/\/krakow.wordcamp.org\/2015\/wp-json\/wp\/v2\/users\/7315828"}],"replies":[{"embeddable":true,"href":"https:\/\/krakow.wordcamp.org\/2015\/wp-json\/wp\/v2\/comments?post=333"}],"version-history":[{"count":16,"href":"https:\/\/krakow.wordcamp.org\/2015\/wp-json\/wp\/v2\/pages\/333\/revisions"}],"predecessor-version":[{"id":2967,"href":"https:\/\/krakow.wordcamp.org\/2015\/wp-json\/wp\/v2\/pages\/333\/revisions\/2967"}],"wp:featuredmedia":[{"embeddable":true,"href":"https:\/\/krakow.wordcamp.org\/2015\/wp-json\/wp\/v2\/media\/282"}],"wp:attachment":[{"href":"https:\/\/krakow.wordcamp.org\/2015\/wp-json\/wp\/v2\/media?parent=333"}],"curies":[{"name":"wp","href":"https:\/\/api.w.org\/{rel}","templated":true}]}}