{"id":622,"date":"2015-05-06T09:12:05","date_gmt":"2015-05-06T07:12:05","guid":{"rendered":"https:\/\/2015.krakow.wordcamp.org\/?page_id=622"},"modified":"2015-09-09T17:24:53","modified_gmt":"2015-09-09T15:24:53","slug":"faq","status":"publish","type":"page","link":"https:\/\/krakow.wordcamp.org\/2015\/uczestnicy\/faq\/","title":{"rendered":"FAQ Uczestnika"},"content":{"rendered":"<p style=\"text-align: center\"><strong>Przygotowali\u015bmy specjalne FBCovery dla Uczestnik\u00f3w Konferencji WordCamp Polska 2015.<br \/>\n<a href=\"https:\/\/2015.krakow.wordcamp.org\/files\/2015\/08\/fbcover_uczestnik.jpg\">Cz\u0119stujcie si\u0119!<\/a><\/strong><\/p>\n<p><a href=\"https:\/\/i0.wp.com\/2015.krakow.wordcamp.org\/files\/2015\/08\/fbcover_uczestnik.jpg?ssl=1\" rel=\"attachment wp-att-2386\"><img data-recalc-dims=\"1\" loading=\"lazy\" decoding=\"async\" data-attachment-id=\"2386\" data-permalink=\"https:\/\/krakow.wordcamp.org\/2015\/bedziesz-z-nami-na-wordcamp\/fbcover_uczestnik\/\" data-orig-file=\"https:\/\/i0.wp.com\/krakow.wordcamp.org\/2015\/files\/2015\/08\/fbcover_uczestnik.jpg?fit=851%2C339&amp;ssl=1\" data-orig-size=\"851,339\" data-comments-opened=\"1\" data-image-meta=\"{&quot;aperture&quot;:&quot;0&quot;,&quot;credit&quot;:&quot;&quot;,&quot;camera&quot;:&quot;&quot;,&quot;caption&quot;:&quot;&quot;,&quot;created_timestamp&quot;:&quot;0&quot;,&quot;copyright&quot;:&quot;&quot;,&quot;focal_length&quot;:&quot;0&quot;,&quot;iso&quot;:&quot;0&quot;,&quot;shutter_speed&quot;:&quot;0&quot;,&quot;title&quot;:&quot;&quot;,&quot;orientation&quot;:&quot;0&quot;}\" data-image-title=\"fbcover_uczestnik\" data-image-description=\"\" data-image-caption=\"\" data-medium-file=\"https:\/\/i0.wp.com\/krakow.wordcamp.org\/2015\/files\/2015\/08\/fbcover_uczestnik.jpg?fit=300%2C120&amp;ssl=1\" data-large-file=\"https:\/\/i0.wp.com\/krakow.wordcamp.org\/2015\/files\/2015\/08\/fbcover_uczestnik.jpg?fit=850%2C339&amp;ssl=1\" class=\" wp-image-2386 size-medium aligncenter\" src=\"https:\/\/i0.wp.com\/2015.krakow.wordcamp.org\/files\/2015\/08\/fbcover_uczestnik-300x120.jpg?resize=300%2C120&#038;ssl=1\" alt=\"fbcover_uczestnik\" width=\"300\" height=\"120\" srcset=\"https:\/\/i0.wp.com\/krakow.wordcamp.org\/2015\/files\/2015\/08\/fbcover_uczestnik.jpg?resize=300%2C120&amp;ssl=1 300w, https:\/\/i0.wp.com\/krakow.wordcamp.org\/2015\/files\/2015\/08\/fbcover_uczestnik.jpg?resize=850%2C339&amp;ssl=1 850w, https:\/\/i0.wp.com\/krakow.wordcamp.org\/2015\/files\/2015\/08\/fbcover_uczestnik.jpg?resize=500%2C199&amp;ssl=1 500w, https:\/\/i0.wp.com\/krakow.wordcamp.org\/2015\/files\/2015\/08\/fbcover_uczestnik.jpg?w=851&amp;ssl=1 851w\" sizes=\"auto, (max-width: 300px) 100vw, 300px\" \/><\/a><\/p>\n<ol>\n<li><a href=\"#dojazdpkp\">Dojazd z Dworca PKP i MDA<\/a><\/li>\n<li><a href=\"#wejscie\">Wej\u015bcie na teren konferencji<\/a><\/li>\n<li><a href=\"#lotnisko\">Dojazd z lotniska<\/a><\/li>\n<li><a href=\"#miejscaparkingowe\">Miejsca parkingowe w ICE<\/a><\/li>\n<li><a href=\"#miejscaparkingowepozaice\">Miejsca parkingowe poza ICE<\/a><\/li>\n<li><a href=\"#dojazdsamochodem\">Dojazd samochodem<\/a><\/li>\n<li><a href=\"#strefyparkowania\">Strefy p\u0142atnego parkowania<\/a><\/li>\n<li><a href=\"#noclegi\">Noclegi<\/a><\/li>\n<li><a href=\"#language\">J\u0119zyk\/Language<\/a><\/li>\n<\/ol>\n<h2 id=\"dojazdpkp\">Dojazd z Dworca PKP i\u00a0MDA (Ma\u0142opolski Dworzec Autobusowy)<\/h2>\n<p>Bezpo\u015bredni dojazd z dworc\u00f3w PKP i MDA jest mo\u017cliwy tramwajami 52 i 18. \u00a0Przystanek startowy to <strong>Dworzec G\u0142\u00f3wny<\/strong> a ko\u0144cowy: <strong>Centrum Kongresowe<\/strong>.<\/p>\n<p><a class=\"btn btn-lg btn-info\" href=\"http:\/\/jakdojade.pl?fn=Dworzec+G%C5%82%C3%B3wny&amp;fs=Dworzec+G%C5%82%C3%B3wny&amp;fc=50.06437:19.94502&amp;tn=Centrum+Kongresowe&amp;ts=Centrum+Kongresowe&amp;tc=50.04859:19.93128&amp;ia=false&amp;t=0&amp;n=1&amp;ri=0&amp;cid=5000&amp;as=true\" target=\"_blank\">Sprawd\u017a aktualny rozk\u0142ad jazdy<\/a><\/p>\n<figure id=\"attachment_623\" aria-describedby=\"caption-attachment-623\" style=\"width: 819px\" class=\"wp-caption aligncenter\"><img data-recalc-dims=\"1\" loading=\"lazy\" decoding=\"async\" data-attachment-id=\"623\" data-permalink=\"https:\/\/krakow.wordcamp.org\/2015\/uczestnicy\/faq\/2015-05-06_0904\/\" data-orig-file=\"https:\/\/i0.wp.com\/krakow.wordcamp.org\/2015\/files\/2015\/05\/2015-05-06_0904.png?fit=819%2C771&amp;ssl=1\" data-orig-size=\"819,771\" data-comments-opened=\"1\" data-image-meta=\"{&quot;aperture&quot;:&quot;0&quot;,&quot;credit&quot;:&quot;&quot;,&quot;camera&quot;:&quot;&quot;,&quot;caption&quot;:&quot;&quot;,&quot;created_timestamp&quot;:&quot;0&quot;,&quot;copyright&quot;:&quot;&quot;,&quot;focal_length&quot;:&quot;0&quot;,&quot;iso&quot;:&quot;0&quot;,&quot;shutter_speed&quot;:&quot;0&quot;,&quot;title&quot;:&quot;&quot;,&quot;orientation&quot;:&quot;0&quot;}\" data-image-title=\"2015-05-06_0904\" data-image-description=\"\" data-image-caption=\"\" data-medium-file=\"https:\/\/i0.wp.com\/krakow.wordcamp.org\/2015\/files\/2015\/05\/2015-05-06_0904.png?fit=300%2C282&amp;ssl=1\" data-large-file=\"https:\/\/i0.wp.com\/krakow.wordcamp.org\/2015\/files\/2015\/05\/2015-05-06_0904.png?fit=819%2C771&amp;ssl=1\" class=\"wp-image-623 size-full\" src=\"https:\/\/i0.wp.com\/2015.krakow.wordcamp.org\/files\/2015\/05\/2015-05-06_0904.png?resize=819%2C771&#038;ssl=1\" alt=\"2015-05-06_0904\" width=\"819\" height=\"771\" srcset=\"https:\/\/i0.wp.com\/krakow.wordcamp.org\/2015\/files\/2015\/05\/2015-05-06_0904.png?w=819&amp;ssl=1 819w, https:\/\/i0.wp.com\/krakow.wordcamp.org\/2015\/files\/2015\/05\/2015-05-06_0904.png?resize=300%2C282&amp;ssl=1 300w, https:\/\/i0.wp.com\/krakow.wordcamp.org\/2015\/files\/2015\/05\/2015-05-06_0904.png?resize=319%2C300&amp;ssl=1 319w\" sizes=\"auto, (max-width: 819px) 100vw, 819px\" \/><figcaption id=\"caption-attachment-623\" class=\"wp-caption-text\">Przyk\u0142adowy przejaz tramwajem 18. Wsi\u0105\u015b\u0107 nale\u017cy od strony Krakowskich Plant na przystanku Dworzec G\u0142\u00f3wny.<\/figcaption><\/figure>\n<p>&nbsp;<\/p>\n<figure id=\"attachment_624\" aria-describedby=\"caption-attachment-624\" style=\"width: 850px\" class=\"wp-caption aligncenter\"><img data-recalc-dims=\"1\" loading=\"lazy\" decoding=\"async\" data-attachment-id=\"624\" data-permalink=\"https:\/\/krakow.wordcamp.org\/2015\/uczestnicy\/faq\/tramwaj52\/\" data-orig-file=\"https:\/\/i0.wp.com\/krakow.wordcamp.org\/2015\/files\/2015\/05\/tramwaj52.png?fit=944%2C839&amp;ssl=1\" data-orig-size=\"944,839\" data-comments-opened=\"1\" data-image-meta=\"{&quot;aperture&quot;:&quot;0&quot;,&quot;credit&quot;:&quot;&quot;,&quot;camera&quot;:&quot;&quot;,&quot;caption&quot;:&quot;&quot;,&quot;created_timestamp&quot;:&quot;0&quot;,&quot;copyright&quot;:&quot;&quot;,&quot;focal_length&quot;:&quot;0&quot;,&quot;iso&quot;:&quot;0&quot;,&quot;shutter_speed&quot;:&quot;0&quot;,&quot;title&quot;:&quot;&quot;,&quot;orientation&quot;:&quot;0&quot;}\" data-image-title=\"tramwaj52\" data-image-description=\"\" data-image-caption=\"&lt;p&gt;Trasa tramwaju 52 &amp;#8211; dojazd z Dworca G\u0142\u00f3wnego do Centrum Kongresowego&lt;\/p&gt;\n\" data-medium-file=\"https:\/\/i0.wp.com\/krakow.wordcamp.org\/2015\/files\/2015\/05\/tramwaj52.png?fit=300%2C267&amp;ssl=1\" data-large-file=\"https:\/\/i0.wp.com\/krakow.wordcamp.org\/2015\/files\/2015\/05\/tramwaj52.png?fit=850%2C755&amp;ssl=1\" class=\"wp-image-624 size-large\" src=\"https:\/\/i0.wp.com\/2015.krakow.wordcamp.org\/files\/2015\/05\/tramwaj52-850x755.png?resize=850%2C755&#038;ssl=1\" alt=\"Trasa tramwaju 52 - dojazd z Dworca G\u0142\u00f3wnego do Centrum Kongresowego\" width=\"850\" height=\"755\" srcset=\"https:\/\/i0.wp.com\/krakow.wordcamp.org\/2015\/files\/2015\/05\/tramwaj52.png?resize=850%2C755&amp;ssl=1 850w, https:\/\/i0.wp.com\/krakow.wordcamp.org\/2015\/files\/2015\/05\/tramwaj52.png?resize=300%2C267&amp;ssl=1 300w, https:\/\/i0.wp.com\/krakow.wordcamp.org\/2015\/files\/2015\/05\/tramwaj52.png?resize=338%2C300&amp;ssl=1 338w, https:\/\/i0.wp.com\/krakow.wordcamp.org\/2015\/files\/2015\/05\/tramwaj52.png?w=944&amp;ssl=1 944w\" sizes=\"auto, (max-width: 850px) 100vw, 850px\" \/><figcaption id=\"caption-attachment-624\" class=\"wp-caption-text\">Trasa tramwaju 52 &#8211; dojazd z Dworca G\u0142\u00f3wnego do Centrum Kongresowego<\/figcaption><\/figure>\n<p>&nbsp;<\/p>\n<h2 id=\"wejscie\">Trasa do wej\u015bcia konferencji<\/h2>\n<p>Wej\u015bcie na przestrze\u0144 konferencyjn\u0105 znajduje si\u0119 od strony ulicy Jana Bu\u0142haka &#8211; na przeciw hotelu Park Inn.<\/p>\n<figure id=\"attachment_627\" aria-describedby=\"caption-attachment-627\" style=\"width: 727px\" class=\"wp-caption aligncenter\"><img data-recalc-dims=\"1\" loading=\"lazy\" decoding=\"async\" data-attachment-id=\"627\" data-permalink=\"https:\/\/krakow.wordcamp.org\/2015\/uczestnicy\/faq\/tramwaj-centrum\/\" data-orig-file=\"https:\/\/i0.wp.com\/krakow.wordcamp.org\/2015\/files\/2015\/05\/tramwaj-centrum.png?fit=727%2C655&amp;ssl=1\" data-orig-size=\"727,655\" data-comments-opened=\"1\" data-image-meta=\"{&quot;aperture&quot;:&quot;0&quot;,&quot;credit&quot;:&quot;&quot;,&quot;camera&quot;:&quot;&quot;,&quot;caption&quot;:&quot;&quot;,&quot;created_timestamp&quot;:&quot;0&quot;,&quot;copyright&quot;:&quot;&quot;,&quot;focal_length&quot;:&quot;0&quot;,&quot;iso&quot;:&quot;0&quot;,&quot;shutter_speed&quot;:&quot;0&quot;,&quot;title&quot;:&quot;&quot;,&quot;orientation&quot;:&quot;0&quot;}\" data-image-title=\"tramwaj-centrum\" data-image-description=\"\" data-image-caption=\"&lt;p&gt;Doj\u015bcie z przystanku tramwajowego Centrum Kongresowe do wej\u015bcia na konferencj\u0119 WordCamp Krak\u00f3w&lt;\/p&gt;\n\" data-medium-file=\"https:\/\/i0.wp.com\/krakow.wordcamp.org\/2015\/files\/2015\/05\/tramwaj-centrum.png?fit=300%2C270&amp;ssl=1\" data-large-file=\"https:\/\/i0.wp.com\/krakow.wordcamp.org\/2015\/files\/2015\/05\/tramwaj-centrum.png?fit=727%2C655&amp;ssl=1\" class=\"size-full wp-image-627\" src=\"https:\/\/i0.wp.com\/2015.krakow.wordcamp.org\/files\/2015\/05\/tramwaj-centrum.png?resize=727%2C655&#038;ssl=1\" alt=\"Doj\u015bcie z przystanku tramwajowego Centrum Kongresowe do wej\u015bcia na konferencj\u0119 WordCamp Krak\u00f3w\" width=\"727\" height=\"655\" srcset=\"https:\/\/i0.wp.com\/krakow.wordcamp.org\/2015\/files\/2015\/05\/tramwaj-centrum.png?w=727&amp;ssl=1 727w, https:\/\/i0.wp.com\/krakow.wordcamp.org\/2015\/files\/2015\/05\/tramwaj-centrum.png?resize=300%2C270&amp;ssl=1 300w, https:\/\/i0.wp.com\/krakow.wordcamp.org\/2015\/files\/2015\/05\/tramwaj-centrum.png?resize=333%2C300&amp;ssl=1 333w\" sizes=\"auto, (max-width: 727px) 100vw, 727px\" \/><figcaption id=\"caption-attachment-627\" class=\"wp-caption-text\">Doj\u015bcie z przystanku tramwajowego Centrum Kongresowe do wej\u015bcia na konferencj\u0119 WordCamp Krak\u00f3w<\/figcaption><\/figure>\n<p>&nbsp;<\/p>\n<h2 id=\"lotnisko\">Dojazd z lotniska (komunikacja miejska):<\/h2>\n<p>Z lotniska Balice mo\u017cesz dotrze\u0107 na konferencj\u0119 komunikacj\u0105 miejsk\u0105 lub taks\u00f3wkami. Stanowiska taks\u00f3wek znajduj\u0105 si\u0119 przy ka\u017cdym wyj\u015bciu z terminalu.<\/p>\n<p><a class=\"btn btn-lg btn-info\" href=\"http:\/\/jakdojade.pl?fn=Port+lotniczy+Krak%C3%B3w-Balice&amp;fc=50.07207:19.80051&amp;tn=Centrum+Kongresowe&amp;ts=Centrum+Kongresowe&amp;tc=50.04859:19.93128&amp;ia=false&amp;t=0&amp;n=0&amp;ri=0&amp;cid=5000&amp;as=true\" target=\"_blank\">Zobacz aktualne mo\u017cliwo\u015bci dojazdu z lotniska<\/a><\/p>\n<h2 id=\"miejscaparkingowe\">Miejsca parkingowe w ICE<\/h2>\n<p>Dla uczestnik\u00f3w WordCampa przewidziano <strong>50 miejsc parkingowych pod Centrum Kongresowym ICE<\/strong>. <strong>Aby uzyska\u0107 uprawnienie do wjazdu na parking, nale\u017cy przy kupnie biletu zaznaczy\u0107 ch\u0119\u0107 skorzystania z parkingu<\/strong>.<\/p>\n<p><strong>Je\u017celi nie masz pewno\u015bci czy przyjedziesz samochodem &#8211; nie blokuj tej opcji dla innych<\/strong>. Pomy\u015bl te\u017c o <strong>carpoolingu<\/strong> &#8211; by\u0107 mo\u017ce kto\u015b z Twoich okolic zechce zabra\u0107 wi\u0119cej os\u00f3b w swoim samochodzie &#8211; lub sam\u00a0zabierzesz par\u0119 os\u00f3b.<\/p>\n<h2 id=\"miejscaparkingowepozaice\">Miejsca parkingowe poza ICE<\/h2>\n<p>Dla kierowc\u00f3w, kt\u00f3rzy nie zmieszcz\u0105 si\u0119 w ICE pozostaje do dyspozycji parkowanie przy<strong> ul. Bu\u0142haka, Barskiej, lub w okolicach Rynku D\u0119bnickiego.<\/strong><\/p>\n<h2 id=\"dojazdsamochodem\">Dojazd samochodem do ICE<\/h2>\n<p>Wjazd na parking centrum kongresowego znajduje si\u0119 od strony ulicy <strong>Barskiej<\/strong>.<\/p>\n<h3>Dojazd z p\u00f3\u0142nocy:<\/h3>\n<div class=\"googlemaps\">\n\t\t\t\t<iframe loading=\"lazy\" width=\"850\" height=\"450\" frameborder=\"0\" scrolling=\"no\" marginheight=\"0\" marginwidth=\"0\"  src=\"https:\/\/www.google.com\/maps\/embed?pb=!1m27!1m12!1m3!1d40980.80869398506!2d19.912227634784603!3d50.06193290289182!2m3!1f0!2f0!3f0!3m2!1i1024!2i768!4f13.1!4m12!1i1!3e0!4m5!1s0x471ecc669a869f01:0x72f0be2a88ead3fc!2sWarsaw!3m2!1d52.2296756!2d21.012228699999998!4m3!3m2!1d50.0472013!2d19.9320982!5e0!3m2!1sen!2spl!4v1430898716370\"><\/iframe>\n\t\t\t<\/div>\n<h3>Dojazd z zachodu od A4:<\/h3>\n<div class=\"googlemaps\">\n\t\t\t\t<iframe loading=\"lazy\" width=\"850\" height=\"450\" frameborder=\"0\" scrolling=\"no\" marginheight=\"0\" marginwidth=\"0\"  src=\"https:\/\/www.google.com\/maps\/embed?pb=!1m27!1m12!1m3!1d1281.046386629768!2d19.93134369216517!3d50.0470933647269!2m3!1f0!2f0!3f0!3m2!1i1024!2i768!4f13.1!4m12!1i0!3e0!4m5!1s0x4716ce2336a1ccd1:0xb9af2a350559fabb!2sKatowice!3m2!1d50.264891899999995!2d19.0237815!4m3!3m2!1d50.0472013!2d19.9320982!5e0!3m2!1sen!2spl!4v1430898467230\"><\/iframe>\n\t\t\t<\/div>\n<h3>Dojazd ze wschodu (A4 od Rzeszowa):<\/h3>\n<div class=\"googlemaps\">\n\t\t\t\t<iframe loading=\"lazy\" width=\"850\" height=\"450\" frameborder=\"0\" scrolling=\"no\" marginheight=\"0\" marginwidth=\"0\"  src=\"https:\/\/www.google.com\/maps\/embed?pb=!1m27!1m12!1m3!1d10249.288770718013!2d19.942374685248865!3d50.04279542725887!2m3!1f0!2f0!3f0!3m2!1i1024!2i768!4f13.1!4m12!1i0!3e0!4m5!1s0x472257141e154061:0x5528ee7af6e8e95f!2sLublin!3m2!1d51.246453599999995!2d22.568446299999998!4m3!3m2!1d50.0472013!2d19.9320982!5e0!3m2!1sen!2spl!4v1430898903789\"><\/iframe>\n\t\t\t<\/div>\n<h3>Dojazd z po\u0142udnia (Zakopianka):<\/h3>\n<div class=\"googlemaps\">\n\t\t\t\t<iframe loading=\"lazy\" width=\"850\" height=\"450\" frameborder=\"0\" scrolling=\"no\" marginheight=\"0\" marginwidth=\"0\"  src=\"https:\/\/www.google.com\/maps\/embed?pb=!1m27!1m12!1m3!1d82185.0889023473!2d19.842906862461568!3d49.931011613860484!2m3!1f0!2f0!3f0!3m2!1i1024!2i768!4f13.1!4m12!1i0!3e0!4m5!1s0x4715f29294ef3939:0xdf8d87a1716ba6a0!2sZakopane!3m2!1d49.299181!2d19.949562099999998!4m3!3m2!1d50.0472013!2d19.9320982!5e0!3m2!1sen!2spl!4v1430899551255\"><\/iframe>\n\t\t\t<\/div>\n<h2 id=\"strefyparkowania\">Strefy p\u0142atnego parkowania<\/h2>\n<p>W okolicach Centrum Kongresowego ICE\u00a0strefa p\u0142atnego parkowania zosta\u0142a wprowadzona 1-go czerwca 2015 roku.<\/p>\n<p><a class=\"btn btn-lg btn-info\" href=\"http:\/\/zikit.krakow.pl\/mapa-strefy-platnego-parkowania.html\" target=\"_blank\">Zobacz strefy p\u0142atnego parkowania w Krakowie<\/a><\/p>\n<p>W miejscach obj\u0119tych p\u0142atnym parkowaniem strefa obowiazuje w dni powszednie (od poniedzia\u0142ku do pi\u0105tku) od godziny 10 do 20. \u00a0W weekendy i \u015bwi\u0119ta strefa nie obowi\u0105zuje.<\/p>\n<figure style=\"width: 1500px\" class=\"wp-caption aligncenter\"><img data-recalc-dims=\"1\" loading=\"lazy\" decoding=\"async\" class=\"\" src=\"https:\/\/i0.wp.com\/d.naszemiasto.pl\/k\/r\/\/5a\/26\/5566a6f5d24d4_o.jpg?resize=850%2C745\" alt=\"\" width=\"850\" height=\"745\" \/><figcaption class=\"wp-caption-text\">Strefy p\u0142atnego parkowania w Krakowie, \u017ar\u00f3d\u0142o: naszemiasto.pl<\/figcaption><\/figure>\n<h2 id=\"noclegi\">Noclegi<\/h2>\n<p>Negocjujemy obecnie preferencyjne ceny wynajmu pokoi dla uczestnik\u00f3w WordCampa. B\u0119dziemy informowa\u0107 o nich na bie\u017c\u0105co.<br \/>\n<strong>Hotele<\/strong><\/p>\n<ol>\n<li><a href=\"http:\/\/www.qubushotel.com\/pl\/hotele\/krakow\/1\/?gclid=Cj0KEQjwkv-rBRDwoMLav-2l9KIBEiQAUTkDU0zgCu4tCgTGLuJpC8Lik5V9Nqco-DC60Q6h59oqpTwaAspQ8P8HAQ\" target=\"_blank\">Qubus Hotel <\/a>\u2013 znajduje si\u0119 on w pobli\u017cu ICE, ceny ok. 100 euro za dob\u0119<\/li>\n<li><a href=\"http:\/\/purohotel.pl\/krakow\" target=\"_blank\">Puro Hotel <\/a>\u2013 tu\u017c obok Galerii Krakowskiej oraz Dworca G\u0142\u00f3wnego<\/li>\n<li><a href=\"http:\/\/www.parkinn.com\/hotel-krakow\" target=\"_blank\">ParkInn <\/a>\u2013 vis a vis ICE<\/li>\n<li><a href=\"http:\/\/hiltongardeninn3.hilton.com\/en\/hotels\/poland\/hilton-garden-inn-krakow-KRKGIGI\/index.html\" target=\"_blank\">Hilton <\/a>\u2013 2 minuty od ICE<\/li>\n<\/ol>\n<p><strong>Hostele<\/strong><\/p>\n<ol>\n<li><a href=\"http:\/\/www.aleje28.pl\/\" target=\"_blank\">Hostel Aleje 28<\/a> (15% zni\u017cki na has\u0142o &#8222;WorldCamp2015trwa&#8221;)<\/li>\n<li><a href=\"http:\/\/www.greenhostel.pl\/\" target=\"_blank\">Green Hostel<\/a>\u00a0(15% zni\u017cki na has\u0142o &#8222;WordCamp2015 trwa&#8221;)<\/li>\n<li><a href=\"http:\/\/www.momotownhostel.com\/\" target=\"_blank\">Momotown Hostel<\/a>\u00a0(10% zni\u017cki na has\u0142o &#8222;WordCamp2015 trwa&#8221;)<\/li>\n<li><a href=\"http:\/\/abelkrakow.pl\/Hotel_Abel.html\" target=\"_blank\">Hostel Abel<\/a>\u00a0\u00a0(10% zni\u017cki na has\u0142o &#8222;WordCamp2015 trwa&#8221;)<\/li>\n<li><a href=\"http:\/\/www.honeyhostel.com\/\" target=\"_blank\">Honey Hostel<\/a>\u00a0(5% zni\u017cki na has\u0142o &#8222;WordCamp2015 trwa&#8221;)<\/li>\n<li><a href=\"http:\/\/www.thesecretgarden.pl\/\" target=\"_blank\">The Secret Garden<\/a>\u00a0(10% zni\u017cki na\u00a0has\u0142o &#8222;WordCamp2015 trwa&#8221;)<\/li>\n<li><a href=\"http:\/\/hostel70s.com.pl\/\" target=\"_blank\">Hostel 70s<\/a><\/li>\n<li><a href=\"http:\/\/www.pandahostel.pl\/panda\/wordpress\/?lang=pl\" target=\"_blank\">Panda Hostel<\/a><\/li>\n<li><a href=\"http:\/\/www.mosquitohostel.com\" target=\"_blank\">Mosquito Hostel <\/a><\/li>\n<li><a href=\"http:\/\/highlifehostel.com\/\" target=\"_blank\">High Life Hostel <\/a><\/li>\n<\/ol>\n<h2 id=\"language\">J\u0119zyk\/Language<\/h2>\n<p>Wszystkie sesje b\u0119d\u0105 w j\u0119zyku polskim, ale b\u0119dzie tak\u017ce kilku angloj\u0119zycznych prelegent\u00f3w i go\u015bci. R\u00f3wnie\u017c wielu cz\u0142onk\u00f3w spo\u0142eczno\u015bci m\u00f3wi po angielsku, wi\u0119c nie b\u0119dziesz mia\u0142 problemu z udzia\u0142em w dyskusjach.<\/p>\n<p>All of the sessions will be held in Polish, but there will be some English Speakers as well. Also a lot of community members speak English, so you will have no problem with discussions here.<\/p>\n<p>&nbsp;<\/p>\n","protected":false},"excerpt":{"rendered":"<p>Przygotowali\u015bmy specjalne FBCovery dla Uczestnik\u00f3w Konferencji WordCamp Polska 2015. Cz\u0119stujcie si\u0119! Dojazd z Dworca PKP i MDA Wej\u015bcie na teren konferencji Dojazd z lotniska Miejsca parkingowe w ICE Miejsca parkingowe poza ICE Dojazd samochodem Strefy p\u0142atnego parkowania Noclegi J\u0119zyk\/Language Dojazd z Dworca PKP i\u00a0MDA (Ma\u0142opolski Dworzec Autobusowy) Bezpo\u015bredni dojazd z dworc\u00f3w PKP i MDA jest &hellip; <a href=\"https:\/\/krakow.wordcamp.org\/2015\/uczestnicy\/faq\/\" class=\"more-link\">Czytaj dalej <span class=\"screen-reader-text\">FAQ Uczestnika<\/span> <span class=\"meta-nav\">&rarr;<\/span><\/a><\/p>\n","protected":false},"author":7315828,"featured_media":0,"parent":12,"menu_order":0,"comment_status":"open","ping_status":"closed","template":"","meta":{"jetpack_post_was_ever_published":false,"footnotes":""},"class_list":["post-622","page","type-page","status-publish","hentry"],"jetpack_sharing_enabled":true,"jetpack_shortlink":"https:\/\/wp.me\/P5BkXW-a2","_links":{"self":[{"href":"https:\/\/krakow.wordcamp.org\/2015\/wp-json\/wp\/v2\/pages\/622","targetHints":{"allow":["GET"]}}],"collection":[{"href":"https:\/\/krakow.wordcamp.org\/2015\/wp-json\/wp\/v2\/pages"}],"about":[{"href":"https:\/\/krakow.wordcamp.org\/2015\/wp-json\/wp\/v2\/types\/page"}],"author":[{"embeddable":true,"href":"https:\/\/krakow.wordcamp.org\/2015\/wp-json\/wp\/v2\/users\/7315828"}],"replies":[{"embeddable":true,"href":"https:\/\/krakow.wordcamp.org\/2015\/wp-json\/wp\/v2\/comments?post=622"}],"version-history":[{"count":30,"href":"https:\/\/krakow.wordcamp.org\/2015\/wp-json\/wp\/v2\/pages\/622\/revisions"}],"predecessor-version":[{"id":2395,"href":"https:\/\/krakow.wordcamp.org\/2015\/wp-json\/wp\/v2\/pages\/622\/revisions\/2395"}],"up":[{"embeddable":true,"href":"https:\/\/krakow.wordcamp.org\/2015\/wp-json\/wp\/v2\/pages\/12"}],"wp:attachment":[{"href":"https:\/\/krakow.wordcamp.org\/2015\/wp-json\/wp\/v2\/media?parent=622"}],"curies":[{"name":"wp","href":"https:\/\/api.w.org\/{rel}","templated":true}]}}