{"id":783,"date":"2015-05-27T08:45:28","date_gmt":"2015-05-27T06:45:28","guid":{"rendered":"https:\/\/2015.krakow.wordcamp.org\/?page_id=783"},"modified":"2015-08-24T12:01:04","modified_gmt":"2015-08-24T10:01:04","slug":"middle-party","status":"publish","type":"page","link":"https:\/\/krakow.wordcamp.org\/2015\/lokalizacja\/middle-party\/","title":{"rendered":"Middle Party"},"content":{"rendered":"<p>Podczas WordCamp Polska 2015, poza solidn\u0105 dawk\u0105 wiedzy podczas prelekcji, szykujemy dla Was Middle Party, kt\u00f3re odb\u0119dzie si\u0119 w klubie <a href=\"http:\/\/www.plazakrakow.com\/klub\" target=\"_blank\">Pla\u017ca<\/a>, w sobot\u0119 12 wrze\u015bnia. Start godz. 21:00.<\/p>\n<p>Jest to prawdziwy beach bar, przeniesiony prosto z tropik\u00f3w w samo serce zabytkowego Krakowa. Klub Pla\u017ca znajduje si\u0119 6 minut drogi od <a href=\"https:\/\/2015.krakow.wordcamp.org\/lokalizacja\/\">Centrum Kongresowego ICE<\/a>, w kt\u00f3rym odb\u0119dzie si\u0119 WordCamp.<\/p>\n<div class=\"tiled-gallery type-rectangular tiled-gallery-unresized\" data-original-width=\"850\" data-carousel-extra='{&quot;blog_id&quot;:506,&quot;permalink&quot;:&quot;https:\\\/\\\/krakow.wordcamp.org\\\/2015\\\/lokalizacja\\\/middle-party\\\/&quot;,&quot;likes_blog_id&quot;:82780412}' itemscope itemtype=\"http:\/\/schema.org\/ImageGallery\" > <div class=\"gallery-row\" style=\"width: 850px; height: 364px;\" data-original-width=\"850\" data-original-height=\"364\" > <div class=\"gallery-group images-1\" style=\"width: 544px; height: 364px;\" data-original-width=\"544\" data-original-height=\"364\" > <div class=\"tiled-gallery-item tiled-gallery-item-large\" itemprop=\"associatedMedia\" itemscope itemtype=\"http:\/\/schema.org\/ImageObject\"> <a href=\"https:\/\/i0.wp.com\/krakow.wordcamp.org\/2015\/files\/2015\/05\/back-around.jpg?ssl=1\" border=\"0\" itemprop=\"url\"> <meta itemprop=\"width\" content=\"540\"> <meta itemprop=\"height\" content=\"360\"> <img decoding=\"async\" class=\"\" data-attachment-id=\"809\" data-orig-file=\"https:\/\/krakow.wordcamp.org\/2015\/files\/2015\/05\/back-around.jpg\" data-orig-size=\"2048,1365\" data-comments-opened=\"1\" data-image-meta=\"{&quot;aperture&quot;:&quot;0&quot;,&quot;credit&quot;:&quot;Jacek Lesniewski&quot;,&quot;camera&quot;:&quot;&quot;,&quot;caption&quot;:&quot;&quot;,&quot;created_timestamp&quot;:&quot;0&quot;,&quot;copyright&quot;:&quot;Jacek Lesniewski \\u0022w jak fotografia\\u0022&quot;,&quot;focal_length&quot;:&quot;0&quot;,&quot;iso&quot;:&quot;0&quot;,&quot;shutter_speed&quot;:&quot;0&quot;,&quot;title&quot;:&quot;Pla\\u00fda Krak\\u0097w&quot;,&quot;orientation&quot;:&quot;0&quot;}\" data-image-title=\"Klub Pla\u017ca Krak\u00f3w\" data-image-description=\"\" data-medium-file=\"https:\/\/i0.wp.com\/krakow.wordcamp.org\/2015\/files\/2015\/05\/back-around.jpg?fit=300%2C200&#038;ssl=1\" data-large-file=\"https:\/\/i0.wp.com\/krakow.wordcamp.org\/2015\/files\/2015\/05\/back-around.jpg?fit=850%2C567&#038;ssl=1\" src=\"https:\/\/i0.wp.com\/krakow.wordcamp.org\/2015\/files\/2015\/05\/back-around.jpg?w=540&#038;h=360&#038;ssl=1\" srcset=\"https:\/\/i0.wp.com\/krakow.wordcamp.org\/2015\/files\/2015\/05\/back-around.jpg?w=2048&amp;ssl=1 2048w, https:\/\/i0.wp.com\/krakow.wordcamp.org\/2015\/files\/2015\/05\/back-around.jpg?resize=300%2C200&amp;ssl=1 300w, https:\/\/i0.wp.com\/krakow.wordcamp.org\/2015\/files\/2015\/05\/back-around.jpg?resize=850%2C567&amp;ssl=1 850w, https:\/\/i0.wp.com\/krakow.wordcamp.org\/2015\/files\/2015\/05\/back-around.jpg?resize=450%2C300&amp;ssl=1 450w, https:\/\/i0.wp.com\/krakow.wordcamp.org\/2015\/files\/2015\/05\/back-around.jpg?w=1700&amp;ssl=1 1700w\" width=\"540\" height=\"360\" loading=\"lazy\" data-original-width=\"540\" data-original-height=\"360\" itemprop=\"http:\/\/schema.org\/image\" title=\"Klub Pla\u017ca Krak\u00f3w\" alt=\"Klub Pla\u017ca Krak\u00f3w\" style=\"width: 540px; height: 360px;\" \/> <\/a> <\/div> <\/div> <!-- close group --> <div class=\"gallery-group images-2\" style=\"width: 306px; height: 364px;\" data-original-width=\"306\" data-original-height=\"364\" > <div class=\"tiled-gallery-item tiled-gallery-item-large\" itemprop=\"associatedMedia\" itemscope itemtype=\"http:\/\/schema.org\/ImageObject\"> <a href=\"https:\/\/i0.wp.com\/krakow.wordcamp.org\/2015\/files\/2015\/05\/beach.jpg?ssl=1\" border=\"0\" itemprop=\"url\"> <meta itemprop=\"width\" content=\"302\"> <meta itemprop=\"height\" content=\"193\"> <img decoding=\"async\" class=\"\" data-attachment-id=\"808\" data-orig-file=\"https:\/\/krakow.wordcamp.org\/2015\/files\/2015\/05\/beach.jpg\" data-orig-size=\"3456,2208\" data-comments-opened=\"1\" data-image-meta=\"{&quot;aperture&quot;:&quot;0&quot;,&quot;credit&quot;:&quot;&quot;,&quot;camera&quot;:&quot;&quot;,&quot;caption&quot;:&quot;&quot;,&quot;created_timestamp&quot;:&quot;0&quot;,&quot;copyright&quot;:&quot;&quot;,&quot;focal_length&quot;:&quot;0&quot;,&quot;iso&quot;:&quot;0&quot;,&quot;shutter_speed&quot;:&quot;0&quot;,&quot;title&quot;:&quot;&quot;,&quot;orientation&quot;:&quot;0&quot;}\" data-image-title=\"Klub Pla\u017ca Krak\u00f3w\" data-image-description=\"\" data-medium-file=\"https:\/\/i0.wp.com\/krakow.wordcamp.org\/2015\/files\/2015\/05\/beach.jpg?fit=300%2C192&#038;ssl=1\" data-large-file=\"https:\/\/i0.wp.com\/krakow.wordcamp.org\/2015\/files\/2015\/05\/beach.jpg?fit=850%2C543&#038;ssl=1\" src=\"https:\/\/i0.wp.com\/krakow.wordcamp.org\/2015\/files\/2015\/05\/beach.jpg?w=302&#038;h=193&#038;ssl=1\" srcset=\"https:\/\/i0.wp.com\/krakow.wordcamp.org\/2015\/files\/2015\/05\/beach.jpg?w=3456&amp;ssl=1 3456w, https:\/\/i0.wp.com\/krakow.wordcamp.org\/2015\/files\/2015\/05\/beach.jpg?resize=300%2C192&amp;ssl=1 300w, https:\/\/i0.wp.com\/krakow.wordcamp.org\/2015\/files\/2015\/05\/beach.jpg?resize=850%2C543&amp;ssl=1 850w, https:\/\/i0.wp.com\/krakow.wordcamp.org\/2015\/files\/2015\/05\/beach.jpg?resize=470%2C300&amp;ssl=1 470w, https:\/\/i0.wp.com\/krakow.wordcamp.org\/2015\/files\/2015\/05\/beach.jpg?w=1700&amp;ssl=1 1700w, https:\/\/i0.wp.com\/krakow.wordcamp.org\/2015\/files\/2015\/05\/beach.jpg?w=2550&amp;ssl=1 2550w\" width=\"302\" height=\"193\" loading=\"lazy\" data-original-width=\"302\" data-original-height=\"193\" itemprop=\"http:\/\/schema.org\/image\" title=\"Klub Pla\u017ca Krak\u00f3w\" alt=\"Klub Pla\u017ca Krak\u00f3w\" style=\"width: 302px; height: 193px;\" \/> <\/a> <\/div> <div class=\"tiled-gallery-item tiled-gallery-item-large\" itemprop=\"associatedMedia\" itemscope itemtype=\"http:\/\/schema.org\/ImageObject\"> <a href=\"https:\/\/i0.wp.com\/krakow.wordcamp.org\/2015\/files\/2015\/05\/entry.jpg?ssl=1\" border=\"0\" itemprop=\"url\"> <meta itemprop=\"width\" content=\"302\"> <meta itemprop=\"height\" content=\"163\"> <img decoding=\"async\" class=\"\" data-attachment-id=\"807\" data-orig-file=\"https:\/\/krakow.wordcamp.org\/2015\/files\/2015\/05\/entry.jpg\" data-orig-size=\"3356,1804\" data-comments-opened=\"1\" data-image-meta=\"{&quot;aperture&quot;:&quot;0&quot;,&quot;credit&quot;:&quot;&quot;,&quot;camera&quot;:&quot;&quot;,&quot;caption&quot;:&quot;&quot;,&quot;created_timestamp&quot;:&quot;0&quot;,&quot;copyright&quot;:&quot;&quot;,&quot;focal_length&quot;:&quot;0&quot;,&quot;iso&quot;:&quot;0&quot;,&quot;shutter_speed&quot;:&quot;0&quot;,&quot;title&quot;:&quot;&quot;,&quot;orientation&quot;:&quot;0&quot;}\" data-image-title=\"Klub Pla\u017ca Krak\u00f3w &amp;#8211; Wej\u015bcie\" data-image-description=\"\" data-medium-file=\"https:\/\/i0.wp.com\/krakow.wordcamp.org\/2015\/files\/2015\/05\/entry.jpg?fit=300%2C161&#038;ssl=1\" data-large-file=\"https:\/\/i0.wp.com\/krakow.wordcamp.org\/2015\/files\/2015\/05\/entry.jpg?fit=850%2C457&#038;ssl=1\" src=\"https:\/\/i0.wp.com\/krakow.wordcamp.org\/2015\/files\/2015\/05\/entry.jpg?w=302&#038;h=163&#038;ssl=1\" srcset=\"https:\/\/i0.wp.com\/krakow.wordcamp.org\/2015\/files\/2015\/05\/entry.jpg?w=3356&amp;ssl=1 3356w, https:\/\/i0.wp.com\/krakow.wordcamp.org\/2015\/files\/2015\/05\/entry.jpg?resize=300%2C161&amp;ssl=1 300w, https:\/\/i0.wp.com\/krakow.wordcamp.org\/2015\/files\/2015\/05\/entry.jpg?resize=850%2C457&amp;ssl=1 850w, https:\/\/i0.wp.com\/krakow.wordcamp.org\/2015\/files\/2015\/05\/entry.jpg?resize=500%2C269&amp;ssl=1 500w, https:\/\/i0.wp.com\/krakow.wordcamp.org\/2015\/files\/2015\/05\/entry.jpg?w=1700&amp;ssl=1 1700w, https:\/\/i0.wp.com\/krakow.wordcamp.org\/2015\/files\/2015\/05\/entry.jpg?w=2550&amp;ssl=1 2550w\" width=\"302\" height=\"163\" loading=\"lazy\" data-original-width=\"302\" data-original-height=\"163\" itemprop=\"http:\/\/schema.org\/image\" title=\"Klub Pla\u017ca Krak\u00f3w - Wej\u015bcie\" alt=\"Klub Pla\u017ca Krak\u00f3w - Wej\u015bcie\" style=\"width: 302px; height: 163px;\" \/> <\/a> <\/div> <\/div> <!-- close group --> <\/div> <!-- close row --> <div class=\"gallery-row\" style=\"width: 850px; height: 618px;\" data-original-width=\"850\" data-original-height=\"618\" > <div class=\"gallery-group images-2\" style=\"width: 437px; height: 618px;\" data-original-width=\"437\" data-original-height=\"618\" > <div class=\"tiled-gallery-item tiled-gallery-item-large\" itemprop=\"associatedMedia\" itemscope itemtype=\"http:\/\/schema.org\/ImageObject\"> <a href=\"https:\/\/i0.wp.com\/krakow.wordcamp.org\/2015\/files\/2015\/05\/flying.jpg?ssl=1\" border=\"0\" itemprop=\"url\"> <meta itemprop=\"width\" content=\"433\"> <meta itemprop=\"height\" content=\"325\"> <img decoding=\"async\" class=\"\" data-attachment-id=\"806\" data-orig-file=\"https:\/\/krakow.wordcamp.org\/2015\/files\/2015\/05\/flying.jpg\" data-orig-size=\"2048,1536\" data-comments-opened=\"1\" data-image-meta=\"{&quot;aperture&quot;:&quot;0&quot;,&quot;credit&quot;:&quot;&quot;,&quot;camera&quot;:&quot;&quot;,&quot;caption&quot;:&quot;&quot;,&quot;created_timestamp&quot;:&quot;0&quot;,&quot;copyright&quot;:&quot;&quot;,&quot;focal_length&quot;:&quot;0&quot;,&quot;iso&quot;:&quot;0&quot;,&quot;shutter_speed&quot;:&quot;0&quot;,&quot;title&quot;:&quot;&quot;,&quot;orientation&quot;:&quot;0&quot;}\" data-image-title=\"Klub Pla\u017ca Krak\u00f3w &amp;#8211; Z lotu ptaka\" data-image-description=\"\" data-medium-file=\"https:\/\/i0.wp.com\/krakow.wordcamp.org\/2015\/files\/2015\/05\/flying.jpg?fit=300%2C225&#038;ssl=1\" data-large-file=\"https:\/\/i0.wp.com\/krakow.wordcamp.org\/2015\/files\/2015\/05\/flying.jpg?fit=850%2C638&#038;ssl=1\" src=\"https:\/\/i0.wp.com\/krakow.wordcamp.org\/2015\/files\/2015\/05\/flying.jpg?w=433&#038;h=325&#038;ssl=1\" srcset=\"https:\/\/i0.wp.com\/krakow.wordcamp.org\/2015\/files\/2015\/05\/flying.jpg?w=2048&amp;ssl=1 2048w, https:\/\/i0.wp.com\/krakow.wordcamp.org\/2015\/files\/2015\/05\/flying.jpg?resize=300%2C225&amp;ssl=1 300w, https:\/\/i0.wp.com\/krakow.wordcamp.org\/2015\/files\/2015\/05\/flying.jpg?resize=850%2C638&amp;ssl=1 850w, https:\/\/i0.wp.com\/krakow.wordcamp.org\/2015\/files\/2015\/05\/flying.jpg?resize=400%2C300&amp;ssl=1 400w, https:\/\/i0.wp.com\/krakow.wordcamp.org\/2015\/files\/2015\/05\/flying.jpg?w=1700&amp;ssl=1 1700w\" width=\"433\" height=\"325\" loading=\"lazy\" data-original-width=\"433\" data-original-height=\"325\" itemprop=\"http:\/\/schema.org\/image\" title=\"Klub Pla\u017ca Krak\u00f3w - Z lotu ptaka\" alt=\"Klub Pla\u017ca Krak\u00f3w - Z lotu ptaka\" style=\"width: 433px; height: 325px;\" \/> <\/a> <\/div> <div class=\"tiled-gallery-item tiled-gallery-item-large\" itemprop=\"associatedMedia\" itemscope itemtype=\"http:\/\/schema.org\/ImageObject\"> <a href=\"https:\/\/i0.wp.com\/krakow.wordcamp.org\/2015\/files\/2015\/05\/restaurant.jpg?ssl=1\" border=\"0\" itemprop=\"url\"> <meta itemprop=\"width\" content=\"433\"> <meta itemprop=\"height\" content=\"285\"> <img decoding=\"async\" class=\"\" data-attachment-id=\"805\" data-orig-file=\"https:\/\/krakow.wordcamp.org\/2015\/files\/2015\/05\/restaurant.jpg\" data-orig-size=\"3416,2252\" data-comments-opened=\"1\" data-image-meta=\"{&quot;aperture&quot;:&quot;0&quot;,&quot;credit&quot;:&quot;&quot;,&quot;camera&quot;:&quot;&quot;,&quot;caption&quot;:&quot;&quot;,&quot;created_timestamp&quot;:&quot;0&quot;,&quot;copyright&quot;:&quot;&quot;,&quot;focal_length&quot;:&quot;0&quot;,&quot;iso&quot;:&quot;0&quot;,&quot;shutter_speed&quot;:&quot;0&quot;,&quot;title&quot;:&quot;&quot;,&quot;orientation&quot;:&quot;0&quot;}\" data-image-title=\"Pla\u017ca Krak\u00f3w &amp;#8211; Restauracja\" data-image-description=\"\" data-medium-file=\"https:\/\/i0.wp.com\/krakow.wordcamp.org\/2015\/files\/2015\/05\/restaurant.jpg?fit=300%2C198&#038;ssl=1\" data-large-file=\"https:\/\/i0.wp.com\/krakow.wordcamp.org\/2015\/files\/2015\/05\/restaurant.jpg?fit=850%2C560&#038;ssl=1\" src=\"https:\/\/i0.wp.com\/krakow.wordcamp.org\/2015\/files\/2015\/05\/restaurant.jpg?w=433&#038;h=285&#038;ssl=1\" srcset=\"https:\/\/i0.wp.com\/krakow.wordcamp.org\/2015\/files\/2015\/05\/restaurant.jpg?w=3416&amp;ssl=1 3416w, https:\/\/i0.wp.com\/krakow.wordcamp.org\/2015\/files\/2015\/05\/restaurant.jpg?resize=300%2C198&amp;ssl=1 300w, https:\/\/i0.wp.com\/krakow.wordcamp.org\/2015\/files\/2015\/05\/restaurant.jpg?resize=850%2C560&amp;ssl=1 850w, https:\/\/i0.wp.com\/krakow.wordcamp.org\/2015\/files\/2015\/05\/restaurant.jpg?resize=455%2C300&amp;ssl=1 455w, https:\/\/i0.wp.com\/krakow.wordcamp.org\/2015\/files\/2015\/05\/restaurant.jpg?w=1700&amp;ssl=1 1700w, https:\/\/i0.wp.com\/krakow.wordcamp.org\/2015\/files\/2015\/05\/restaurant.jpg?w=2550&amp;ssl=1 2550w\" width=\"433\" height=\"285\" loading=\"lazy\" data-original-width=\"433\" data-original-height=\"285\" itemprop=\"http:\/\/schema.org\/image\" title=\"Pla\u017ca Krak\u00f3w - Restauracja\" alt=\"Pla\u017ca Krak\u00f3w - Restauracja\" style=\"width: 433px; height: 285px;\" \/> <\/a> <\/div> <\/div> <!-- close group --> <div class=\"gallery-group images-1\" style=\"width: 413px; height: 618px;\" data-original-width=\"413\" data-original-height=\"618\" > <div class=\"tiled-gallery-item tiled-gallery-item-large\" itemprop=\"associatedMedia\" itemscope itemtype=\"http:\/\/schema.org\/ImageObject\"> <a href=\"https:\/\/i0.wp.com\/krakow.wordcamp.org\/2015\/files\/2015\/05\/swimming-pool.jpg?ssl=1\" border=\"0\" itemprop=\"url\"> <meta itemprop=\"width\" content=\"409\"> <meta itemprop=\"height\" content=\"614\"> <img decoding=\"async\" class=\"\" data-attachment-id=\"804\" data-orig-file=\"https:\/\/krakow.wordcamp.org\/2015\/files\/2015\/05\/swimming-pool.jpg\" data-orig-size=\"1365,2048\" data-comments-opened=\"1\" data-image-meta=\"{&quot;aperture&quot;:&quot;0&quot;,&quot;credit&quot;:&quot;Jacek Lesniewski&quot;,&quot;camera&quot;:&quot;&quot;,&quot;caption&quot;:&quot;&quot;,&quot;created_timestamp&quot;:&quot;0&quot;,&quot;copyright&quot;:&quot;Jacek Lesniewski \\u0022w jak fotografia\\u0022&quot;,&quot;focal_length&quot;:&quot;0&quot;,&quot;iso&quot;:&quot;0&quot;,&quot;shutter_speed&quot;:&quot;0&quot;,&quot;title&quot;:&quot;Pla\\u00fda Krak\\u0097w&quot;,&quot;orientation&quot;:&quot;0&quot;}\" data-image-title=\"Klub Pla\u017ca Krak\u00f3w\" data-image-description=\"\" data-medium-file=\"https:\/\/i0.wp.com\/krakow.wordcamp.org\/2015\/files\/2015\/05\/swimming-pool.jpg?fit=200%2C300&#038;ssl=1\" data-large-file=\"https:\/\/i0.wp.com\/krakow.wordcamp.org\/2015\/files\/2015\/05\/swimming-pool.jpg?fit=850%2C1275&#038;ssl=1\" src=\"https:\/\/i0.wp.com\/krakow.wordcamp.org\/2015\/files\/2015\/05\/swimming-pool.jpg?w=409&#038;h=614&#038;ssl=1\" srcset=\"https:\/\/i0.wp.com\/krakow.wordcamp.org\/2015\/files\/2015\/05\/swimming-pool.jpg?w=1365&amp;ssl=1 1365w, https:\/\/i0.wp.com\/krakow.wordcamp.org\/2015\/files\/2015\/05\/swimming-pool.jpg?resize=200%2C300&amp;ssl=1 200w, https:\/\/i0.wp.com\/krakow.wordcamp.org\/2015\/files\/2015\/05\/swimming-pool.jpg?resize=850%2C1275&amp;ssl=1 850w\" width=\"409\" height=\"614\" loading=\"lazy\" data-original-width=\"409\" data-original-height=\"614\" itemprop=\"http:\/\/schema.org\/image\" title=\"Klub Pla\u017ca Krak\u00f3w\" alt=\"Klub Pla\u017ca Krak\u00f3w\" style=\"width: 409px; height: 614px;\" \/> <\/a> <\/div> <\/div> <!-- close group --> <\/div> <!-- close row --> <\/div>\n<div class=\"googlemaps\">\n\t\t\t\t<iframe loading=\"lazy\" width=\"840\" height=\"600\" frameborder=\"0\" scrolling=\"no\" marginheight=\"0\" marginwidth=\"0\"  src=\"https:\/\/www.google.com\/maps\/embed?pb=!1m28!1m12!1m3!1d2562.0432812880185!2d19.93472273783519!3d50.0480205106223!2m3!1f0!2f0!3f0!3m2!1i1024!2i768!4f13.1!4m13!3e2!4m5!1s0x47165b6f745b8217:0xc6efab206a2ecca!2sICE%20Krakow%20Congress%20Centre,%20Marii%20Konopnickiej,%20Krak\u00f3w!3m2!1d50.047940999999994!2d19.931523!4m5!1s0x47165b67c3d6cc63:0xd0bd80517e86ef3a!2sPla\u017ca%20Krak\u00f3w,%20Ludwinowska%202,%2030-331%20Krak\u00f3w,%20Poland!3m2!1d50.046338!2d19.935250999999997!5e0!3m2!1sen!2spl!4v1432577050235&#038;z=8\"><\/iframe>\n\t\t\t<\/div>\n<p><span class=\"embed-youtube\" style=\"text-align:center; display: block;\"><iframe loading=\"lazy\" class=\"youtube-player\" width=\"850\" height=\"479\" src=\"https:\/\/www.youtube.com\/embed\/vb6yflwixEE?version=3&#038;rel=1&#038;showsearch=0&#038;showinfo=1&#038;iv_load_policy=1&#038;fs=1&#038;hl=pl-PL&#038;autohide=2&#038;wmode=transparent\" allowfullscreen=\"true\" style=\"border:0;\" sandbox=\"allow-scripts allow-same-origin allow-popups allow-presentation allow-popups-to-escape-sandbox\"><\/iframe><\/span><\/p>\n<p>Materia\u0142 filmowy dzi\u0119ki <a href=\"https:\/\/www.youtube.com\/user\/mydestinationvideo\" target=\"_blank\">My Destination Video<\/a>.<\/p>\n","protected":false},"excerpt":{"rendered":"<p>Podczas WordCamp Polska 2015, poza solidn\u0105 dawk\u0105 wiedzy podczas prelekcji, szykujemy dla Was Middle Party, kt\u00f3re odb\u0119dzie si\u0119 w klubie Pla\u017ca, w sobot\u0119 12 wrze\u015bnia. Start godz. 21:00. Jest to prawdziwy beach bar, przeniesiony prosto z tropik\u00f3w w samo serce zabytkowego Krakowa. Klub Pla\u017ca znajduje si\u0119 6 minut drogi od Centrum Kongresowego ICE, w kt\u00f3rym &hellip; <a href=\"https:\/\/krakow.wordcamp.org\/2015\/lokalizacja\/middle-party\/\" class=\"more-link\">Czytaj dalej <span class=\"screen-reader-text\">Middle Party<\/span> <span class=\"meta-nav\">&rarr;<\/span><\/a><\/p>\n","protected":false},"author":7315828,"featured_media":809,"parent":9,"menu_order":0,"comment_status":"closed","ping_status":"closed","template":"","meta":{"jetpack_post_was_ever_published":false,"footnotes":""},"class_list":["post-783","page","type-page","status-publish","has-post-thumbnail","hentry"],"jetpack_sharing_enabled":true,"jetpack_shortlink":"https:\/\/wp.me\/P5BkXW-cD","_links":{"self":[{"href":"https:\/\/krakow.wordcamp.org\/2015\/wp-json\/wp\/v2\/pages\/783","targetHints":{"allow":["GET"]}}],"collection":[{"href":"https:\/\/krakow.wordcamp.org\/2015\/wp-json\/wp\/v2\/pages"}],"about":[{"href":"https:\/\/krakow.wordcamp.org\/2015\/wp-json\/wp\/v2\/types\/page"}],"author":[{"embeddable":true,"href":"https:\/\/krakow.wordcamp.org\/2015\/wp-json\/wp\/v2\/users\/7315828"}],"replies":[{"embeddable":true,"href":"https:\/\/krakow.wordcamp.org\/2015\/wp-json\/wp\/v2\/comments?post=783"}],"version-history":[{"count":17,"href":"https:\/\/krakow.wordcamp.org\/2015\/wp-json\/wp\/v2\/pages\/783\/revisions"}],"predecessor-version":[{"id":2674,"href":"https:\/\/krakow.wordcamp.org\/2015\/wp-json\/wp\/v2\/pages\/783\/revisions\/2674"}],"up":[{"embeddable":true,"href":"https:\/\/krakow.wordcamp.org\/2015\/wp-json\/wp\/v2\/pages\/9"}],"wp:featuredmedia":[{"embeddable":true,"href":"https:\/\/krakow.wordcamp.org\/2015\/wp-json\/wp\/v2\/media\/809"}],"wp:attachment":[{"href":"https:\/\/krakow.wordcamp.org\/2015\/wp-json\/wp\/v2\/media?parent=783"}],"curies":[{"name":"wp","href":"https:\/\/api.w.org\/{rel}","templated":true}]}}