{"id":1180,"date":"2024-04-15T10:07:00","date_gmt":"2024-04-15T08:07:00","guid":{"rendered":"https:\/\/krakow.wordcamp.org\/2024\/?page_id=1180"},"modified":"2024-04-15T10:07:00","modified_gmt":"2024-04-15T08:07:00","slug":"czym-w-ogole-jest-wordcamp","status":"publish","type":"page","link":"https:\/\/krakow.wordcamp.org\/2024\/czym-w-ogole-jest-wordcamp\/","title":{"rendered":"Czym w og\u00f3le jest WordCamp?"},"content":{"rendered":"\n<p><strong>WordCamp<\/strong>\u00a0to og\u00f3lnopolska konferencja. To <strong>dni przepe\u0142nione wiedz\u0105<\/strong>\u00a0o samym WordPressie, nowych trendach i internetowych technologiach. Wiedz\u0105 t\u0105 dzielimy si\u0119 podczas prelekcji, warsztat\u00f3w, korzystaj\u0105c z biznesowego mastermindu, przy stoiskach sponsorskich oraz w kuluarowych rozmowach.<\/p>\n\n\n\n<h2 class=\"wp-block-heading\">Kto mo\u017ce wzi\u0105\u0107 udzia\u0142?<\/h2>\n\n\n\n<p>Ka\u017cdy!<\/p>\n\n\n\n<p>WordPress to obecnie najbardziej popularny system zarz\u0105dzania tre\u015bciami w Internecie. Je\u015bli wi\u0119c jakim\u015b cudem jeszcze nie dane Ci by\u0142o dzia\u0142a\u0107 w nim \u201eod \u015brodka\u201d, to z pewno\u015bci\u0105 jeste\u015b jego u\u017cytkownikiem w codziennym korzystaniu z dobrodziejstw \u015bwiata online.<\/p>\n","protected":false},"excerpt":{"rendered":"<p>WordCamp\u00a0to og\u00f3lnopolska konferencja. To dni przepe\u0142nione wiedz\u0105\u00a0o samym WordPressie, nowych trendach i internetowych technologiach. Wiedz\u0105 t\u0105 dzielimy si\u0119 podczas prelekcji, warsztat\u00f3w, korzystaj\u0105c z biznesowego mastermindu, przy stoiskach sponsorskich oraz w kuluarowych rozmowach. Kto mo\u017ce wzi\u0105\u0107 udzia\u0142? Ka\u017cdy! WordPress to obecnie najbardziej popularny system zarz\u0105dzania tre\u015bciami w Internecie. Je\u015bli wi\u0119c jakim\u015b cudem jeszcze nie dane Ci [&hellip;]<\/p>\n","protected":false},"author":1014234,"featured_media":0,"parent":0,"menu_order":0,"comment_status":"closed","ping_status":"closed","template":"","meta":{"jetpack_post_was_ever_published":false,"footnotes":""},"class_list":["post-1180","page","type-page","status-publish","hentry"],"jetpack_sharing_enabled":true,"_links":{"self":[{"href":"https:\/\/krakow.wordcamp.org\/2024\/wp-json\/wp\/v2\/pages\/1180","targetHints":{"allow":["GET"]}}],"collection":[{"href":"https:\/\/krakow.wordcamp.org\/2024\/wp-json\/wp\/v2\/pages"}],"about":[{"href":"https:\/\/krakow.wordcamp.org\/2024\/wp-json\/wp\/v2\/types\/page"}],"author":[{"embeddable":true,"href":"https:\/\/krakow.wordcamp.org\/2024\/wp-json\/wp\/v2\/users\/1014234"}],"replies":[{"embeddable":true,"href":"https:\/\/krakow.wordcamp.org\/2024\/wp-json\/wp\/v2\/comments?post=1180"}],"version-history":[{"count":1,"href":"https:\/\/krakow.wordcamp.org\/2024\/wp-json\/wp\/v2\/pages\/1180\/revisions"}],"predecessor-version":[{"id":1181,"href":"https:\/\/krakow.wordcamp.org\/2024\/wp-json\/wp\/v2\/pages\/1180\/revisions\/1181"}],"wp:attachment":[{"href":"https:\/\/krakow.wordcamp.org\/2024\/wp-json\/wp\/v2\/media?parent=1180"}],"curies":[{"name":"wp","href":"https:\/\/api.w.org\/{rel}","templated":true}]}}