{"id":13,"date":"2024-03-23T07:29:10","date_gmt":"2024-03-23T06:29:10","guid":{"rendered":"https:\/\/krakow.wordcamp.org\/2024\/?page_id=13"},"modified":"2024-06-07T06:33:04","modified_gmt":"2024-06-07T04:33:04","slug":"bilety","status":"publish","type":"page","link":"https:\/\/krakow.wordcamp.org\/2024\/bilety\/","title":{"rendered":"Bilety"},"content":{"rendered":"\n<div class=\"wp-block-group wp360-ticket-table wp360-ticket-group has-global-padding is-layout-constrained wp-container-core-group-is-layout-0b40682b wp-block-group-is-layout-constrained\"><a href=\"https:\/\/krakow.wordcamp.org\/2024\/bilety\/\">Aby kupi\u0107 lub zarz\u0105dza\u0107 biletami, otw\u00f3rz t\u0119 stron\u0119 w przegl\u0105darce.<\/a>\n\n\n\n<p><br><strong>Bilet standard<\/strong><\/p>\n\n\n\n<p>Bilet obejmuje udzia\u0142 w <strong>trzech dniach konferencji<\/strong> (prezentacje, praktyczne warsztaty, networking), mo\u017cliwo\u015b\u0107 udzia\u0142u w pi\u0105tkowym <a href=\"https:\/\/krakow.wordcamp.org\/2024\/contributor-day\/\" data-type=\"page\" data-id=\"2282\">Contributor Day<\/a> lub Akademii WordPressa oraz wej\u015bcie na sobotnie <a href=\"https:\/\/krakow.wordcamp.org\/2024\/aktualnosci\/middle-party\/\" data-type=\"page\" data-id=\"1495\">Middle Party<\/a>.<\/p>\n\n\n\n<p><strong>Bilet mikrosponsor<\/strong><\/p>\n\n\n\n<p>Zostaj\u0105c mikrosponsorem Wordcamp Krak\u00f3w masz <strong>dodatkowo <\/strong>mo\u017cliwo\u015b\u0107 dorzuci\u0107 swoj\u0105 cegie\u0142k\u0119 i wesprze\u0107 nasz\u0105, polsk\u0105 spo\u0142eczno\u015b\u0107 WordPressa! Ka\u017cdy, kto zakupi bilet mikrosponsora otrzyma mo\u017cliwo\u015b\u0107 umieszczenia podlinkowanego logo na naszej stronie www w zak\u0142adce <a href=\"https:\/\/krakow.wordcamp.org\/2024\/sponsorzy\/\" data-type=\"link\" data-id=\"https:\/\/krakow.wordcamp.org\/2024\/sponsorzy\/\">Sponsorzy<\/a>.<\/p>\n\n\n\n<p><\/p>\n<\/div>\n","protected":false},"excerpt":{"rendered":"<p>Bilet standard Bilet obejmuje udzia\u0142 w trzech dniach konferencji (prezentacje, praktyczne warsztaty, networking), mo\u017cliwo\u015b\u0107 udzia\u0142u w pi\u0105tkowym Contributor Day lub Akademii WordPressa oraz wej\u015bcie na sobotnie Middle Party. Bilet mikrosponsor Zostaj\u0105c mikrosponsorem Wordcamp Krak\u00f3w masz dodatkowo mo\u017cliwo\u015b\u0107 dorzuci\u0107 swoj\u0105 cegie\u0142k\u0119 i wesprze\u0107 nasz\u0105, polsk\u0105 spo\u0142eczno\u015b\u0107 WordPressa! Ka\u017cdy, kto zakupi bilet mikrosponsora otrzyma mo\u017cliwo\u015b\u0107 umieszczenia podlinkowanego [&hellip;]<\/p>\n","protected":false},"author":16170798,"featured_media":0,"parent":0,"menu_order":0,"comment_status":"closed","ping_status":"closed","template":"","meta":{"jetpack_post_was_ever_published":false,"footnotes":""},"class_list":["post-13","page","type-page","status-publish","hentry"],"jetpack_sharing_enabled":true,"_links":{"self":[{"href":"https:\/\/krakow.wordcamp.org\/2024\/wp-json\/wp\/v2\/pages\/13","targetHints":{"allow":["GET"]}}],"collection":[{"href":"https:\/\/krakow.wordcamp.org\/2024\/wp-json\/wp\/v2\/pages"}],"about":[{"href":"https:\/\/krakow.wordcamp.org\/2024\/wp-json\/wp\/v2\/types\/page"}],"author":[{"embeddable":true,"href":"https:\/\/krakow.wordcamp.org\/2024\/wp-json\/wp\/v2\/users\/16170798"}],"replies":[{"embeddable":true,"href":"https:\/\/krakow.wordcamp.org\/2024\/wp-json\/wp\/v2\/comments?post=13"}],"version-history":[{"count":43,"href":"https:\/\/krakow.wordcamp.org\/2024\/wp-json\/wp\/v2\/pages\/13\/revisions"}],"predecessor-version":[{"id":3199,"href":"https:\/\/krakow.wordcamp.org\/2024\/wp-json\/wp\/v2\/pages\/13\/revisions\/3199"}],"wp:attachment":[{"href":"https:\/\/krakow.wordcamp.org\/2024\/wp-json\/wp\/v2\/media?parent=13"}],"curies":[{"name":"wp","href":"https:\/\/api.w.org\/{rel}","templated":true}]}}