{"id":1491,"date":"2024-05-05T23:19:05","date_gmt":"2024-05-05T21:19:05","guid":{"rendered":"https:\/\/krakow.wordcamp.org\/2024\/?page_id=1491"},"modified":"2024-06-05T07:57:46","modified_gmt":"2024-06-05T05:57:46","slug":"lokalizacja","status":"publish","type":"page","link":"https:\/\/krakow.wordcamp.org\/2024\/czym-w-ogole-jest-wordcamp\/lokalizacja\/","title":{"rendered":"Lokalizacja"},"content":{"rendered":"\n<div style=\"height:25px\" aria-hidden=\"true\" class=\"wp-block-spacer\"><\/div>\n\n\n\n<div class=\"wp-block-columns is-layout-flex wp-container-core-columns-is-layout-28f84493 wp-block-columns-is-layout-flex\">\n<div class=\"wp-block-column is-layout-flow wp-block-column-is-layout-flow\">\n<p><strong>Politechnika Krakowska<\/strong><br>Budynek &#8222;Dzia\u0142ownia&#8221;<br>ul. Warszawska 24<br>31-155 Krak\u00f3w<\/p>\n\n\n\n<p>Miejsce, w kt\u00f3rym si\u0119 spotkamy, zlokalizowane jest przy Dworcu G\u0142\u00f3wnym.<\/p>\n\n\n\n<p>Najwygodniej dojecha\u0107 tam komunikacj\u0105 miejsk\u0105 i wysi\u0105\u015b\u0107 na przystankach zlokalizowanych obok Politechniki lub Dworca G\u0142\u00f3wnego\/Galerii Krakowskiej (i podej\u015b\u0107 par\u0119 minut).<\/p>\n\n\n\n<p>Lec\u0105c samolotem, z lotniska Balice dotrzesz na miejsce poci\u0105giem podmiejskim, kt\u00f3ry zatrzyma si\u0119 na Dworcu G\u0142\u00f3wnym.<\/p>\n\n\n\n<p>Jad\u0105c samochodem, <a href=\"https:\/\/zdmk.krakow.pl\/parkowanie\/strefa-platnego-parkowania\/mapy\/mapa-strefy\/\" target=\"_blank\" rel=\"noreferrer noopener\">zwr\u00f3\u0107 uwag\u0119 na Stref\u0119 Parkowania<\/a> &#8211; Politechnika zlokalizowana jest w najdro\u017cszej strefie, A (<a href=\"https:\/\/zdmk.krakow.pl\/parkowanie\/strefa-platnego-parkowania\/informacje-ogolne-i-oplaty\/\" target=\"_blank\" rel=\"noreferrer noopener\">6 z\u0142otych\/godzin\u0119, od 10.00 do 20.00. <strong>W niedziel\u0119 parkowanie jest bezp\u0142atne<\/strong><\/a>).<\/p>\n\n\n\n<p>Zalecamy znalezienie noclegu z parkingiem w cenie lub parkowanie poza stref\u0105 (<strong>na terenie Politechniki nie ma mo\u017cliwo\u015bci parkowania<\/strong>).<\/p>\n<\/div>\n\n\n\n<div class=\"wp-block-column is-layout-flow wp-block-column-is-layout-flow\">\n<div class=\"googlemaps\">\n\t\t\t\t<iframe loading=\"lazy\" width=\"600\" height=\"450\" frameborder=\"0\" scrolling=\"no\" marginheight=\"0\" marginwidth=\"0\"  src=\"https:\/\/www.google.com\/maps\/embed?pb=!1m14!1m8!1m3!1d5121.521192462751!2d19.942764!3d50.072045!3m2!1i1024!2i768!4f13.1!3m3!1m2!1s0x47165b04a4a0d5bf:0x41a815e1860a19eb!2sCracow%20University%20of%20Technology!5e0!3m2!1sen!2spl!4v1715752936050!5m2!1sen!2spl\"><\/iframe>\n\t\t\t<\/div>\n<\/div>\n<\/div>\n\n\n\n<div style=\"height:25px\" aria-hidden=\"true\" class=\"wp-block-spacer\"><\/div>\n\n\n\n<hr class=\"wp-block-separator has-alpha-channel-opacity\" \/>\n\n\n\n<div style=\"height:25px\" aria-hidden=\"true\" class=\"wp-block-spacer\"><\/div>\n\n\n\n<h3 class=\"wp-block-heading\">Wyk\u0142ady<\/h3>\n\n\n\n<p>Wszystkie wyk\u0142ady oraz rozpocz\u0119cie i zako\u0144czenie b\u0119d\u0105 mia\u0142y miejsce w budynku &#8222;Dzia\u0142owni&#8221;. Zlokalizowanym w Kampusie przy ul. Warszawskiej.<\/p>\n\n\n\n<div class=\"wp-block-columns is-layout-flex wp-container-core-columns-is-layout-28f84493 wp-block-columns-is-layout-flex\">\n<div class=\"wp-block-column is-layout-flow wp-block-column-is-layout-flow\">\n<figure class=\"wp-block-image size-full\"><img data-recalc-dims=\"1\" loading=\"lazy\" decoding=\"async\" width=\"1000\" height=\"750\" src=\"https:\/\/i0.wp.com\/krakow.wordcamp.org\/2024\/files\/2024\/05\/dzialownia.jpg?resize=1000%2C750&#038;ssl=1\" alt=\"\" class=\"wp-image-2150\" srcset=\"https:\/\/i0.wp.com\/krakow.wordcamp.org\/2024\/files\/2024\/05\/dzialownia.jpg?w=1000&amp;ssl=1 1000w, https:\/\/i0.wp.com\/krakow.wordcamp.org\/2024\/files\/2024\/05\/dzialownia.jpg?resize=300%2C225&amp;ssl=1 300w, https:\/\/i0.wp.com\/krakow.wordcamp.org\/2024\/files\/2024\/05\/dzialownia.jpg?resize=768%2C576&amp;ssl=1 768w, https:\/\/i0.wp.com\/krakow.wordcamp.org\/2024\/files\/2024\/05\/dzialownia.jpg?resize=400%2C300&amp;ssl=1 400w\" sizes=\"auto, (max-width: 1000px) 100vw, 1000px\" \/><\/figure>\n<\/div>\n\n\n\n<div class=\"wp-block-column is-layout-flow wp-block-column-is-layout-flow\">\n<figure class=\"wp-block-image size-full\"><img data-recalc-dims=\"1\" loading=\"lazy\" decoding=\"async\" width=\"1000\" height=\"822\" src=\"https:\/\/i0.wp.com\/krakow.wordcamp.org\/2024\/files\/2024\/05\/plan-politechniki.png?resize=1000%2C822&#038;ssl=1\" alt=\"\" class=\"wp-image-2148\" srcset=\"https:\/\/i0.wp.com\/krakow.wordcamp.org\/2024\/files\/2024\/05\/plan-politechniki.png?w=1000&amp;ssl=1 1000w, https:\/\/i0.wp.com\/krakow.wordcamp.org\/2024\/files\/2024\/05\/plan-politechniki.png?resize=300%2C247&amp;ssl=1 300w, https:\/\/i0.wp.com\/krakow.wordcamp.org\/2024\/files\/2024\/05\/plan-politechniki.png?resize=768%2C631&amp;ssl=1 768w, https:\/\/i0.wp.com\/krakow.wordcamp.org\/2024\/files\/2024\/05\/plan-politechniki.png?resize=365%2C300&amp;ssl=1 365w\" sizes=\"auto, (max-width: 1000px) 100vw, 1000px\" \/><\/figure>\n<\/div>\n<\/div>\n\n\n\n<div style=\"height:25px\" aria-hidden=\"true\" class=\"wp-block-spacer\"><\/div>\n\n\n\n<hr class=\"wp-block-separator has-alpha-channel-opacity\" \/>\n\n\n\n<h3 class=\"wp-block-heading\">Warsztaty<\/h3>\n\n\n\n<p>Warsztaty b\u0119d\u0105 odbywa\u0142y si\u0119 w Budynku Galerii &#8222;GIL&#8221; &#8211; W-7 &#8211; podobnie jak lunch w sobot\u0119 i niedziel\u0119.<\/p>\n\n\n\n<p>Jest to budynek zlokalizowany 2 minuty spacerkiem od &#8222;Dzia\u0142owni&#8221;.<\/p>\n\n\n\n<div class=\"wp-block-columns is-layout-flex wp-container-core-columns-is-layout-28f84493 wp-block-columns-is-layout-flex\">\n<div class=\"wp-block-column is-layout-flow wp-block-column-is-layout-flow\">\n<figure class=\"wp-block-image size-full\"><img data-recalc-dims=\"1\" loading=\"lazy\" decoding=\"async\" width=\"800\" height=\"600\" src=\"https:\/\/i0.wp.com\/krakow.wordcamp.org\/2024\/files\/2024\/06\/gil-1.jpg?resize=800%2C600&#038;ssl=1\" alt=\"\" class=\"wp-image-3178\" srcset=\"https:\/\/i0.wp.com\/krakow.wordcamp.org\/2024\/files\/2024\/06\/gil-1.jpg?w=800&amp;ssl=1 800w, https:\/\/i0.wp.com\/krakow.wordcamp.org\/2024\/files\/2024\/06\/gil-1.jpg?resize=300%2C225&amp;ssl=1 300w, https:\/\/i0.wp.com\/krakow.wordcamp.org\/2024\/files\/2024\/06\/gil-1.jpg?resize=768%2C576&amp;ssl=1 768w, https:\/\/i0.wp.com\/krakow.wordcamp.org\/2024\/files\/2024\/06\/gil-1.jpg?resize=400%2C300&amp;ssl=1 400w\" sizes=\"auto, (max-width: 800px) 100vw, 800px\" \/><\/figure>\n<\/div>\n\n\n\n<div class=\"wp-block-column is-layout-flow wp-block-column-is-layout-flow\">\n<figure class=\"wp-block-image size-full\"><img data-recalc-dims=\"1\" loading=\"lazy\" decoding=\"async\" width=\"1000\" height=\"821\" src=\"https:\/\/i0.wp.com\/krakow.wordcamp.org\/2024\/files\/2024\/06\/gil-mapka-1.jpg?resize=1000%2C821&#038;ssl=1\" alt=\"\" class=\"wp-image-3179\" srcset=\"https:\/\/i0.wp.com\/krakow.wordcamp.org\/2024\/files\/2024\/06\/gil-mapka-1.jpg?w=1000&amp;ssl=1 1000w, https:\/\/i0.wp.com\/krakow.wordcamp.org\/2024\/files\/2024\/06\/gil-mapka-1.jpg?resize=300%2C246&amp;ssl=1 300w, https:\/\/i0.wp.com\/krakow.wordcamp.org\/2024\/files\/2024\/06\/gil-mapka-1.jpg?resize=768%2C631&amp;ssl=1 768w, https:\/\/i0.wp.com\/krakow.wordcamp.org\/2024\/files\/2024\/06\/gil-mapka-1.jpg?resize=365%2C300&amp;ssl=1 365w\" sizes=\"auto, (max-width: 1000px) 100vw, 1000px\" \/><\/figure>\n<\/div>\n<\/div>\n","protected":false},"excerpt":{"rendered":"<p>Politechnika KrakowskaBudynek &#8222;Dzia\u0142ownia&#8221;ul. Warszawska 2431-155 Krak\u00f3w Miejsce, w kt\u00f3rym si\u0119 spotkamy, zlokalizowane jest przy Dworcu G\u0142\u00f3wnym. Najwygodniej dojecha\u0107 tam komunikacj\u0105 miejsk\u0105 i wysi\u0105\u015b\u0107 na przystankach zlokalizowanych obok Politechniki lub Dworca G\u0142\u00f3wnego\/Galerii Krakowskiej (i podej\u015b\u0107 par\u0119 minut). Lec\u0105c samolotem, z lotniska Balice dotrzesz na miejsce poci\u0105giem podmiejskim, kt\u00f3ry zatrzyma si\u0119 na Dworcu G\u0142\u00f3wnym. Jad\u0105c samochodem, zwr\u00f3\u0107 [&hellip;]<\/p>\n","protected":false},"author":1014234,"featured_media":0,"parent":1180,"menu_order":0,"comment_status":"closed","ping_status":"closed","template":"","meta":{"jetpack_post_was_ever_published":false,"footnotes":""},"class_list":["post-1491","page","type-page","status-publish","hentry"],"jetpack_sharing_enabled":true,"_links":{"self":[{"href":"https:\/\/krakow.wordcamp.org\/2024\/wp-json\/wp\/v2\/pages\/1491","targetHints":{"allow":["GET"]}}],"collection":[{"href":"https:\/\/krakow.wordcamp.org\/2024\/wp-json\/wp\/v2\/pages"}],"about":[{"href":"https:\/\/krakow.wordcamp.org\/2024\/wp-json\/wp\/v2\/types\/page"}],"author":[{"embeddable":true,"href":"https:\/\/krakow.wordcamp.org\/2024\/wp-json\/wp\/v2\/users\/1014234"}],"replies":[{"embeddable":true,"href":"https:\/\/krakow.wordcamp.org\/2024\/wp-json\/wp\/v2\/comments?post=1491"}],"version-history":[{"count":19,"href":"https:\/\/krakow.wordcamp.org\/2024\/wp-json\/wp\/v2\/pages\/1491\/revisions"}],"predecessor-version":[{"id":3180,"href":"https:\/\/krakow.wordcamp.org\/2024\/wp-json\/wp\/v2\/pages\/1491\/revisions\/3180"}],"up":[{"embeddable":true,"href":"https:\/\/krakow.wordcamp.org\/2024\/wp-json\/wp\/v2\/pages\/1180"}],"wp:attachment":[{"href":"https:\/\/krakow.wordcamp.org\/2024\/wp-json\/wp\/v2\/media?parent=1491"}],"curies":[{"name":"wp","href":"https:\/\/api.w.org\/{rel}","templated":true}]}}