{"id":1493,"date":"2024-05-16T21:07:21","date_gmt":"2024-05-16T19:07:21","guid":{"rendered":"https:\/\/krakow.wordcamp.org\/2024\/?page_id=1493"},"modified":"2024-05-21T11:32:55","modified_gmt":"2024-05-21T09:32:55","slug":"before-party","status":"publish","type":"page","link":"https:\/\/krakow.wordcamp.org\/2024\/aktualnosci\/before-party\/","title":{"rendered":"Before Party"},"content":{"rendered":"\n<p><\/p>\n\n\n\n<div class=\"wp-block-columns is-layout-flex wp-container-core-columns-is-layout-28f84493 wp-block-columns-is-layout-flex\">\n<div class=\"wp-block-column is-layout-flow wp-block-column-is-layout-flow\">\n<p>Dlatego wszystkich tych, kt\u00f3rzy nie mog\u0105 doczeka\u0107 si\u0119 zobaczenia podczas oficjalnego rozpocz\u0119cia WordCampu w sobotni poranek <strong>zapraszamy<\/strong><\/p>\n\n\n\n<p><strong>w pi\u0105tek, 7 czerwca, na godzin\u0119 18.00<\/strong><\/p>\n\n\n\n<p><strong>na Before Party! <\/strong><\/p>\n\n\n\n<p>Do naszej dyspozycji b\u0119dzie widoczna na zdj\u0119ciu lo\u017ca, w kt\u00f3rej b\u0119dzie mo\u017cna od\u015bwie\u017cy\u0107 stare znajomo\u015bci oraz nawi\u0105za\u0107, czy te\u017c pog\u0142\u0119bi\u0107, nowe.<\/p>\n\n\n\n<p>Je\u017celi przyjdzie nas wi\u0119cej, to nie problem.<\/p>\n\n\n\n<p>Po prostu przetestujemy Diament przed sobotnim Middle Party LUB &#8230; znajdziemy wi\u0119kszy lokal.<\/p>\n\n\n\n<p>Do zobaczenia! <\/p>\n<\/div>\n\n\n\n<div class=\"wp-block-column is-layout-flow wp-block-column-is-layout-flow\">\n<div class=\"googlemaps\">\n\t\t\t\t<iframe loading=\"lazy\" width=\"425\" height=\"350\" frameborder=\"0\" scrolling=\"no\" marginheight=\"0\" marginwidth=\"0\"  src=\"https:\/\/www.google.com\/maps\/embed?pb=!1m18!1m12!1m3!1d2561.3720861562!2d19.939863092173745!3d50.06059294193301!2m3!1f0!2f0!3f0!3m2!1i1024!2i768!4f13.1!3m3!1m2!1s0x47165b115802902f:0xbd1d10af290023f3!2sDiament%20|%20Billiard%20Club!5e0!3m2!1sen!2spl!4v1715881491999!5m2!1sen!2spl&quot;\"><\/iframe>\n\t\t\t<\/div>\n<\/div>\n<\/div>\n\n\n\n<div style=\"height:10px\" aria-hidden=\"true\" class=\"wp-block-spacer\"><\/div>\n\n\n\n<figure class=\"wp-block-image size-full is-resized\"><img data-recalc-dims=\"1\" loading=\"lazy\" decoding=\"async\" width=\"1215\" height=\"911\" src=\"https:\/\/i0.wp.com\/krakow.wordcamp.org\/2024\/files\/2024\/05\/before-party.jpg?resize=1215%2C911&#038;ssl=1\" alt=\"\" class=\"wp-image-2631\" style=\"object-fit:cover;width:1070px;height:1070px\" srcset=\"https:\/\/i0.wp.com\/krakow.wordcamp.org\/2024\/files\/2024\/05\/before-party.jpg?w=1215&amp;ssl=1 1215w, https:\/\/i0.wp.com\/krakow.wordcamp.org\/2024\/files\/2024\/05\/before-party.jpg?resize=300%2C225&amp;ssl=1 300w, https:\/\/i0.wp.com\/krakow.wordcamp.org\/2024\/files\/2024\/05\/before-party.jpg?resize=1024%2C768&amp;ssl=1 1024w, https:\/\/i0.wp.com\/krakow.wordcamp.org\/2024\/files\/2024\/05\/before-party.jpg?resize=768%2C576&amp;ssl=1 768w, https:\/\/i0.wp.com\/krakow.wordcamp.org\/2024\/files\/2024\/05\/before-party.jpg?resize=400%2C300&amp;ssl=1 400w\" sizes=\"auto, (max-width: 1000px) 100vw, 1000px\" \/><\/figure>\n\n\n\n<figure class=\"wp-block-gallery has-nested-images columns-default is-cropped wp-block-gallery-1 is-layout-flex wp-block-gallery-is-layout-flex\"><\/figure>\n","protected":false},"excerpt":{"rendered":"<p>Dlatego wszystkich tych, kt\u00f3rzy nie mog\u0105 doczeka\u0107 si\u0119 zobaczenia podczas oficjalnego rozpocz\u0119cia WordCampu w sobotni poranek zapraszamy w pi\u0105tek, 7 czerwca, na godzin\u0119 18.00 na Before Party! Do naszej dyspozycji b\u0119dzie widoczna na zdj\u0119ciu lo\u017ca, w kt\u00f3rej b\u0119dzie mo\u017cna od\u015bwie\u017cy\u0107 stare znajomo\u015bci oraz nawi\u0105za\u0107, czy te\u017c pog\u0142\u0119bi\u0107, nowe. Je\u017celi przyjdzie nas wi\u0119cej, to nie problem. [&hellip;]<\/p>\n","protected":false},"author":1014234,"featured_media":0,"parent":1487,"menu_order":0,"comment_status":"closed","ping_status":"closed","template":"","meta":{"jetpack_post_was_ever_published":false,"footnotes":""},"class_list":["post-1493","page","type-page","status-publish","hentry"],"jetpack_sharing_enabled":true,"_links":{"self":[{"href":"https:\/\/krakow.wordcamp.org\/2024\/wp-json\/wp\/v2\/pages\/1493","targetHints":{"allow":["GET"]}}],"collection":[{"href":"https:\/\/krakow.wordcamp.org\/2024\/wp-json\/wp\/v2\/pages"}],"about":[{"href":"https:\/\/krakow.wordcamp.org\/2024\/wp-json\/wp\/v2\/types\/page"}],"author":[{"embeddable":true,"href":"https:\/\/krakow.wordcamp.org\/2024\/wp-json\/wp\/v2\/users\/1014234"}],"replies":[{"embeddable":true,"href":"https:\/\/krakow.wordcamp.org\/2024\/wp-json\/wp\/v2\/comments?post=1493"}],"version-history":[{"count":8,"href":"https:\/\/krakow.wordcamp.org\/2024\/wp-json\/wp\/v2\/pages\/1493\/revisions"}],"predecessor-version":[{"id":2774,"href":"https:\/\/krakow.wordcamp.org\/2024\/wp-json\/wp\/v2\/pages\/1493\/revisions\/2774"}],"up":[{"embeddable":true,"href":"https:\/\/krakow.wordcamp.org\/2024\/wp-json\/wp\/v2\/pages\/1487"}],"wp:attachment":[{"href":"https:\/\/krakow.wordcamp.org\/2024\/wp-json\/wp\/v2\/media?parent=1493"}],"curies":[{"name":"wp","href":"https:\/\/api.w.org\/{rel}","templated":true}]}}