{"id":1495,"date":"2024-05-16T19:58:46","date_gmt":"2024-05-16T17:58:46","guid":{"rendered":"https:\/\/krakow.wordcamp.org\/2024\/?page_id=1495"},"modified":"2024-05-16T21:38:38","modified_gmt":"2024-05-16T19:38:38","slug":"middle-party","status":"publish","type":"page","link":"https:\/\/krakow.wordcamp.org\/2024\/aktualnosci\/middle-party\/","title":{"rendered":"Middle Party"},"content":{"rendered":"\n<div class=\"wp-block-columns is-layout-flex wp-container-core-columns-is-layout-28f84493 wp-block-columns-is-layout-flex\">\n<div class=\"wp-block-column is-layout-flow wp-block-column-is-layout-flow\">\n<p>Nieodzownym punktem WordCampa jest integracja, kt\u00f3ra cz\u0119sto trwa do bia\u0142ego rana (niekoniecznie tam, gdzie si\u0119 zaczyna \ud83d\ude42<\/p>\n\n\n\n<p>W sobot\u0119 8 czerwca, po intensywnym dniu pe\u0142nym prelekcji i niezapomnianych wra\u017ce\u0144, zapraszamy Was <\/p>\n\n\n\n<p>na <strong>godzin\u0119 18.00<\/strong> <\/p>\n\n\n\n<p>na Middle Party do <strong>Klubu Bilardowego Diament\u00a0<\/strong>(<a href=\"https:\/\/klubdiament.pl\/\" target=\"_blank\" rel=\"noreferrer noopener\">Krak\u00f3w, ul. Zyblikiewicza 2<\/a><em>)<\/em>.<\/p>\n\n\n\n<p>Do naszej dyspozycji b\u0119dzie <strong>na wy\u0142\u0105czno\u015b\u0107<\/strong>:<\/p>\n\n\n\n<ul class=\"wp-block-list\">\n<li><strong>16 <\/strong>sto\u0142\u00f3w bilardowych, <\/li>\n\n\n\n<li><strong>7<\/strong> dart&#8217;\u00f3w<\/li>\n\n\n\n<li>oraz oczywi\u015bcie <strong>vouchery <\/strong>do wykorzystania przy barze.<\/li>\n<\/ul>\n\n\n\n<p>Do zobaczenia! <\/p>\n<\/div>\n\n\n\n<div class=\"wp-block-column is-layout-flow wp-block-column-is-layout-flow\">\n<div class=\"googlemaps\">\n\t\t\t\t<iframe loading=\"lazy\" width=\"425\" height=\"350\" frameborder=\"0\" scrolling=\"no\" marginheight=\"0\" marginwidth=\"0\"  src=\"https:\/\/www.google.com\/maps\/embed?pb=!1m18!1m12!1m3!1d2561.3720861562!2d19.939863092173745!3d50.06059294193301!2m3!1f0!2f0!3f0!3m2!1i1024!2i768!4f13.1!3m3!1m2!1s0x47165b115802902f:0xbd1d10af290023f3!2sDiament%20|%20Billiard%20Club!5e0!3m2!1sen!2spl!4v1715881491999!5m2!1sen!2spl&quot;\"><\/iframe>\n\t\t\t<\/div>\n<\/div>\n<\/div>\n\n\n\n<div style=\"height:10px\" aria-hidden=\"true\" class=\"wp-block-spacer\"><\/div>\n\n\n\n<figure class=\"wp-block-image size-full\"><img data-recalc-dims=\"1\" loading=\"lazy\" decoding=\"async\" width=\"2560\" height=\"1920\" src=\"https:\/\/i0.wp.com\/krakow.wordcamp.org\/2024\/files\/2024\/04\/sala-dol-1-scaled.jpg?resize=2560%2C1920&#038;ssl=1\" alt=\"\" class=\"wp-image-1786\" style=\"object-fit:cover\" srcset=\"https:\/\/i0.wp.com\/krakow.wordcamp.org\/2024\/files\/2024\/04\/sala-dol-1-scaled.jpg?w=2560&amp;ssl=1 2560w, https:\/\/i0.wp.com\/krakow.wordcamp.org\/2024\/files\/2024\/04\/sala-dol-1-scaled.jpg?resize=300%2C225&amp;ssl=1 300w, https:\/\/i0.wp.com\/krakow.wordcamp.org\/2024\/files\/2024\/04\/sala-dol-1-scaled.jpg?resize=1024%2C768&amp;ssl=1 1024w, https:\/\/i0.wp.com\/krakow.wordcamp.org\/2024\/files\/2024\/04\/sala-dol-1-scaled.jpg?resize=768%2C576&amp;ssl=1 768w, https:\/\/i0.wp.com\/krakow.wordcamp.org\/2024\/files\/2024\/04\/sala-dol-1-scaled.jpg?resize=400%2C300&amp;ssl=1 400w, https:\/\/i0.wp.com\/krakow.wordcamp.org\/2024\/files\/2024\/04\/sala-dol-1-scaled.jpg?resize=1536%2C1152&amp;ssl=1 1536w, https:\/\/i0.wp.com\/krakow.wordcamp.org\/2024\/files\/2024\/04\/sala-dol-1-scaled.jpg?resize=2048%2C1536&amp;ssl=1 2048w\" sizes=\"auto, (max-width: 1000px) 100vw, 1000px\" \/><\/figure>\n\n\n\n<figure class=\"wp-block-gallery has-nested-images columns-3 is-cropped wp-block-gallery-1 is-layout-flex wp-block-gallery-is-layout-flex\">\n<figure class=\"wp-block-image size-full\"><img data-recalc-dims=\"1\" loading=\"lazy\" decoding=\"async\" width=\"849\" height=\"634\" data-id=\"1787\" src=\"https:\/\/i0.wp.com\/krakow.wordcamp.org\/2024\/files\/2024\/04\/dart.jpg?resize=849%2C634&#038;ssl=1\" alt=\"\" class=\"wp-image-1787\" srcset=\"https:\/\/i0.wp.com\/krakow.wordcamp.org\/2024\/files\/2024\/04\/dart.jpg?w=849&amp;ssl=1 849w, https:\/\/i0.wp.com\/krakow.wordcamp.org\/2024\/files\/2024\/04\/dart.jpg?resize=300%2C224&amp;ssl=1 300w, https:\/\/i0.wp.com\/krakow.wordcamp.org\/2024\/files\/2024\/04\/dart.jpg?resize=768%2C574&amp;ssl=1 768w, https:\/\/i0.wp.com\/krakow.wordcamp.org\/2024\/files\/2024\/04\/dart.jpg?resize=402%2C300&amp;ssl=1 402w\" sizes=\"auto, (max-width: 849px) 100vw, 849px\" \/><\/figure>\n\n\n\n<figure class=\"wp-block-image size-full\"><img data-recalc-dims=\"1\" loading=\"lazy\" decoding=\"async\" width=\"890\" height=\"667\" data-id=\"1789\" src=\"https:\/\/i0.wp.com\/krakow.wordcamp.org\/2024\/files\/2024\/04\/bilard-3.jpg?resize=890%2C667&#038;ssl=1\" alt=\"\" class=\"wp-image-1789\" srcset=\"https:\/\/i0.wp.com\/krakow.wordcamp.org\/2024\/files\/2024\/04\/bilard-3.jpg?w=890&amp;ssl=1 890w, https:\/\/i0.wp.com\/krakow.wordcamp.org\/2024\/files\/2024\/04\/bilard-3.jpg?resize=300%2C225&amp;ssl=1 300w, https:\/\/i0.wp.com\/krakow.wordcamp.org\/2024\/files\/2024\/04\/bilard-3.jpg?resize=768%2C576&amp;ssl=1 768w, https:\/\/i0.wp.com\/krakow.wordcamp.org\/2024\/files\/2024\/04\/bilard-3.jpg?resize=400%2C300&amp;ssl=1 400w\" sizes=\"auto, (max-width: 890px) 100vw, 890px\" \/><\/figure>\n\n\n\n<figure class=\"wp-block-image size-full\"><img data-recalc-dims=\"1\" loading=\"lazy\" decoding=\"async\" width=\"893\" height=\"667\" data-id=\"1790\" src=\"https:\/\/i0.wp.com\/krakow.wordcamp.org\/2024\/files\/2024\/04\/bar.jpg?resize=893%2C667&#038;ssl=1\" alt=\"\" class=\"wp-image-1790\" srcset=\"https:\/\/i0.wp.com\/krakow.wordcamp.org\/2024\/files\/2024\/04\/bar.jpg?w=893&amp;ssl=1 893w, https:\/\/i0.wp.com\/krakow.wordcamp.org\/2024\/files\/2024\/04\/bar.jpg?resize=300%2C224&amp;ssl=1 300w, https:\/\/i0.wp.com\/krakow.wordcamp.org\/2024\/files\/2024\/04\/bar.jpg?resize=768%2C574&amp;ssl=1 768w, https:\/\/i0.wp.com\/krakow.wordcamp.org\/2024\/files\/2024\/04\/bar.jpg?resize=402%2C300&amp;ssl=1 402w\" sizes=\"auto, (max-width: 893px) 100vw, 893px\" \/><\/figure>\n<\/figure>\n\n\n\n<p><\/p>\n","protected":false},"excerpt":{"rendered":"<p>Nieodzownym punktem WordCampa jest integracja, kt\u00f3ra cz\u0119sto trwa do bia\u0142ego rana (niekoniecznie tam, gdzie si\u0119 zaczyna \ud83d\ude42 W sobot\u0119 8 czerwca, po intensywnym dniu pe\u0142nym prelekcji i niezapomnianych wra\u017ce\u0144, zapraszamy Was na godzin\u0119 18.00 na Middle Party do Klubu Bilardowego Diament\u00a0(Krak\u00f3w, ul. Zyblikiewicza 2). Do naszej dyspozycji b\u0119dzie na wy\u0142\u0105czno\u015b\u0107: Do zobaczenia!<\/p>\n","protected":false},"author":1014234,"featured_media":1789,"parent":1487,"menu_order":0,"comment_status":"closed","ping_status":"closed","template":"","meta":{"jetpack_post_was_ever_published":false,"footnotes":""},"class_list":["post-1495","page","type-page","status-publish","has-post-thumbnail","hentry"],"jetpack_sharing_enabled":true,"_links":{"self":[{"href":"https:\/\/krakow.wordcamp.org\/2024\/wp-json\/wp\/v2\/pages\/1495","targetHints":{"allow":["GET"]}}],"collection":[{"href":"https:\/\/krakow.wordcamp.org\/2024\/wp-json\/wp\/v2\/pages"}],"about":[{"href":"https:\/\/krakow.wordcamp.org\/2024\/wp-json\/wp\/v2\/types\/page"}],"author":[{"embeddable":true,"href":"https:\/\/krakow.wordcamp.org\/2024\/wp-json\/wp\/v2\/users\/1014234"}],"replies":[{"embeddable":true,"href":"https:\/\/krakow.wordcamp.org\/2024\/wp-json\/wp\/v2\/comments?post=1495"}],"version-history":[{"count":21,"href":"https:\/\/krakow.wordcamp.org\/2024\/wp-json\/wp\/v2\/pages\/1495\/revisions"}],"predecessor-version":[{"id":2638,"href":"https:\/\/krakow.wordcamp.org\/2024\/wp-json\/wp\/v2\/pages\/1495\/revisions\/2638"}],"up":[{"embeddable":true,"href":"https:\/\/krakow.wordcamp.org\/2024\/wp-json\/wp\/v2\/pages\/1487"}],"wp:featuredmedia":[{"embeddable":true,"href":"https:\/\/krakow.wordcamp.org\/2024\/wp-json\/wp\/v2\/media\/1789"}],"wp:attachment":[{"href":"https:\/\/krakow.wordcamp.org\/2024\/wp-json\/wp\/v2\/media?parent=1495"}],"curies":[{"name":"wp","href":"https:\/\/api.w.org\/{rel}","templated":true}]}}