{"id":1497,"date":"2024-04-28T16:09:19","date_gmt":"2024-04-28T14:09:19","guid":{"rendered":"https:\/\/krakow.wordcamp.org\/2024\/?page_id=1497"},"modified":"2024-05-17T08:46:28","modified_gmt":"2024-05-17T06:46:28","slug":"baza-noclegowa","status":"publish","type":"page","link":"https:\/\/krakow.wordcamp.org\/2024\/aktualnosci\/baza-noclegowa\/","title":{"rendered":"Baza noclegowa"},"content":{"rendered":"\n<div class=\"wp-block-group alignfull has-background-background-color has-background has-global-padding is-layout-constrained wp-container-core-group-is-layout-4383d167 wp-block-group-is-layout-constrained\">\n<p>Przygotowali\u015bmy dla Was baz\u0119 noclegow\u0105. Na podane poni\u017cej has\u0142a otrzymacie wskazan\u0105 przy danym hotelu zni\u017ck\u0119.<\/p>\n\n\n\n<p>Lista hoteli jest aktualizowana na bie\u017c\u0105co.<\/p>\n<\/div>\n\n\n\n<hr class=\"wp-block-separator has-alpha-channel-opacity is-style-default\" \/>\n\n\n\n<section class=\"wp-block-group has-global-padding is-layout-constrained wp-block-group-is-layout-constrained\">\n<div class=\"wp-block-media-text is-stacked-on-mobile\" style=\"grid-template-columns:30% auto\"><figure class=\"wp-block-media-text__media\"><img data-recalc-dims=\"1\" loading=\"lazy\" decoding=\"async\" width=\"621\" height=\"348\" src=\"https:\/\/i0.wp.com\/krakow.wordcamp.org\/2024\/files\/2024\/05\/bonerowska.jpg?resize=621%2C348&#038;ssl=1\" alt=\"\" class=\"wp-image-2137 size-full\" srcset=\"https:\/\/i0.wp.com\/krakow.wordcamp.org\/2024\/files\/2024\/05\/bonerowska.jpg?w=621&amp;ssl=1 621w, https:\/\/i0.wp.com\/krakow.wordcamp.org\/2024\/files\/2024\/05\/bonerowska.jpg?resize=300%2C168&amp;ssl=1 300w, https:\/\/i0.wp.com\/krakow.wordcamp.org\/2024\/files\/2024\/05\/bonerowska.jpg?resize=500%2C280&amp;ssl=1 500w\" sizes=\"auto, (max-width: 621px) 100vw, 621px\" \/><\/figure><div class=\"wp-block-media-text__content\">\n<h2 class=\"wp-block-heading\">Apartamenty Bonerowska<\/h2>\n\n\n\n<p>Apartamenty zlokalizowane blisko sobotniego Middle Party.<\/p>\n\n\n\n<p>ul. Bonerowska 5, Krak\u00f3w<br>+48 883 900 005, +48 12 376 95 94<\/p>\n\n\n\n<p><a href=\"https:\/\/bonerowska5.pl\/\" target=\"_blank\" rel=\"noreferrer noopener nofollow\">Strona www<\/a><\/p>\n\n\n\n<p>Has\u0142o: WordCamp<\/p>\n\n\n\n<p><strong>Jak skorzysta\u0107 ze zni\u017cki?<\/strong><\/p>\n\n\n\n<p>Skontaktuj si\u0119 bezpo\u015brednio z obiektem, podaj\u0105c ustalone has\u0142o.<\/p>\n<\/div><\/div>\n\n\n\n<hr class=\"wp-block-separator has-alpha-channel-opacity\" \/>\n<\/section>\n\n\n\n<section class=\"wp-block-group has-global-padding is-layout-constrained wp-block-group-is-layout-constrained\">\n<div class=\"wp-block-media-text has-media-on-the-right is-stacked-on-mobile\" style=\"grid-template-columns:auto 30%\"><div class=\"wp-block-media-text__content\">\n<h2 class=\"wp-block-heading\">Hotel Wyspia\u0144ski<\/h2>\n\n\n\n<p>Lokalizacja zaraz obok miejsca sobotniego Middle Party \ud83d\ude42<\/p>\n\n\n\n<p>ul. Westerplatte 1 5, 31-033 Krak\u00f3w<br>+48 12 422 95 66<\/p>\n\n\n\n<p>Has\u0142o: WCK24<\/p>\n\n\n\n<p><strong>Jak skorzysta\u0107 ze zni\u017cki<\/strong>?<\/p>\n\n\n\n<p>1. wejd\u017a na stron\u0119&nbsp;<a href=\"https:\/\/www.hotel-wyspianski.pl\/\" target=\"_blank\" rel=\"noreferrer noopener\">https:\/\/www.hotel-wyspianski.pl\/<\/a><\/p>\n\n\n\n<p>2. kliknij w r\u00f3\u017cowy odno\u015bnik&nbsp;<strong>REZERWUJ ONLINE<\/strong><\/p>\n\n\n\n<p>3. wybierz dat\u0119 pobytu<\/p>\n\n\n\n<p>4. w g\u00f3rnym pasku na ekranie poka\u017ce si\u0119 odno\u015bnik&nbsp;<strong>Wpisz kod<\/strong> &#8211; wpisz&nbsp;<strong>WCK24<\/strong><\/p>\n\n\n\n<p>Po wpisaniu kodu i zatwierdzeniu rozwinie si\u0119 oferta z pokojami do wyboru w cenach po rabacie.<\/p>\n<\/div><figure class=\"wp-block-media-text__media\"><img data-recalc-dims=\"1\" loading=\"lazy\" decoding=\"async\" width=\"601\" height=\"385\" src=\"https:\/\/i0.wp.com\/krakow.wordcamp.org\/2024\/files\/2024\/05\/hotel-wyspianski.jpg?resize=601%2C385&#038;ssl=1\" alt=\"\" class=\"wp-image-2077 size-full\" srcset=\"https:\/\/i0.wp.com\/krakow.wordcamp.org\/2024\/files\/2024\/05\/hotel-wyspianski.jpg?w=601&amp;ssl=1 601w, https:\/\/i0.wp.com\/krakow.wordcamp.org\/2024\/files\/2024\/05\/hotel-wyspianski.jpg?resize=300%2C192&amp;ssl=1 300w, https:\/\/i0.wp.com\/krakow.wordcamp.org\/2024\/files\/2024\/05\/hotel-wyspianski.jpg?resize=468%2C300&amp;ssl=1 468w\" sizes=\"auto, (max-width: 601px) 100vw, 601px\" \/><\/figure><\/div>\n\n\n\n<hr class=\"wp-block-separator has-alpha-channel-opacity\" \/>\n<\/section>\n\n\n\n<section class=\"wp-block-group has-global-padding is-layout-constrained wp-block-group-is-layout-constrained\">\n<div class=\"wp-block-media-text is-stacked-on-mobile\" style=\"grid-template-columns:30% auto\"><figure class=\"wp-block-media-text__media\"><img data-recalc-dims=\"1\" loading=\"lazy\" decoding=\"async\" width=\"300\" height=\"200\" src=\"https:\/\/i0.wp.com\/krakow.wordcamp.org\/2024\/files\/2024\/05\/hotele-kazimierz.jpg?resize=300%2C200&#038;ssl=1\" alt=\"\" class=\"wp-image-2139 size-full\" \/><\/figure><div class=\"wp-block-media-text__content\">\n<h2 class=\"wp-block-heading\">Hotel Kazimierz<\/h2>\n\n\n\n<p>Kilka lokalizacji, wszystkie na terenie Kazimierza.<\/p>\n\n\n\n<p>ul. Miodowa 16, 31-055 Krak\u00f3w<br>+48 12 433 97 95<\/p>\n\n\n\n<p><a href=\"https:\/\/www.hk.com.pl\/pl\/\" target=\"_blank\" rel=\"noreferrer noopener nofollow\"><\/a><a href=\"https:\/\/www.hk.com.pl\/pl\/\" target=\"_blank\" rel=\"noreferrer noopener\">Strona www<\/a><\/p>\n\n\n\n<p>Has\u0142o: WordCamp<\/p>\n\n\n\n<p>Jak skorzysta\u0107 ze zni\u017cki?<\/p>\n\n\n\n<p><strong>Jak skorzysta\u0107 ze zni\u017cki?<\/strong><\/p>\n\n\n\n<p>Skontaktuj si\u0119 bezpo\u015brednio z hotelem, podaj\u0105c ustalone has\u0142o, aby uzyska\u0107 podane ceny:<\/p>\n\n\n\n<ul class=\"wp-block-list\">\n<li>pok\u00f3j 1-os. ze \u015bniadaniem w cenie 300 PLN<\/li>\n\n\n\n<li>pok\u00f3j 2-os. ze \u015bniadaniem w cenie 320 PLN<\/li>\n<\/ul>\n<\/div><\/div>\n\n\n\n<hr class=\"wp-block-separator has-alpha-channel-opacity\" \/>\n<\/section>\n\n\n\n<section class=\"wp-block-group has-global-padding is-layout-constrained wp-block-group-is-layout-constrained\">\n<div class=\"wp-block-media-text has-media-on-the-right is-stacked-on-mobile\" style=\"grid-template-columns:auto 30%\"><div class=\"wp-block-media-text__content\">\n<h2 class=\"wp-block-heading\">Hotel Ibis Styles Krak\u00f3w Centrum<\/h2>\n\n\n\n<p>ul. Mogilska 53, 31-545 Krak\u00f3w<br>+48 12 422 95 66<\/p>\n\n\n\n<p><a href=\"https:\/\/all.accor.com\/hotel\/B579\/index.pl.shtml\" target=\"_blank\" rel=\"noreferrer noopener nofollow\">Strona www<\/a><\/p>\n\n\n\n<p>Has\u0142o: WordCamp Krak\u00f3w<\/p>\n\n\n\n<p><strong>Jak skorzysta\u0107 ze zni\u017cki<\/strong>?<\/p>\n\n\n\n<p>Skontaktuj si\u0119 bezpo\u015brednio z hotelem, wysy\u0142aj\u0105c email z has\u0142em <strong>WordCamp Krak\u00f3w<\/strong> na adres: HB579-RE@ACCOR.COM<\/p>\n\n\n\n<ul class=\"wp-block-list\">\n<li>Pok\u00f3j jednoosobowy ze \u015bniadaniem &#8211; 320 z\u0142\/doba<\/li>\n\n\n\n<li>Pok\u00f3j dwuosobowy ze \u015bniadaniem \u2013 360 z\u0142\/doba<\/li>\n<\/ul>\n<\/div><figure class=\"wp-block-media-text__media\"><img data-recalc-dims=\"1\" loading=\"lazy\" decoding=\"async\" width=\"553\" height=\"394\" src=\"https:\/\/i0.wp.com\/krakow.wordcamp.org\/2024\/files\/2024\/04\/ibis-styles-krakow-centrum-4.jpg?resize=553%2C394&#038;ssl=1\" alt=\"\" class=\"wp-image-1792 size-full\" srcset=\"https:\/\/i0.wp.com\/krakow.wordcamp.org\/2024\/files\/2024\/04\/ibis-styles-krakow-centrum-4.jpg?w=553&amp;ssl=1 553w, https:\/\/i0.wp.com\/krakow.wordcamp.org\/2024\/files\/2024\/04\/ibis-styles-krakow-centrum-4.jpg?resize=300%2C214&amp;ssl=1 300w, https:\/\/i0.wp.com\/krakow.wordcamp.org\/2024\/files\/2024\/04\/ibis-styles-krakow-centrum-4.jpg?resize=421%2C300&amp;ssl=1 421w\" sizes=\"auto, (max-width: 553px) 100vw, 553px\" \/><\/figure><\/div>\n<\/section>\n","protected":false},"excerpt":{"rendered":"<p>Przygotowali\u015bmy dla Was baz\u0119 noclegow\u0105. Na podane poni\u017cej has\u0142a otrzymacie wskazan\u0105 przy danym hotelu zni\u017ck\u0119. Lista hoteli jest aktualizowana na bie\u017c\u0105co. Apartamenty Bonerowska Apartamenty zlokalizowane blisko sobotniego Middle Party. ul. Bonerowska 5, Krak\u00f3w+48 883 900 005, +48 12 376 95 94 Strona www Has\u0142o: WordCamp Jak skorzysta\u0107 ze zni\u017cki? Skontaktuj si\u0119 bezpo\u015brednio z obiektem, podaj\u0105c [&hellip;]<\/p>\n","protected":false},"author":1014234,"featured_media":0,"parent":1487,"menu_order":0,"comment_status":"closed","ping_status":"closed","template":"","meta":{"jetpack_post_was_ever_published":false,"footnotes":""},"class_list":["post-1497","page","type-page","status-publish","hentry"],"jetpack_sharing_enabled":true,"_links":{"self":[{"href":"https:\/\/krakow.wordcamp.org\/2024\/wp-json\/wp\/v2\/pages\/1497","targetHints":{"allow":["GET"]}}],"collection":[{"href":"https:\/\/krakow.wordcamp.org\/2024\/wp-json\/wp\/v2\/pages"}],"about":[{"href":"https:\/\/krakow.wordcamp.org\/2024\/wp-json\/wp\/v2\/types\/page"}],"author":[{"embeddable":true,"href":"https:\/\/krakow.wordcamp.org\/2024\/wp-json\/wp\/v2\/users\/1014234"}],"replies":[{"embeddable":true,"href":"https:\/\/krakow.wordcamp.org\/2024\/wp-json\/wp\/v2\/comments?post=1497"}],"version-history":[{"count":21,"href":"https:\/\/krakow.wordcamp.org\/2024\/wp-json\/wp\/v2\/pages\/1497\/revisions"}],"predecessor-version":[{"id":2660,"href":"https:\/\/krakow.wordcamp.org\/2024\/wp-json\/wp\/v2\/pages\/1497\/revisions\/2660"}],"up":[{"embeddable":true,"href":"https:\/\/krakow.wordcamp.org\/2024\/wp-json\/wp\/v2\/pages\/1487"}],"wp:attachment":[{"href":"https:\/\/krakow.wordcamp.org\/2024\/wp-json\/wp\/v2\/media?parent=1497"}],"curies":[{"name":"wp","href":"https:\/\/api.w.org\/{rel}","templated":true}]}}