{"id":1749,"date":"2024-04-27T09:25:19","date_gmt":"2024-04-27T07:25:19","guid":{"rendered":"https:\/\/krakow.wordcamp.org\/2024\/?page_id=1749"},"modified":"2024-06-26T15:37:24","modified_gmt":"2024-06-26T13:37:24","slug":"materialy-wsparcia","status":"publish","type":"page","link":"https:\/\/krakow.wordcamp.org\/2024\/czym-w-ogole-jest-wordcamp\/materialy-wsparcia\/","title":{"rendered":"Materia\u0142y wsparcia"},"content":{"rendered":"\n<p>Chcesz wesprze\u0107 Krakowskiego WordCampa? Ustaw tematyczn\u0105 ok\u0142adk\u0119 swojego profilu na social mediach i pochwal si\u0119 znajomym uczestnictwem w naszym wydarzeniu.<\/p>\n\n\n\n<div class=\"wp-block-group has-global-padding is-layout-constrained wp-block-group-is-layout-constrained\">\n<h2 class=\"wp-block-heading\">Facebook<\/h2>\n\n\n\n<ul class=\"wp-block-list\">\n<li><a href=\"https:\/\/krakow.wordcamp.org\/2024\/files\/2024\/05\/2024-05-16-spotkajmy-sie-cover-Facebook.png\">Spotkajmy si\u0119 7-9 czerwca na WordCamp Krak\u00f3w 2024<\/a><\/li>\n\n\n\n<li><a href=\"https:\/\/krakow.wordcamp.org\/2024\/files\/2024\/04\/2024-04-23-jestem-uczestniczka-WordCamp-Krakow-2024-Facebook-cover-ok.png\">Jestem uczestniczk\u0105 WordCamp Krak\u00f3w 2024<\/a><\/li>\n\n\n\n<li><a href=\"https:\/\/krakow.wordcamp.org\/2024\/files\/2024\/04\/2024-04-23-jestem-uczestnikiem-WordCamp-Krakow-2024-Facebook-cover-ok.png\">Jestem uczestnikiem WordCamp Krak\u00f3w 2024<\/a><\/li>\n\n\n\n<li><a href=\"https:\/\/krakow.wordcamp.org\/2024\/files\/2024\/04\/2024-04-23-jestem-prelegentem-WordCamp-Krakow-2024-Facebook-cover-ok.png\">Jestem prelegentem WordCamp Krak\u00f3w 2024<\/a><\/li>\n\n\n\n<li><a href=\"https:\/\/krakow.wordcamp.org\/2024\/files\/2024\/04\/2024-04-23-jestem-prelegentka-WordCamp-Krakow-2024-Facebook-cover-ok.png\">Jestem prelegentk\u0105 WordCamp Krak\u00f3w 2024<\/a><\/li>\n\n\n\n<li><a href=\"https:\/\/krakow.wordcamp.org\/2024\/files\/2024\/04\/2024-04-23-jestem-wolontariuszem-WordCamp-Krakow-2024-Facebook-cover-ok.png\">Jestem wolontariuszem WordCamp Krak\u00f3w 2024<\/a><\/li>\n\n\n\n<li><a href=\"https:\/\/krakow.wordcamp.org\/2024\/files\/2024\/04\/2024-04-23-jestem-wolontariuszka-WordCamp-Krakow-2024-Facebook-cover-ok.png\">Jestem wolontariuszk\u0105 WordCamp Krak\u00f3w 2024<\/a><\/li>\n\n\n\n<li><a href=\"https:\/\/krakow.wordcamp.org\/2024\/files\/2024\/04\/2024-04-23-jestem-organizatorem-WordCamp-Krakow-2024-Facebook-cover-ok.png\">Jestem organizatorem WordCamp Krak\u00f3w 2024<\/a><\/li>\n\n\n\n<li><a href=\"https:\/\/krakow.wordcamp.org\/2024\/files\/2024\/04\/2024-04-23-jestem-prelegentem-WordCamp-Krakow-2024-Facebook-cover-ok.png\">Jestem organizatork\u0105 WordCamp Krak\u00f3w 2024<\/a><\/li>\n<\/ul>\n<\/div>\n\n\n\n<div class=\"wp-block-group has-global-padding is-layout-constrained wp-block-group-is-layout-constrained\">\n<h2 class=\"wp-block-heading\">LinkedIn<\/h2>\n\n\n\n<ul class=\"wp-block-list\">\n<li><a href=\"https:\/\/krakow.wordcamp.org\/2024\/files\/2024\/04\/2024-04-30-spotkajmy-sie-cover-LinkedIn.png\">Spotkajmy si\u0119 7-9 czerwca na WordCamp Krak\u00f3w 2024<\/a><\/li>\n\n\n\n<li><a href=\"https:\/\/krakow.wordcamp.org\/2024\/files\/2024\/04\/2024-04-23-jestem-uczestniczka-WordCamp-Krakow-2024-LinkedIn-cover.png\">Jestem uczestniczk\u0105 WordCamp Krak\u00f3w 2024<\/a><\/li>\n\n\n\n<li><a href=\"https:\/\/krakow.wordcamp.org\/2024\/files\/2024\/04\/2024-04-23-jestem-uczestnikiem-WordCamp-Krakow-2024-LinkedIn-cover.png\">Jestem uczestnikiem WordCamp Krak\u00f3w 2024<\/a><\/li>\n\n\n\n<li><a href=\"https:\/\/krakow.wordcamp.org\/2024\/files\/2024\/04\/2024-04-23-jestem-prelegentem-WordCamp-Krakow-2024-LinkedIn-cover.png\">Jestem prelegentem WordCamp Krak\u00f3w 2024<\/a><\/li>\n\n\n\n<li><a href=\"https:\/\/krakow.wordcamp.org\/2024\/files\/2024\/04\/2024-04-23-jestem-prelegentka-WordCamp-Krakow-2024-LinkedIn-cover.png\">Jestem prelegentk\u0105 WordCamp Krak\u00f3w 2024<\/a><\/li>\n\n\n\n<li><a href=\"https:\/\/krakow.wordcamp.org\/2024\/files\/2024\/04\/2024-04-23-jestem-wolontariuszem-WordCamp-Krakow-2024-LinkedIn-cover.png\">Jestem wolontariuszem WordCamp Krak\u00f3w 2024<\/a><\/li>\n\n\n\n<li><a href=\"https:\/\/krakow.wordcamp.org\/2024\/files\/2024\/04\/2024-04-23-jestem-wolontariuszka-WordCamp-Krakow-2024-LinkedIn-cover.png\">Jestem wolontariuszk\u0105 WordCamp Krak\u00f3w 2024<\/a><\/li>\n\n\n\n<li><a href=\"https:\/\/krakow.wordcamp.org\/2024\/files\/2024\/04\/2024-04-23-jestem-organizatorem-WordCamp-Krakow-2024-LinkedIn-cover.png\">Jestem organizatorem WordCamp Krak\u00f3w 2024<\/a><\/li>\n\n\n\n<li><a href=\"https:\/\/krakow.wordcamp.org\/2024\/files\/2024\/04\/2024-04-23-jestem-organizatorka-WordCamp-Krakow-2024-LinkedIn-cover.png\">Jestem organizatork\u0105 WordCamp Krak\u00f3w 2024<\/a><\/li>\n<\/ul>\n<\/div>\n\n\n\n<h2 class=\"wp-block-heading\">Inne materia\u0142y<\/h2>\n\n\n\n<div class=\"wp-block-media-text is-stacked-on-mobile\" style=\"grid-template-columns:20% auto\"><figure class=\"wp-block-media-text__media\"><img data-recalc-dims=\"1\" loading=\"lazy\" decoding=\"async\" width=\"400\" height=\"400\" src=\"https:\/\/i0.wp.com\/krakow.wordcamp.org\/2024\/files\/2024\/01\/avatar.jpg?resize=400%2C400&#038;ssl=1\" alt=\"\" class=\"wp-image-201 size-full\" srcset=\"https:\/\/i0.wp.com\/krakow.wordcamp.org\/2024\/files\/2024\/01\/avatar.jpg?w=400&amp;ssl=1 400w, https:\/\/i0.wp.com\/krakow.wordcamp.org\/2024\/files\/2024\/01\/avatar.jpg?resize=300%2C300&amp;ssl=1 300w, https:\/\/i0.wp.com\/krakow.wordcamp.org\/2024\/files\/2024\/01\/avatar.jpg?resize=150%2C150&amp;ssl=1 150w\" sizes=\"auto, (max-width: 400px) 100vw, 400px\" \/><\/figure><div class=\"wp-block-media-text__content\">\n<ul class=\"wp-block-list\">\n<li><a href=\"https:\/\/krakow.wordcamp.org\/2024\/files\/2024\/01\/avatar.jpg\">Logo WordCamp Krak\u00f3w<\/a><\/li>\n<\/ul>\n<\/div><\/div>\n\n\n\n<h2 class=\"wp-block-heading\">Wapuu<\/h2>\n\n\n\n<div class=\"wp-block-media-text is-stacked-on-mobile\" style=\"grid-template-columns:20% auto\"><figure class=\"wp-block-media-text__media\"><img data-recalc-dims=\"1\" loading=\"lazy\" decoding=\"async\" width=\"200\" height=\"200\" src=\"https:\/\/i0.wp.com\/krakow.wordcamp.org\/2024\/files\/2024\/05\/wapuu-small.png?resize=200%2C200&#038;ssl=1\" alt=\"\" class=\"wp-image-3014 size-full\" srcset=\"https:\/\/i0.wp.com\/krakow.wordcamp.org\/2024\/files\/2024\/05\/wapuu-small.png?w=200&amp;ssl=1 200w, https:\/\/i0.wp.com\/krakow.wordcamp.org\/2024\/files\/2024\/05\/wapuu-small.png?resize=150%2C150&amp;ssl=1 150w\" sizes=\"auto, (max-width: 200px) 100vw, 200px\" \/><\/figure><div class=\"wp-block-media-text__content\">\n<ul class=\"wp-block-list\">\n<li>Plik wektorowy (SVG) oraz rastrowy (PNG) mo\u017cna pobra\u0107 z repozytorium:<\/li>\n\n\n\n<li><a href=\"https:\/\/github.com\/iworks\/wapuu-krk-2024\">https:\/\/github.com\/iworks\/wapuu-krk-2024<\/a><\/li>\n<\/ul>\n\n\n\n<p>Autork\u0105 Waputka jest Zuzanna Mi\u015bniakiewicz.<\/p>\n<\/div><\/div>\n","protected":false},"excerpt":{"rendered":"<p>Chcesz wesprze\u0107 Krakowskiego WordCampa? Ustaw tematyczn\u0105 ok\u0142adk\u0119 swojego profilu na social mediach i pochwal si\u0119 znajomym uczestnictwem w naszym wydarzeniu. Facebook LinkedIn Inne materia\u0142y Wapuu<\/p>\n","protected":false},"author":1014234,"featured_media":0,"parent":1180,"menu_order":0,"comment_status":"closed","ping_status":"closed","template":"","meta":{"jetpack_post_was_ever_published":false,"footnotes":""},"class_list":["post-1749","page","type-page","status-publish","hentry"],"jetpack_sharing_enabled":true,"_links":{"self":[{"href":"https:\/\/krakow.wordcamp.org\/2024\/wp-json\/wp\/v2\/pages\/1749","targetHints":{"allow":["GET"]}}],"collection":[{"href":"https:\/\/krakow.wordcamp.org\/2024\/wp-json\/wp\/v2\/pages"}],"about":[{"href":"https:\/\/krakow.wordcamp.org\/2024\/wp-json\/wp\/v2\/types\/page"}],"author":[{"embeddable":true,"href":"https:\/\/krakow.wordcamp.org\/2024\/wp-json\/wp\/v2\/users\/1014234"}],"replies":[{"embeddable":true,"href":"https:\/\/krakow.wordcamp.org\/2024\/wp-json\/wp\/v2\/comments?post=1749"}],"version-history":[{"count":15,"href":"https:\/\/krakow.wordcamp.org\/2024\/wp-json\/wp\/v2\/pages\/1749\/revisions"}],"predecessor-version":[{"id":3622,"href":"https:\/\/krakow.wordcamp.org\/2024\/wp-json\/wp\/v2\/pages\/1749\/revisions\/3622"}],"up":[{"embeddable":true,"href":"https:\/\/krakow.wordcamp.org\/2024\/wp-json\/wp\/v2\/pages\/1180"}],"wp:attachment":[{"href":"https:\/\/krakow.wordcamp.org\/2024\/wp-json\/wp\/v2\/media?parent=1749"}],"curies":[{"name":"wp","href":"https:\/\/api.w.org\/{rel}","templated":true}]}}