{"id":2282,"date":"2024-05-07T12:52:33","date_gmt":"2024-05-07T10:52:33","guid":{"rendered":"https:\/\/krakow.wordcamp.org\/2024\/?page_id=2282"},"modified":"2024-05-22T10:11:24","modified_gmt":"2024-05-22T08:11:24","slug":"contributor-day","status":"publish","type":"page","link":"https:\/\/krakow.wordcamp.org\/2024\/contributor-day\/","title":{"rendered":"Contributor Day"},"content":{"rendered":"\n<p class=\"has-custom-blue-ryb-color has-text-color\" style=\"font-size:clamp(0.929rem, 0.929rem + ((1vw - 0.2rem) * 0.785), 1.4rem);\">Contributor Day jest idealn\u0105 okazj\u0105, aby wnie\u015b\u0107 sw\u00f3j wk\u0142ad w rozw\u00f3j spo\u0142eczno\u015bci WordPress oraz zdoby\u0107 nowe umiej\u0119tno\u015bci. To tak\u017ce doskona\u0142y moment na <strong>nawi\u0105zanie kontakt\u00f3w z osobami o podobnych pasjach i wsp\u00f3\u0142prac\u0119 w przyjaznej, nieformalnej atmosferze<\/strong>.<\/p>\n\n\n\n<p>Contributor Day stanowi czas po\u015bwi\u0119cony na wsp\u00f3lne dzia\u0142ania naszej spo\u0142eczno\u015bci na rzecz rozwoju platformy WordPress. Ka\u017cdy, bez wzgl\u0119du na swoje do\u015bwiadczenie czy zaw\u00f3d, ma szans\u0119 przyczyni\u0107 si\u0119 do tego globalnego projektu. <\/p>\n\n\n\n<h2 class=\"wp-block-heading has-custom-orange-color has-text-color\"><strong>Kto mo\u017ce wzi\u0105\u0107 udzia\u0142? <\/strong><\/h2>\n\n\n\n<p><strong>Contributor Day jest dla wszystkich: dla programist\u00f3w, grafik\u00f3w, marketingowc\u00f3w, t\u0142umaczy, fotograf\u00f3w i os\u00f3b ka\u017cdej innej specjalizacji, z dowolnym poziomem do\u015bwiadczenia. Wszyscy jeste\u015bmy mile widziani. \u2764\ufe0f \ud83c\udf08<\/strong><\/p>\n\n\n\n<p>Contributor Day to dzie\u0144 po\u015bwi\u0119cony na rozwi\u0105zywanie istniej\u0105cych problem\u00f3w, tworzenie nowych materia\u0142\u00f3w oraz dodawanie fotografii do otwartej bazy medi\u00f3w. B\u0119dziemy zajmowa\u0107 si\u0119 usuwaniem b\u0142\u0119d\u00f3w oraz uzupe\u0142nianiem brakuj\u0105cych t\u0142umacze\u0144, wszystko to w otoczeniu entuzjast\u00f3w WordPressa.<\/p>\n\n\n\n<p>Je\u015bli chcesz uczestniczy\u0107 w Contributor Day, pierwszym krokiem jest zakupienie biletu na konferencj\u0119. Wkr\u00f3tce udost\u0119pnimy zainteresowanym osobom specjalny formularz rejestracyjny, w kt\u00f3rym b\u0119dzie mo\u017cna wyrazi\u0107 zainteresowanie udzia\u0142em w tej cz\u0119\u015bci konferencji oraz okre\u015bli\u0107, jakimi umiej\u0119tno\u015bciami chcesz przyczyni\u0107 si\u0119 do rozwoju WordPressa.<\/p>\n\n\n\n<h2 class=\"wp-block-heading has-custom-orange-color has-text-color\"><strong>Jak do\u0142\u0105czy\u0107?<\/strong><\/h2>\n\n\n\n<p class=\"has-custom-blue-ryb-color has-text-color\" style=\"font-size:clamp(0.929rem, 0.929rem + ((1vw - 0.2rem) * 0.785), 1.4rem);\">Contributor Day jest idealn\u0105 okazj\u0105, aby wnie\u015b\u0107 sw\u00f3j wk\u0142ad w rozw\u00f3j spo\u0142eczno\u015bci WordPress oraz zdoby\u0107 nowe umiej\u0119tno\u015bci. To tak\u017ce doskona\u0142y moment na <strong>nawi\u0105zanie kontakt\u00f3w z osobami o podobnych pasjach i wsp\u00f3\u0142prac\u0119 w przyjaznej, nieformalnej atmosferze<\/strong>.<\/p>\n\n\n\n<p>Contributor Day stanowi czas po\u015bwi\u0119cony na wsp\u00f3lne dzia\u0142ania naszej spo\u0142eczno\u015bci na rzecz rozwoju platformy WordPress. Ka\u017cdy, bez wzgl\u0119du na swoje do\u015bwiadczenie czy zaw\u00f3d, ma szans\u0119 przyczyni\u0107 si\u0119 do tego globalnego projektu.<\/p>\n\n\n\n<p>Je\u017celi zamierzasz uczestniczy\u0107 w t\u0142umaczeniach, kliknij swoje uczestnictwo tuta: <a href=\"https:\/\/translate.wordpress.org\/events\/2024\/wordcamp-krakow-poland-2024-contributor-day\/\">https:\/\/translate.wordpress.org\/events\/2024\/wordcamp-krakow-poland-2024-contributor-day\/<\/a><\/p>\n\n\n\n<h2 class=\"wp-block-heading has-custom-orange-color has-text-color\"><strong>Kto mo\u017ce wzi\u0105\u0107 udzia\u0142? <\/strong><\/h2>\n\n\n\n<p><strong>Contributor Day jest dla wszystkich: dla programist\u00f3w, grafik\u00f3w, marketingowc\u00f3w, t\u0142umaczy, fotograf\u00f3w i os\u00f3b ka\u017cdej innej specjalizacji, z dowolnym poziomem do\u015bwiadczenia. Wszyscy jeste\u015bmy mile widziani. \u2764\ufe0f \ud83c\udf08<\/strong><\/p>\n\n\n\n<p>Contributor Day to dzie\u0144 po\u015bwi\u0119cony na rozwi\u0105zywanie istniej\u0105cych problem\u00f3w, tworzenie nowych materia\u0142\u00f3w oraz dodawanie fotografii do otwartej bazy medi\u00f3w. B\u0119dziemy zajmowa\u0107 si\u0119 usuwaniem b\u0142\u0119d\u00f3w oraz uzupe\u0142nianiem brakuj\u0105cych t\u0142umacze\u0144, wszystko to w otoczeniu entuzjast\u00f3w WordPressa.<\/p>\n\n\n\n<p>Je\u015bli chcesz uczestniczy\u0107 w Contributor Day, pierwszym krokiem jest zakupienie biletu na konferencj\u0119. Wkr\u00f3tce udost\u0119pnimy zainteresowanym osobom specjalny formularz rejestracyjny, w kt\u00f3rym b\u0119dzie mo\u017cna wyrazi\u0107 zainteresowanie udzia\u0142em w tej cz\u0119\u015bci konferencji oraz okre\u015bli\u0107, jakimi umiej\u0119tno\u015bciami chcesz przyczyni\u0107 si\u0119 do rozwoju WordPressa.<\/p>\n\n\n\n<h2 class=\"wp-block-heading has-custom-orange-color has-text-color\"><strong>Jak do\u0142\u0105czy\u0107?<\/strong><\/h2>\n\n\n\n<p>Po prostu przyjd\u017a do nas.<\/p>\n\n\n\n<h2 class=\"wp-block-heading\">Nie masz do\u015bwiadczenia? To \u017caden problem!<\/h2>\n\n\n\n<p>Contributor Day NIE jest wy\u0142\u0105cznie dla ekspert\u00f3w i os\u00f3b z wieloletnim do\u015bwiadczeniem. <\/p>\n\n\n\n<p>Jest to wydarzenie otwarte dla ka\u017cdego, kto jest ciekawy spotkania interesuj\u0105cych os\u00f3b i chce si\u0119 dowiedzie\u0107, jak mo\u017cna przyczyni\u0107 si\u0119 do rozwoju WordPressa oraz ca\u0142ej spo\u0142eczno\u015bci. Uczestnicz\u0105c w tym dniu konferencji, zdob\u0119dziesz wiedz\u0119 o tym, jak dzia\u0142a WordPress \u201eod kuchni\u201d oraz zrozumiesz, jak pot\u0119\u017cna jest nasza mi\u0119dzynarodowa spo\u0142eczno\u015b\u0107. Dodatkowo, Contributor Day to miejsce, gdzie spotykaj\u0105 si\u0119 wyj\u0105tkowi ludzie, wi\u0119c jest to idealna okazja do nawi\u0105zania nowych przyja\u017ani.<\/p>\n\n\n\n<h2 class=\"wp-block-heading\">Jak mog\u0119 si\u0119 przygotowa\u0107 na Contributor Day?&nbsp;<\/h2>\n\n\n\n<ol class=\"wp-block-list\">\n<li>Za\u0142\u00f3\u017c konto na&nbsp;<a href=\"https:\/\/login.wordpress.org\/register\">wordpress.org<\/a>. <\/li>\n\n\n\n<li>Zdj\u0119cie profilowe mo\u017cesz ustawi\u0107 za pomoc\u0105 strony <a href=\"https:\/\/gravatar.com\/\">gravatar.com<\/a>. <\/li>\n\n\n\n<li>Do\u0142\u0105cz do oficjalnego kana\u0142u Slack mi\u0119dzynarodowej spo\u0142eczno\u015bci WordPressa. Post\u0119puj zgodnie z list\u0105 krok\u00f3w:\n<ul class=\"wp-block-list\">\n<li>Zaloguj si\u0119 do swojego profilu na WordPress.org i otw\u00f3rz stron\u0119:&nbsp;<a href=\"https:\/\/make.wordpress.org\/chat\/\">WordPress + Slack<\/a>&nbsp;i kliknij specjalny link, kt\u00f3ry wygeneruje zaproszenie wysy\u0142ane na Tw\u00f3j email.<\/li>\n\n\n\n<li>Za pomoc\u0105 wiadomo\u015bci email zalogujesz si\u0119 na do aplikacji Slack. Do zalogowania u\u017cyj nast\u0119puj\u0105cego adresu email: {username}@chat.wordpress.org, gdzie {username} to Twoja nazwa u\u017cytkownika ustawiona dla profilu w wordpress.org.<\/li>\n<\/ul>\n<\/li>\n<\/ol>\n\n\n\n<h2 class=\"wp-block-heading\">Nie masz do\u015bwiadczenia? To \u017caden problem!<\/h2>\n\n\n\n<p>Contributor Day NIE jest wy\u0142\u0105cznie dla ekspert\u00f3w i os\u00f3b z wieloletnim do\u015bwiadczeniem. <\/p>\n\n\n\n<p>Jest to wydarzenie otwarte dla ka\u017cdego, kto jest ciekawy spotkania interesuj\u0105cych os\u00f3b i chce si\u0119 dowiedzie\u0107, jak mo\u017cna przyczyni\u0107 si\u0119 do rozwoju WordPressa oraz ca\u0142ej spo\u0142eczno\u015bci. Uczestnicz\u0105c w tym dniu konferencji, zdob\u0119dziesz wiedz\u0119 o tym, jak dzia\u0142a WordPress \u201eod kuchni\u201d oraz zrozumiesz, jak pot\u0119\u017cna jest nasza mi\u0119dzynarodowa spo\u0142eczno\u015b\u0107. Dodatkowo, Contributor Day to miejsce, gdzie spotykaj\u0105 si\u0119 wyj\u0105tkowi ludzie, wi\u0119c jest to idealna okazja do nawi\u0105zania nowych przyja\u017ani.<\/p>\n\n\n\n<h2 class=\"wp-block-heading\">Jak mog\u0119 si\u0119 przygotowa\u0107 na Contributor Day?&nbsp;<\/h2>\n\n\n\n<ol class=\"wp-block-list\">\n<li>Za\u0142\u00f3\u017c konto na&nbsp;<a href=\"https:\/\/login.wordpress.org\/register\">wordpress.org<\/a>. <\/li>\n\n\n\n<li>Zdj\u0119cie profilowe mo\u017cesz ustawi\u0107 za pomoc\u0105 strony <a href=\"https:\/\/gravatar.com\/\">gravatar.com<\/a>. <\/li>\n\n\n\n<li>Do\u0142\u0105cz do oficjalnego kana\u0142u Slack mi\u0119dzynarodowej spo\u0142eczno\u015bci WordPressa. Post\u0119puj zgodnie z list\u0105 krok\u00f3w:\n<ul class=\"wp-block-list\">\n<li>Zaloguj si\u0119 do swojego profilu na WordPress.org i otw\u00f3rz stron\u0119:&nbsp;<a href=\"https:\/\/make.wordpress.org\/chat\/\">WordPress + Slack<\/a>&nbsp;i kliknij specjalny link, kt\u00f3ry wygeneruje zaproszenie wysy\u0142ane na Tw\u00f3j email.<\/li>\n\n\n\n<li>Za pomoc\u0105 wiadomo\u015bci email zalogujesz si\u0119 na do aplikacji Slack. Do zalogowania u\u017cyj nast\u0119puj\u0105cego adresu email: {username}@chat.wordpress.org, gdzie {username} to Twoja nazwa u\u017cytkownika ustawiona dla profilu w wordpress.org.<\/li>\n<\/ul>\n<\/li>\n<\/ol>\n\n\n\n<div class=\"wp-block-group alignwide has-global-padding is-layout-constrained wp-container-core-group-is-layout-639b5052 wp-block-group-is-layout-constrained\" style=\"padding-top:0;padding-right:0;padding-bottom:0;padding-left:0\">\n<h2 class=\"wp-block-heading\">Pi\u0105tek \/ 7 czerwca<\/h2>\n\n\n\n<h3 class=\"wp-block-heading\"><strong>Contributor Day<\/strong><\/h3>\n\n\n\n<p><strong>Contributor Day<\/strong>&nbsp;\u2013 specjalne spotkanie podczas kt\u00f3rego ka\u017cdy b\u0119dzie mia\u0142 mo\u017cliwo\u015b\u0107 do\u0142\u0105czenia do os\u00f3b tworz\u0105cych zar\u00f3wno WordPressa jak i&nbsp;wzi\u0119cia udzia\u0142u w warsztatach prowadzonych tego dnia.<br><br>Ka\u017cdy z uczestnik\u00f3w Contributor Day b\u0119dzie mie\u0107 mo\u017cliwo\u015b\u0107 do\u0142\u0105czenia do jednej z pi\u0119ciu grup, kt\u00f3re b\u0119d\u0105 pracowa\u0142y nad r\u00f3\u017cnymi aspektami ekosystemu WordPressa:<\/p>\n\n\n\n<h3 class=\"wp-block-heading\"><strong>Grupy na Contributor Day<\/strong><\/h3>\n\n\n\n<div class=\"wp-block-group has-base-2-background-color has-background has-global-padding is-layout-constrained wp-container-core-group-is-layout-c385debf wp-block-group-is-layout-constrained\" style=\"padding-top:var(--wp--preset--spacing--20);padding-right:var(--wp--preset--spacing--20);padding-bottom:var(--wp--preset--spacing--20);padding-left:var(--wp--preset--spacing--20)\">\n<div class=\"wp-block-columns is-layout-flex wp-container-core-columns-is-layout-b22ef491 wp-block-columns-is-layout-flex\" style=\"padding-top:0;padding-bottom:var(--wp--preset--spacing--30)\">\n<div class=\"wp-block-column has-base-background-color has-background is-layout-flow wp-container-core-column-is-layout-2703eb16 wp-block-column-is-layout-flow\" style=\"padding-top:var(--wp--preset--spacing--20);padding-right:var(--wp--preset--spacing--20);padding-bottom:var(--wp--preset--spacing--20);padding-left:var(--wp--preset--spacing--20)\">\n<h4 class=\"wp-block-heading has-text-align-center has-base-2-background-color has-background\" style=\"padding-right:var(--wp--preset--spacing--10);padding-left:var(--wp--preset--spacing--10)\">Akademia WordPressa<\/h4>\n\n\n\n<p class=\"has-text-align-center\">Cykl wyk\u0142ad\u00f3w, kt\u00f3rych celem b\u0119dzie zwr\u00f3cenie uwagi na dobre praktyki tworzenia stron opartych na WordPressie. Dla pocz\u0105tkuj\u0105cych i tych, co chc\u0105 od\u015bwie\u017cy\u0107 podstawy :).<\/p>\n<\/div>\n\n\n\n<div class=\"wp-block-column has-background is-layout-flow wp-container-core-column-is-layout-2703eb16 wp-block-column-is-layout-flow\" style=\"background-color:#00769c;padding-top:var(--wp--preset--spacing--20);padding-right:var(--wp--preset--spacing--20);padding-bottom:var(--wp--preset--spacing--20);padding-left:var(--wp--preset--spacing--20)\">\n<h4 class=\"wp-block-heading has-text-align-center has-base-2-background-color has-text-color has-background has-link-color wp-elements-104541f86267819a9faa7522884b6e14\" style=\"color:#00769c\">Core<\/h4>\n\n\n\n<p class=\"has-text-align-center has-base-2-color has-text-color has-link-color wp-elements-5822a65d2185db344224a53ee29fc285\">Nauka zg\u0142aszania poprawek i nowych funkcji oraz weryfikacja zg\u0142oszonych b\u0142\u0119d\u00f3w do Core WordPressa, uzupe\u0142nianie dokumentacji WP o brakuj\u0105ce elementy, itp.<\/p>\n<\/div>\n\n\n\n<div class=\"wp-block-column has-base-background-color has-background is-layout-flow wp-container-core-column-is-layout-2703eb16 wp-block-column-is-layout-flow\" style=\"padding-top:var(--wp--preset--spacing--20);padding-right:var(--wp--preset--spacing--20);padding-bottom:var(--wp--preset--spacing--20);padding-left:var(--wp--preset--spacing--20)\">\n<h4 class=\"wp-block-heading has-text-align-center has-base-2-background-color has-background\">Motywy<\/h4>\n\n\n\n<p class=\"has-text-align-center\">Weryfikacja motyw\u00f3w WordPressowych, kt\u00f3re czekaj\u0105 na publikacj\u0119 w oficjalnym repozytorium WordPress.org.<\/p>\n<\/div>\n<\/div>\n\n\n\n<div class=\"wp-block-columns is-layout-flex wp-container-core-columns-is-layout-d0bbbce0 wp-block-columns-is-layout-flex\">\n<div class=\"wp-block-column has-background is-layout-flow wp-block-column-is-layout-flow\" style=\"background-color:#00769c;padding-top:var(--wp--preset--spacing--20);padding-right:var(--wp--preset--spacing--20);padding-bottom:var(--wp--preset--spacing--20);padding-left:var(--wp--preset--spacing--20)\">\n<h4 class=\"wp-block-heading has-text-align-center has-base-2-background-color has-text-color has-background has-link-color wp-elements-648188be76466586d4dbcd199d2141e9\" style=\"color:#00769c\">T\u0142umaczenia<\/h4>\n\n\n\n<p class=\"has-text-align-center has-base-2-color has-text-color has-link-color wp-elements-a41f4c88f4141fdbe4708a9cdf4108b0\">Dodawanie t\u0142umacze\u0144 do core, wtyczek i motyw\u00f3w<\/p>\n<\/div>\n\n\n\n<div class=\"wp-block-column has-base-background-color has-background is-layout-flow wp-block-column-is-layout-flow\" style=\"padding-top:var(--wp--preset--spacing--20);padding-right:var(--wp--preset--spacing--20);padding-bottom:var(--wp--preset--spacing--20);padding-left:var(--wp--preset--spacing--20)\">\n<h4 class=\"wp-block-heading has-text-align-center has-base-2-background-color has-background\">Stoliki tematyczne<\/h4>\n\n\n\n<p class=\"has-text-align-center\">Udzielanie pomocy technicznej na oficjalnym polskim forum pomocy WordPressa&nbsp;<a href=\"https:\/\/pl.wordpress.org\/support\/\">pl.wordpress.org\/support<\/a><\/p>\n<\/div>\n<\/div>\n<\/div>\n<\/div>\n","protected":false},"excerpt":{"rendered":"<p>Contributor Day jest idealn\u0105 okazj\u0105, aby wnie\u015b\u0107 sw\u00f3j wk\u0142ad w rozw\u00f3j spo\u0142eczno\u015bci WordPress oraz zdoby\u0107 nowe umiej\u0119tno\u015bci. To tak\u017ce doskona\u0142y moment na nawi\u0105zanie kontakt\u00f3w z osobami o podobnych pasjach i wsp\u00f3\u0142prac\u0119 w przyjaznej, nieformalnej atmosferze. Contributor Day stanowi czas po\u015bwi\u0119cony na wsp\u00f3lne dzia\u0142ania naszej spo\u0142eczno\u015bci na rzecz rozwoju platformy WordPress. Ka\u017cdy, bez wzgl\u0119du na swoje [&hellip;]<\/p>\n","protected":false},"author":1014234,"featured_media":0,"parent":0,"menu_order":0,"comment_status":"closed","ping_status":"closed","template":"","meta":{"jetpack_post_was_ever_published":false,"footnotes":""},"class_list":["post-2282","page","type-page","status-publish","hentry"],"jetpack_sharing_enabled":true,"_links":{"self":[{"href":"https:\/\/krakow.wordcamp.org\/2024\/wp-json\/wp\/v2\/pages\/2282","targetHints":{"allow":["GET"]}}],"collection":[{"href":"https:\/\/krakow.wordcamp.org\/2024\/wp-json\/wp\/v2\/pages"}],"about":[{"href":"https:\/\/krakow.wordcamp.org\/2024\/wp-json\/wp\/v2\/types\/page"}],"author":[{"embeddable":true,"href":"https:\/\/krakow.wordcamp.org\/2024\/wp-json\/wp\/v2\/users\/1014234"}],"replies":[{"embeddable":true,"href":"https:\/\/krakow.wordcamp.org\/2024\/wp-json\/wp\/v2\/comments?post=2282"}],"version-history":[{"count":4,"href":"https:\/\/krakow.wordcamp.org\/2024\/wp-json\/wp\/v2\/pages\/2282\/revisions"}],"predecessor-version":[{"id":2826,"href":"https:\/\/krakow.wordcamp.org\/2024\/wp-json\/wp\/v2\/pages\/2282\/revisions\/2826"}],"wp:attachment":[{"href":"https:\/\/krakow.wordcamp.org\/2024\/wp-json\/wp\/v2\/media?parent=2282"}],"curies":[{"name":"wp","href":"https:\/\/api.w.org\/{rel}","templated":true}]}}