{"id":2752,"date":"2024-05-21T07:17:56","date_gmt":"2024-05-21T05:17:56","guid":{"rendered":"https:\/\/krakow.wordcamp.org\/2024\/?page_id=2752"},"modified":"2024-05-21T07:17:56","modified_gmt":"2024-05-21T05:17:56","slug":"akademia-wordpressa","status":"publish","type":"page","link":"https:\/\/krakow.wordcamp.org\/2024\/akademia-wordpressa\/","title":{"rendered":"Akademia WordPressa"},"content":{"rendered":"\n<p>WordCamp to nie tylko spotkanie os\u00f3b, kt\u00f3re s\u0105 zaawansowane w \u015brodowisku WordPressa. Ka\u017cdy z nas kiedy\u015b zaczyna\u0142 i doskonale pami\u0119ta, jak musia\u0142 zdobywa\u0107 swoj\u0105 wiedz\u0119 mozolnie, nierzadko metod\u0105 pr\u00f3b i b\u0142\u0119d\u00f3w.<\/p>\n\n\n\n<p>W Krakowie chcemy u\u0142atwi\u0107 ten proces osobom, kt\u00f3re dopiero stawiaj\u0105 pierwsze kroki z WordPressem &#8211; oraz tym, kt\u00f3re chcia\u0142yby sobie uporz\u0105dkowa\u0107 posiadan\u0105 wiedz\u0119, aby mie\u0107 pewno\u015b\u0107, \u017ce tworz\u0105c witryny oparte na WordPressie stosuj\u0105 sprawdzone metody.<\/p>\n\n\n\n<p>I dlatego przygotowali\u015bmy dla Was nowo\u015b\u0107 &#8211; cykl prezentacji, kt\u00f3re przedstawi\u0105 Wam sprawdzone praktyki pracy na ekosystemie WordPressa.<\/p>\n\n\n\n<p>Poruszymy w nich nie tylko zagadnienia stricte techniczne, jak bezpiecze\u0144stwo, kodowanie, optymalizacja, ale tak\u017ce poka\u017cemy, \u017ce aby strona pomog\u0142a Wam zrealizowa\u0107 cel, jaki przed ni\u0105 postawicie, nale\u017cy przemy\u015ble\u0107 np. strategi\u0119 dotarcia do docelowego u\u017cytkownika.<\/p>\n\n\n\n<p>Prezentacje z tego bloku b\u0119d\u0105 r\u00f3wnie\u017c w pi\u0105tek. Zapisy, podobnie jak w przypadku Contributor Day, rusz\u0105 w drugiej po\u0142owie maja.<\/p>\n\n\n\n<p><a href=\"https:\/\/krakow.wordcamp.org\/2024\/czym-w-ogole-jest-wordcamp\/agenda\/\">Plan Akademii znajdziesz w Agendzie<\/a>.<\/p>\n","protected":false},"excerpt":{"rendered":"<p>WordCamp to nie tylko spotkanie os\u00f3b, kt\u00f3re s\u0105 zaawansowane w \u015brodowisku WordPressa. Ka\u017cdy z nas kiedy\u015b zaczyna\u0142 i doskonale pami\u0119ta, jak musia\u0142 zdobywa\u0107 swoj\u0105 wiedz\u0119 mozolnie, nierzadko metod\u0105 pr\u00f3b i b\u0142\u0119d\u00f3w. W Krakowie chcemy u\u0142atwi\u0107 ten proces osobom, kt\u00f3re dopiero stawiaj\u0105 pierwsze kroki z WordPressem &#8211; oraz tym, kt\u00f3re chcia\u0142yby sobie uporz\u0105dkowa\u0107 posiadan\u0105 wiedz\u0119, aby [&hellip;]<\/p>\n","protected":false},"author":16170798,"featured_media":0,"parent":0,"menu_order":0,"comment_status":"closed","ping_status":"closed","template":"","meta":{"jetpack_post_was_ever_published":false,"footnotes":""},"class_list":["post-2752","page","type-page","status-publish","hentry"],"jetpack_sharing_enabled":true,"_links":{"self":[{"href":"https:\/\/krakow.wordcamp.org\/2024\/wp-json\/wp\/v2\/pages\/2752","targetHints":{"allow":["GET"]}}],"collection":[{"href":"https:\/\/krakow.wordcamp.org\/2024\/wp-json\/wp\/v2\/pages"}],"about":[{"href":"https:\/\/krakow.wordcamp.org\/2024\/wp-json\/wp\/v2\/types\/page"}],"author":[{"embeddable":true,"href":"https:\/\/krakow.wordcamp.org\/2024\/wp-json\/wp\/v2\/users\/16170798"}],"replies":[{"embeddable":true,"href":"https:\/\/krakow.wordcamp.org\/2024\/wp-json\/wp\/v2\/comments?post=2752"}],"version-history":[{"count":1,"href":"https:\/\/krakow.wordcamp.org\/2024\/wp-json\/wp\/v2\/pages\/2752\/revisions"}],"predecessor-version":[{"id":2753,"href":"https:\/\/krakow.wordcamp.org\/2024\/wp-json\/wp\/v2\/pages\/2752\/revisions\/2753"}],"wp:attachment":[{"href":"https:\/\/krakow.wordcamp.org\/2024\/wp-json\/wp\/v2\/media?parent=2752"}],"curies":[{"name":"wp","href":"https:\/\/api.w.org\/{rel}","templated":true}]}}