{"id":13,"date":"2025-02-12T00:50:42","date_gmt":"2025-02-11T23:50:42","guid":{"rendered":"https:\/\/krakow.wordcamp.org\/2025\/?page_id=13"},"modified":"2025-07-01T08:52:13","modified_gmt":"2025-07-01T06:52:13","slug":"bilety","status":"publish","type":"page","link":"https:\/\/krakow.wordcamp.org\/2025\/bilety\/","title":{"rendered":"Bilety"},"content":{"rendered":"\n<div class=\"wp-block-group wp360-ticket-table wp360-ticket-group has-global-padding is-layout-constrained wp-container-core-group-is-layout-0b40682b wp-block-group-is-layout-constrained\"><a href=\"https:\/\/krakow.wordcamp.org\/2025\/bilety\/\">Aby kupi\u0107 lub zarz\u0105dza\u0107 biletami, otw\u00f3rz t\u0119 stron\u0119 w przegl\u0105darce.<\/a>\n\n\n\n<p class=\"has-text-color has-link-color wp-elements-54f0ec09fc8f0cbc1aa9d6ef43144ead\" style=\"color:#004c92\"><br><strong>Bilet standard<\/strong><\/p>\n\n\n\n<p>Bilet obejmuje udzia\u0142 w <strong>trzech dniach konferencji<\/strong> (prezentacje, praktyczne warsztaty, networking), mo\u017cliwo\u015b\u0107 udzia\u0142u w pi\u0105tkowym <strong>Contributor Day<\/strong> lub <strong>Akademii WordPressa<\/strong> oraz wej\u015bcie na sobotnie <strong>Middle Party<\/strong>.<\/p>\n\n\n\n<p class=\"has-text-color has-link-color wp-elements-44ef1809c09b10b5040051aacd99b50b\" style=\"color:#004c92\"><strong>Bilet mikrosponsor<\/strong><\/p>\n\n\n\n<p>Zostaj\u0105c mikrosponsorem masz <strong>dodatkowo <\/strong>mo\u017cliwo\u015b\u0107 dorzuci\u0107 swoj\u0105 cegie\u0142k\u0119 i wesprze\u0107 nasz\u0105, polsk\u0105 spo\u0142eczno\u015b\u0107 WordPressa! Ka\u017cdy, kto zakupi bilet mikrosponsora otrzyma mo\u017cliwo\u015b\u0107 umieszczenia podlinkowanego logo na naszej stronie www w zak\u0142adce <a href=\"https:\/\/krakow.wordcamp.org\/2025\/sponsorzy\/\" data-type=\"page\" data-id=\"10\">Sponsorzy<\/a><\/p>\n\n\n\n<p class=\"has-text-color has-link-color wp-elements-5aef17e02a6c6401a5b0b68a49d0b2a1\" style=\"color:#004c92\"><strong>Bilet mikrosponsor<\/strong> <strong>PLUS<\/strong><\/p>\n\n\n\n<p>B\u0119d\u0105c mikrosponsorem PLUS otrzymasz <strong>dodatkowo <\/strong>mo\u017cliwo\u015b\u0107 przygotowania opisu na dedykowanej podstronie w witrynie oraz mo\u017cliwo\u015b\u0107 postawienia roll-up na terenie odbywania si\u0119 WordCampa o szeroko\u015bci maksymalnie 80cm (roll-upy b\u0119d\u0105 ustawiane we wskazanych miejscach).<\/p>\n\n\n\n<p>&#8212;<\/p>\n\n\n\n<h2 class=\"wp-block-heading has-text-color has-link-color wp-elements-3b92f25e0d48ecb7fd4d8be8467c7b6f\" style=\"color:#004c92\"><strong>UWAGA !!! <\/strong><\/h2>\n\n\n\n<p>Ka\u017cdy uczestnik WordCamp Krak\u00f3w otrzyma T-shirt. <\/p>\n\n\n\n<p>Przed zakupem bilet\u00f3w <a href=\"https:\/\/krakow.wordcamp.org\/2025\/bilety\/rozmiary-koszulek\/\" data-type=\"page\" data-id=\"571\">zapoznaj si\u0119 z wymiarami<\/a> i wybierz odpowiedni rozmiar z listy.<\/p>\n\n\n\n<div style=\"height:25px\" aria-hidden=\"true\" class=\"wp-block-spacer\"><\/div>\n<\/div>\n","protected":false},"excerpt":{"rendered":"<p>Bilet standard Bilet obejmuje udzia\u0142 w trzech dniach konferencji (prezentacje, praktyczne warsztaty, networking), mo\u017cliwo\u015b\u0107 udzia\u0142u w pi\u0105tkowym Contributor Day lub Akademii WordPressa oraz wej\u015bcie na sobotnie Middle Party. Bilet mikrosponsor Zostaj\u0105c mikrosponsorem masz dodatkowo mo\u017cliwo\u015b\u0107 dorzuci\u0107 swoj\u0105 cegie\u0142k\u0119 i wesprze\u0107 nasz\u0105, polsk\u0105 spo\u0142eczno\u015b\u0107 WordPressa! Ka\u017cdy, kto zakupi bilet mikrosponsora otrzyma mo\u017cliwo\u015b\u0107 umieszczenia podlinkowanego logo na [&hellip;]<\/p>\n","protected":false},"author":16129975,"featured_media":2340,"parent":0,"menu_order":0,"comment_status":"closed","ping_status":"closed","template":"","meta":{"jetpack_post_was_ever_published":false,"footnotes":""},"class_list":["post-13","page","type-page","status-publish","has-post-thumbnail","hentry"],"jetpack_sharing_enabled":true,"_links":{"self":[{"href":"https:\/\/krakow.wordcamp.org\/2025\/wp-json\/wp\/v2\/pages\/13","targetHints":{"allow":["GET"]}}],"collection":[{"href":"https:\/\/krakow.wordcamp.org\/2025\/wp-json\/wp\/v2\/pages"}],"about":[{"href":"https:\/\/krakow.wordcamp.org\/2025\/wp-json\/wp\/v2\/types\/page"}],"author":[{"embeddable":true,"href":"https:\/\/krakow.wordcamp.org\/2025\/wp-json\/wp\/v2\/users\/16129975"}],"replies":[{"embeddable":true,"href":"https:\/\/krakow.wordcamp.org\/2025\/wp-json\/wp\/v2\/comments?post=13"}],"version-history":[{"count":7,"href":"https:\/\/krakow.wordcamp.org\/2025\/wp-json\/wp\/v2\/pages\/13\/revisions"}],"predecessor-version":[{"id":718,"href":"https:\/\/krakow.wordcamp.org\/2025\/wp-json\/wp\/v2\/pages\/13\/revisions\/718"}],"wp:featuredmedia":[{"embeddable":true,"href":"https:\/\/krakow.wordcamp.org\/2025\/wp-json\/wp\/v2\/media\/2340"}],"wp:attachment":[{"href":"https:\/\/krakow.wordcamp.org\/2025\/wp-json\/wp\/v2\/media?parent=13"}],"curies":[{"name":"wp","href":"https:\/\/api.w.org\/{rel}","templated":true}]}}