{"id":17,"date":"2024-11-22T12:48:15","date_gmt":"2024-11-22T11:48:15","guid":{"rendered":"https:\/\/krakow.wordcamp.org\/2025\/contact\/"},"modified":"2025-02-11T23:58:40","modified_gmt":"2025-02-11T22:58:40","slug":"kontakt","status":"publish","type":"page","link":"https:\/\/krakow.wordcamp.org\/2025\/kontakt\/","title":{"rendered":"Kontakt"},"content":{"rendered":"<div data-test='contact-form'\n\t\t\tid='contact-form-17'\n\t\t\tclass='wp-block-jetpack-contact-form-container '\n\t\t\tdata-wp-interactive='jetpack\/form' data-wp-context='{\"formId\":\"17\",\"formHash\":\"65027b9e3c27650e62673bc65a4cc30ad5e027f5\",\"showErrors\":false,\"errors\":[],\"fields\":[],\"isMultiStep\":false,\"useAjax\":true,\"submissionData\":null,\"formattedSubmissionData\":[],\"submissionSuccess\":false,\"submissionError\":null,\"elementId\":\"jp-form-65027b9e3c27650e62673bc65a4cc30ad5e027f5\",\"isSingleInputForm\":false}'\n\t\t\tdata-wp-watch--scroll-to-wrapper=\"callbacks.scrollToWrapper\"\n\t\t>\n<div class=\"contact-form-submission contact-form-ajax-submission\" data-wp-bind--aria-hidden=\"state.isSuccessMessageAriaHidden\" data-wp-class--submission-success=\"context.submissionSuccess\" id=\"contact-form-success-65027b9e3c27650e62673bc65a4cc30ad5e027f5\" tabindex=\"-1\" aria-labelledby=\"contact-form-success-header-65027b9e3c27650e62673bc65a4cc30ad5e027f5\"><p class=\"go-back-message\"><a class=\"link\" role=\"button\" tabindex=\"0\" data-wp-on--click=\"actions.goBack\" href=\"\/2025\/wp-json\/wp\/v2\/pages\/17\">\u2190 Back<\/a><\/p><h4 data-wp-bind--aria-hidden=\"state.isSuccessMessageAriaHidden\" id=\"contact-form-success-header-65027b9e3c27650e62673bc65a4cc30ad5e027f5\">Wiadomo\u015b\u0107 zosta\u0142a wys\u0142ana<\/h4>\n\n<template data-wp-each--submission=\"context.formattedSubmissionData\">\n\t\t\t\t\t<div class=\"jetpack_forms_contact-form-success-summary\">\n\t\t\t\t\t\t<div class=\"field-name\" data-wp-text=\"context.submission.label\" data-wp-bind--hidden=\"!context.submission.label\"><\/div>\n\t\t\t\t\t\t<div class=\"field-value\" data-wp-text=\"context.submission.value\" data-wp-bind--hidden=\"!context.submission.showPlainValue\"><\/div>\n\t\t\t\t\t\t<a class=\"field-url\" data-wp-bind--href=\"context.submission.url\" data-wp-text=\"context.submission.value\" data-wp-bind--hidden=\"!context.submission.url\" target=\"_blank\" rel=\"noopener noreferrer\"><\/a>\n\t\t\t\t\t\t<div class=\"field-rating\" data-wp-bind--hidden=\"!context.submission.rating\" data-wp-watch=\"callbacks.watchRatingIcons\"><\/div>\n\t\t\t\t\t\t<div class=\"field-images\" data-wp-bind--hidden=\"!context.submission.images\">\n\t\t\t\t\t\t\t<template data-wp-each--image=\"context.submission.images\">\n\t\t\t\t\t\t\t\t<div class=\"field-image-option\" data-wp-class--is-empty=\"!context.image.src\">\n\t\t\t\t\t\t\t\t\t<figure class=\"field-image-option__image\" data-wp-class--is-empty=\"!context.image.src\">\n\t\t\t\t\t\t\t\t\t\t<img data-wp-bind--src=\"context.image.src\" data-wp-bind--hidden=\"!context.image.src\" \/>\n\t\t\t\t\t\t\t\t\t\t<img decoding=\"async\" src=\"data:image\/gif;base64,R0lGODlhAQABAAD\/ACwAAAAAAQABAAACADs=\" data-wp-bind--hidden=\"context.image.src\" \/>\n\t\t\t\t\t\t\t\t\t<\/figure>\n\t\t\t\t\t\t\t\t\t<div class=\"field-image-option__label-wrapper\">\n\t\t\t\t\t\t\t\t\t\t<span class=\"field-image-option__label-code\" data-wp-text=\"context.image.letterCode\"><\/span>\n\t\t\t\t\t\t\t\t\t\t<span class=\"field-image-option__label\" data-wp-text=\"context.image.label\" data-wp-bind--hidden=\"!context.image.label\"><\/span>\n\t\t\t\t\t\t\t\t\t<\/div>\n\t\t\t\t\t\t\t\t<\/div>\n\t\t\t\t\t\t\t<\/template>\n\t\t\t\t\t\t<\/div>\n\t\t\t\t\t\t<div class=\"field-files\" data-wp-bind--hidden=\"!context.submission.files\">\n\t\t\t\t\t\t\t<template data-wp-each--file=\"context.submission.files\">\n\t\t\t\t\t\t\t\t<div class=\"field-file\">\n\t\t\t\t\t\t\t\t\t<div class=\"field-file__thumbnail\" data-wp-style--background-image=\"context.file.previewUrl\" data-wp-style--mask-image=\"context.file.iconUrl\" data-wp-bind--hidden=\"!context.file.hasPreview\"><\/div>\n\t\t\t\t\t\t\t\t\t<svg class=\"field-file__icon\" data-wp-bind--hidden=\"context.file.hasPreview\" width=\"20\" height=\"20\" viewBox=\"0 0 24 24\" fill=\"none\" xmlns=\"http:\/\/www.w3.org\/2000\/svg\" aria-hidden=\"true\">\n\t\t\t\t\t\t\t\t\t\t<path d=\"M14 2H6C4.9 2 4 2.9 4 4V20C4 21.1 4.89 22 5.99 22H18C19.1 22 20 21.1 20 20V8L14 2ZM18 20H6V4H13V9H18V20Z\" fill=\"currentColor\"\/>\n\t\t\t\t\t\t\t\t\t<\/svg>\n\t\t\t\t\t\t\t\t\t<span class=\"field-file__name\" data-wp-text=\"context.file.name\"><\/span>\n\t\t\t\t\t\t\t\t\t<span class=\"field-file__size\" data-wp-text=\"context.file.size\"><\/span>\n\t\t\t\t\t\t\t\t<\/div>\n\t\t\t\t\t\t\t<\/template>\n\t\t\t\t\t\t<\/div>\n\t\t\t\t\t<\/div>\n\t\t\t\t<\/template><\/div><form action='https:\/\/krakow.wordcamp.org\/2025\/kontakt\/'\n\t\t\t\tid='jp-form-65027b9e3c27650e62673bc65a4cc30ad5e027f5'\n\t\t\t\tmethod='post'\n\t\t\t\tclass='contact-form commentsblock wp-block-jetpack-contact-form' aria-label=\"Kontakt\"\n\t\t\t\tdata-wp-on--submit=\"actions.onFormSubmit\"\n\t\t\t\tdata-wp-on--reset=\"actions.onFormReset\"\n\t\t\t\tdata-wp-class--submission-success=\"context.submissionSuccess\"\n\t\t\t\tdata-wp-class--is-first-step=\"state.isFirstStep\"\n\t\t\t\tdata-wp-class--is-last-step=\"state.isLastStep\"\n\t\t\t\tdata-wp-class--is-ajax-form=\"context.useAjax\"\n\t\t\t\tnovalidate >\n<input type='hidden' name='jetpack_contact_form_jwt' value='eyJ0eXAiOiJKV1QiLCJhbGciOiJIUzI1NiJ9.eyJlbmNyeXB0ZWRfYXR0cmlidXRlcyI6Im1YQmRSQWtyTjg5MzdjQmpGbytrVlRzMEhrU09uZTg5UHFoT21rZFRMT29KRHYrcHE3UWVUTk93bkFsK2hDbDB2WDJMUmN4Q0tlMUVWRGFkSjQvUm1oRG9WS2QzSkM3c252NG1aWFpPYUsxM1ZuZ0ZrZU80MmM5NGJlTVQ0NzYxNURzRnovb1VsUkhhVmluOGJ5RzB0V1lDVUdFQURBZlJ4UXV0NVRVc2NnQ2xuQ1BkTWZWMjRMR29UcERrcUlMOTJIb1Fsc0lhaHR1SnpmTm51VXJaa1FJVTFVYmM0T2ZaekFTSXdRVHRuT1BGUzRCbCtRMnlRRDI0aklLeGNnb0tFUkc5Y1gyTkp2Mndtd0hab0psQStnUW9jYmdoUllrYXFSek16eUZHWWFoV01kaDErcm8vVTExYjVoeTh5QlROVEtuRndHZXhEYkxjUUZYNTVPZkZVZVdZVzFGamYxMTYrOWtBYTAyUVhMYS9PVVVsbTNZeUwvbEh6NC9EMjE0LzBycURYbkY0a0p1SEJHclpoOUtvSzRtMGxRaklzVEZrTTJXSzViTUxLc1A5dk9rWHpTRXU0V2c0eTVHcmh4TUNQclF4cXdXdkw0bldibGczMmVyeUJrVU1USlA0QXIzT2wyNy9NOTlVZnk4ZUJBWDhLejE3QzJwenV1cnZuelFaUjVySWQ3ZDhRQ3BIMGM1aGNQNEZPaUtqTjBrcVNlUzE4enYvMjMrK0dxN0FNcHp4VktLcWxsNExtQ0w1NG1LTzVzMjRkSEdLbDZLbXJBM1ErcGFnZXZzUjVpWkZGNTN4WWFiRFJ5WncxU0s4bVdhcmlsVTMvcG4rWW44TVZnb2ZpZ1l6OGViZnJ2VVlJZ1o5Y0w4YUVBdXk2MUlncmdzOTV1c0ZXaWptR1ZOSVV1U1FMREROa1dHaXV3SHE2a0V1STM3Z3BLY3RINFNXOHlsb0ZrRzRubmNVcytha01YZkRZWGFPOGhKbnJCOVZ6cU9RanJTa3o3NnFHa3ZWaFZ0NlBnb1BEcGgxc3IzMU40RVp6NGxEMGN3L3BUaTRUbzdGbGdHNHQ2Z055S29uWXd0dDRxVit4ZmZlbFo4OVZUOU9WRkQ1SlRnQzVqVW5sbVUyZmtyZXJlMVRCOGt6OFJUNUYyaG9YQTRHbjIyM3ZmQTZ6YU5aWXovdVJ1eW9pbWtmVndza2lJYld1NGRzQXNwSm8vemlTY2FrVFR0LzljcWpnQldTN0RRTllmeE80NC9DQnN1SnZRamJkTlRRWTVVPSIsImNvbnRlbnQiOiJcbjxkaXYgY2xhc3M9XCJ3cC1ibG9jay1qZXRwYWNrLWNvbnRhY3QtZm9ybSBpcy1zdHlsZS1vdXRsaW5lZFwiPltjb250YWN0LWZpZWxkIGxhYmVsPVwiSW1pXHUwMTE5XCIgcmVxdWlyZWQ9XCIxXCIgcmVxdWlyZWRUZXh0PVwiKHd5bWFnYW5lKVwiIGxhYmVsRm9udFNpemU9XCIwLjlyZW1cIiBsYWJlbENvbG9yPVwiIzAwNGM5MlwiIHR5cGU9XCJuYW1lXCIvXVxuXG5bY29udGFjdC1maWVsZCBsYWJlbD1cIkFkcmVzIGUtbWFpbFwiIHJlcXVpcmVkPVwiMVwiIHJlcXVpcmVkVGV4dD1cIih3eW1hZ2FuZSlcIiBsYWJlbEZvbnRTaXplPVwiMC45cmVtXCIgbGFiZWxDb2xvcj1cIiMwMDRjOTJcIiB0eXBlPVwiZW1haWxcIi9dXG5cbltjb250YWN0LWZpZWxkIGxhYmVsPVwiV2lhZG9tb1x1MDE1Ylx1MDEwN1wiIHJlcXVpcmVkPVwiMVwiIHJlcXVpcmVkVGV4dD1cIih3eW1hZ2FuZSlcIiBsYWJlbEZvbnRTaXplPVwiMC45cmVtXCIgbGFiZWxDb2xvcj1cIiMwMDRjOTJcIiB0eXBlPVwidGV4dGFyZWFcIi9dXG5cbltjb250YWN0LWZpZWxkIGxhYmVsRm9udFNpemU9XCIwLjlyZW1cIiBsYWJlbENvbG9yPVwiIzAwNGM5MlwiIGltcGxpY2l0Q29uc2VudE1lc3NhZ2U9XCJQcnplc3lcdTAxNDJhalx1MDEwNWMgc3dvamUgZGFuZSYjMDQ0OyB3eXJhXHUwMTdjYXN6IHpnb2RcdTAxMTkgbmEgd3lzeVx1MDE0MmFuaWUgZG8gQ2llYmllIHdpYWRvbW9cdTAxNWJjaSBlLW1haWwgdyBvZHBvd2llZHppLiBNb1x1MDE3Y2VzeiBjb2ZuXHUwMTA1XHUwMTA3IHpnb2RcdTAxMTkgdyBkb3dvbG55bSBtb21lbmNpZS5cIiB0eXBlPVwiY29uc2VudFwiIGV4cGxpY2l0Q29uc2VudE1lc3NhZ2U9XCJDYW4gd2Ugc2VuZCB5b3UgYW4gZW1haWwgZnJvbSB0aW1lIHRvIHRpbWU_XCIgbGFiZWw9XCJDb25zZW50XCIvXVxuXG5bY29udGFjdC1maWVsZCBsYWJlbD1cIld5cmFcdTAxN2NhbSB6Z29kXHUwMTE5IG5hIGtvbnRha3QgbmEgcG9kYW55IHcgZm9ybXVsYXJ6dSBhZHJlcyBlLW1haWxcIiByZXF1aXJlZD1cIjFcIiByZXF1aXJlZFRleHQ9XCIod3ltYWdhbmUpXCIgbGFiZWxGb250U2l6ZT1cIjAuOXJlbVwiIGxhYmVsQ29sb3I9XCIjMDA0YzkyXCIgdHlwZT1cImNoZWNrYm94XCIvXVxuXG48ZGl2IGNsYXNzPVwid3AtYmxvY2stamV0cGFjay1idXR0b24gYWxpZ25yaWdodCB3cC1ibG9jay1idXR0b25cIiBzdHlsZT1cIlwiPjxidXR0b24gY2xhc3M9XCJ3cC1ibG9jay1idXR0b25fX2xpbmsgaGFzLWJhY2tncm91bmQgaGFzLWFjY2VudC0zLWJhY2tncm91bmQtY29sb3Igbm8tYm9yZGVyLXJhZGl1c1wiIHN0eWxlPVwiXCIgZGF0YS1pZC1hdHRyPVwicGxhY2Vob2xkZXJcIiB0eXBlPVwic3VibWl0XCIgZGF0YS13cC1jbGFzcy0taXMtc3VibWl0dGluZz1cInN0YXRlLmlzU3VibWl0dGluZ1wiIGRhdGEtd3AtYmluZC0tYXJpYS1kaXNhYmxlZD1cInN0YXRlLmlzQXJpYURpc2FibGVkXCI-V1lcdTAxNWFMSUo8c3BhbiBjbGFzcz1cInNwaW5uZXJcIiBhcmlhLWhpZGRlbj1cInRydWVcIj48c3ZnIHdpZHRoPVwiMjRcIiBoZWlnaHQ9XCIyNFwiIHZpZXdCb3g9XCIwIDAgMjQgMjRcIiB4bWxucz1cImh0dHA6Ly93d3cudzMub3JnLzIwMDAvc3ZnXCI-PHBhdGggZD1cIk0xMiwxQTExLDExLDAsMSwwLDIzLDEyLDExLDExLDAsMCwwLDEyLDFabTAsMTlhOCw4LDAsMSwxLDgtOEE4LDgsMCwwLDEsMTIsMjBaXCIgb3BhY2l0eT1cIi4yNVwiLz48cGF0aCBkPVwiTTEwLjE0LDEuMTZhMTEsMTEsMCwwLDAtOSw4LjkyQTEuNTksMS41OSwwLDAsMCwyLjQ2LDEyLDEuNTIsMS41MiwwLDAsMCw0LjExLDEwLjdhOCw4LDAsMCwxLDYuNjYtNi42MUExLjQyLDEuNDIsMCwwLDAsMTIsMi42OWgwQTEuNTcsMS41NywwLDAsMCwxMC4xNCwxLjE2WlwiPjxhbmltYXRlVHJhbnNmb3JtIGF0dHJpYnV0ZU5hbWU9XCJ0cmFuc2Zvcm1cIiB0eXBlPVwicm90YXRlXCIgZHVyPVwiMC43NXNcIiB2YWx1ZXM9XCIwIDEyIDEyOzM2MCAxMiAxMlwiIHJlcGVhdENvdW50PVwiaW5kZWZpbml0ZVwiLz48L3BhdGg-PC9zdmc-PHNwYW4gY2xhc3M9XCJpcy12aXN1YWxseS1oaWRkZW5cIj5TdWJtaXR0aW5nIGZvcm08L3NwYW4-PC9zcGFuPjwvYnV0dG9uPjwvZGl2PjwvZGl2PlxuIiwiaGFzaCI6IjY1MDI3YjllM2MyNzY1MGU2MjY3M2JjNjVhNGNjMzBhZDVlMDI3ZjUiLCJzb3VyY2UiOnsiZW50cnlfdGl0bGUiOiJLb250YWt0IiwiZW50cnlfcGFnZSI6MSwic291cmNlX2lkIjoxNywic291cmNlX3R5cGUiOiJzaW5nbGUiLCJyZXF1ZXN0X3VybCI6Imh0dHBzOi8va3Jha293LndvcmRjYW1wLm9yZy8yMDI1L3dwLWpzb24vd3AvdjIvcGFnZXMvMTcifSwidmVyc2lvbiI6MiwiY2lwaGVyIjoiYWVzLTI1Ni1nY20ifQ.S82Du7qdmC_nCG6oCNQVvK31JIf9CXubv21SI8EupA8' \/>\n\n<div class=\"wp-block-jetpack-contact-form is-style-outlined\">\n<div class='contact-form__inset-label-wrap'  data-wp-interactive=\"jetpack\/form\" data-wp-context='{\"fieldId\":\"g17-imi\",\"fieldType\":\"name\",\"fieldLabel\":\"Imi\\u0119\",\"fieldValue\":\"\",\"fieldPlaceholder\":\"\",\"fieldIsRequired\":\"1\",\"fieldErrorMessage\":\"\",\"fieldExtra\":[],\"formHash\":\"65027b9e3c27650e62673bc65a4cc30ad5e027f5\"}'  >\n\n<div style=\"\"  class='grunion-field-name-wrap grunion-field-wrap'  data-wp-init='callbacks.initializeField' data-wp-on--jetpack-form-reset='callbacks.initializeField' >\n\n\t\t\t<div class=\"notched-label\">\n\t\t\t\t<div class=\"notched-label__leading\" style=\"\"><\/div>\n\t\t\t\t<div class=\"notched-label__notch\" style=\"\">\n\t\t\t\t\t<label\n\t\t\t\t\t\tfor=\"g17-imi\"\n\t\t\t\t\t\tclass=\" notched-label__label\"\n\t\t\t\t\t\tstyle=\"color: #004c92;font-size: 0.9rem;--jetpack--contact-form--notch-width: max(var(--jetpack--contact-form--input-padding-left, 16px), var(--jetpack--contact-form--border-radius));\"\n\t\t\t\t\t>\n\t\t\t\t\t<span class=\"grunion-label-text\">Imi\u0119<\/span><span class=\"grunion-label-required\" aria-hidden=\"true\">(wymagane)<\/span><\/label>\n\t\t\t\t<\/div>\n\t\t\t\t<div class=\"notched-label__filler\" style=\"\"><\/div>\n\t\t\t\t<div class=\"notched-label__trailing\" style=\"\"><\/div>\n\t\t\t<\/div><input\n\t\t\t\t\ttype='text'\n\t\t\t\t\tname='g17-imi'\n\t\t\t\t\tid='g17-imi'\n\t\t\t\t\tvalue=''\n\n\t\t\t\t\tdata-wp-bind--aria-invalid='state.fieldAriaInvalid'\n\t\t\t\t\tdata-wp-bind--value='state.getFieldValue'\n\t\t\t\t\taria-describedby='g17-imi-text-error-message'\n\t\t\t\t\tdata-wp-on--input='actions.onFieldChange'\n\t\t\t\t\tdata-wp-on--blur='actions.onFieldBlur'\n\t\t\t\t\tdata-wp-class--has-value='state.hasFieldValue'\n\n\t\t\t\t\tclass='name  grunion-field' \n\t\t\t\t\trequired='true' aria-required='true'  \/>\n  \n\t<\/div>\n\n\t\t\t<div id=\"g17-imi-name-error\" class=\"contact-form__input-error\" data-wp-class--has-errors=\"state.fieldHasErrors\">\n\t\t\t\t<span class=\"contact-form__warning-icon\" aria-hidden=\"true\">\n\t\t\t\t\t<svg width=\"16\" height=\"16\" viewBox=\"0 0 16 16\" fill=\"none\" xmlns=\"http:\/\/www.w3.org\/2000\/svg\">\n\t\t\t\t\t\t<path d=\"M8.50015 11.6402H7.50015V10.6402H8.50015V11.6402Z\" \/>\n\t\t\t\t\t\t<path d=\"M7.50015 9.64018H8.50015V6.30684H7.50015V9.64018Z\" \/>\n\t\t\t\t\t\t<path fill-rule=\"evenodd\" clip-rule=\"evenodd\" d=\"M6.98331 3.0947C7.42933 2.30177 8.57096 2.30177 9.01698 3.09469L13.8771 11.7349C14.3145 12.5126 13.7525 13.4735 12.8602 13.4735H3.14004C2.24774 13.4735 1.68575 12.5126 2.12321 11.7349L6.98331 3.0947ZM8.14541 3.58496C8.08169 3.47168 7.9186 3.47168 7.85488 3.58496L2.99478 12.2251C2.93229 12.3362 3.01257 12.4735 3.14004 12.4735H12.8602C12.9877 12.4735 13.068 12.3362 13.0055 12.2251L8.14541 3.58496Z\" \/>\n\t\t\t\t\t<\/svg>\n\t\t\t\t<\/span>\n\t\t\t\t<span data-wp-text=\"state.errorMessage\" id=\"g17-imi-name-error-message\"><\/span>\n\t\t\t<\/div>\t<\/div>\n\n\n\n<div class='contact-form__inset-label-wrap'  data-wp-interactive=\"jetpack\/form\" data-wp-context='{\"fieldId\":\"g17-adresemail\",\"fieldType\":\"email\",\"fieldLabel\":\"Adres e-mail\",\"fieldValue\":\"\",\"fieldPlaceholder\":\"\",\"fieldIsRequired\":\"1\",\"fieldErrorMessage\":\"\",\"fieldExtra\":[],\"formHash\":\"65027b9e3c27650e62673bc65a4cc30ad5e027f5\"}'  >\n\n<div style=\"\"  class='grunion-field-email-wrap grunion-field-wrap'  data-wp-init='callbacks.initializeField' data-wp-on--jetpack-form-reset='callbacks.initializeField' >\n\n\t\t\t<div class=\"notched-label\">\n\t\t\t\t<div class=\"notched-label__leading\" style=\"\"><\/div>\n\t\t\t\t<div class=\"notched-label__notch\" style=\"\">\n\t\t\t\t\t<label\n\t\t\t\t\t\tfor=\"g17-adresemail\"\n\t\t\t\t\t\tclass=\" notched-label__label\"\n\t\t\t\t\t\tstyle=\"color: #004c92;font-size: 0.9rem;--jetpack--contact-form--notch-width: max(var(--jetpack--contact-form--input-padding-left, 16px), var(--jetpack--contact-form--border-radius));\"\n\t\t\t\t\t>\n\t\t\t\t\t<span class=\"grunion-label-text\">Adres e-mail<\/span><span class=\"grunion-label-required\" aria-hidden=\"true\">(wymagane)<\/span><\/label>\n\t\t\t\t<\/div>\n\t\t\t\t<div class=\"notched-label__filler\" style=\"\"><\/div>\n\t\t\t\t<div class=\"notched-label__trailing\" style=\"\"><\/div>\n\t\t\t<\/div><input\n\t\t\t\t\ttype='email'\n\t\t\t\t\tname='g17-adresemail'\n\t\t\t\t\tid='g17-adresemail'\n\t\t\t\t\tvalue=''\n\n\t\t\t\t\tdata-wp-bind--aria-invalid='state.fieldAriaInvalid'\n\t\t\t\t\tdata-wp-bind--value='state.getFieldValue'\n\t\t\t\t\taria-describedby='g17-adresemail-email-error-message'\n\t\t\t\t\tdata-wp-on--input='actions.onFieldChange'\n\t\t\t\t\tdata-wp-on--blur='actions.onFieldBlur'\n\t\t\t\t\tdata-wp-class--has-value='state.hasFieldValue'\n\n\t\t\t\t\tclass='email  grunion-field' \n\t\t\t\t\trequired='true' aria-required='true'  \/>\n  \n\t<\/div>\n\n\t\t\t<div id=\"g17-adresemail-email-error\" class=\"contact-form__input-error\" data-wp-class--has-errors=\"state.fieldHasErrors\">\n\t\t\t\t<span class=\"contact-form__warning-icon\" aria-hidden=\"true\">\n\t\t\t\t\t<svg width=\"16\" height=\"16\" viewBox=\"0 0 16 16\" fill=\"none\" xmlns=\"http:\/\/www.w3.org\/2000\/svg\">\n\t\t\t\t\t\t<path d=\"M8.50015 11.6402H7.50015V10.6402H8.50015V11.6402Z\" \/>\n\t\t\t\t\t\t<path d=\"M7.50015 9.64018H8.50015V6.30684H7.50015V9.64018Z\" \/>\n\t\t\t\t\t\t<path fill-rule=\"evenodd\" clip-rule=\"evenodd\" d=\"M6.98331 3.0947C7.42933 2.30177 8.57096 2.30177 9.01698 3.09469L13.8771 11.7349C14.3145 12.5126 13.7525 13.4735 12.8602 13.4735H3.14004C2.24774 13.4735 1.68575 12.5126 2.12321 11.7349L6.98331 3.0947ZM8.14541 3.58496C8.08169 3.47168 7.9186 3.47168 7.85488 3.58496L2.99478 12.2251C2.93229 12.3362 3.01257 12.4735 3.14004 12.4735H12.8602C12.9877 12.4735 13.068 12.3362 13.0055 12.2251L8.14541 3.58496Z\" \/>\n\t\t\t\t\t<\/svg>\n\t\t\t\t<\/span>\n\t\t\t\t<span data-wp-text=\"state.errorMessage\" id=\"g17-adresemail-email-error-message\"><\/span>\n\t\t\t<\/div>\t<\/div>\n\n\n\n<div class='contact-form__inset-label-wrap'  data-wp-interactive=\"jetpack\/form\" data-wp-context='{\"fieldId\":\"g17-wiadomo\",\"fieldType\":\"textarea\",\"fieldLabel\":\"Wiadomo\\u015b\\u0107\",\"fieldValue\":\"\",\"fieldPlaceholder\":\"\",\"fieldIsRequired\":\"1\",\"fieldErrorMessage\":\"\",\"fieldExtra\":[],\"formHash\":\"65027b9e3c27650e62673bc65a4cc30ad5e027f5\"}'  >\n\n<div style=\"\"  class='grunion-field-textarea-wrap grunion-field-wrap'  data-wp-init='callbacks.initializeField' data-wp-on--jetpack-form-reset='callbacks.initializeField' >\n\n\t\t\t<div class=\"notched-label\">\n\t\t\t\t<div class=\"notched-label__leading\" style=\"\"><\/div>\n\t\t\t\t<div class=\"notched-label__notch\" style=\"\">\n\t\t\t\t\t<label\n\t\t\t\t\t\tfor=\"contact-form-comment-g17-wiadomo\"\n\t\t\t\t\t\tclass=\" notched-label__label\"\n\t\t\t\t\t\tstyle=\"color: #004c92;font-size: 0.9rem;--jetpack--contact-form--notch-width: max(var(--jetpack--contact-form--input-padding-left, 16px), var(--jetpack--contact-form--border-radius));\"\n\t\t\t\t\t>\n\t\t\t\t\t<span class=\"grunion-label-text\">Wiadomo\u015b\u0107<\/span><span class=\"grunion-label-required\" aria-hidden=\"true\">(wymagane)<\/span><\/label>\n\t\t\t\t<\/div>\n\t\t\t\t<div class=\"notched-label__filler\" style=\"\"><\/div>\n\t\t\t\t<div class=\"notched-label__trailing\" style=\"\"><\/div>\n\t\t\t<\/div><textarea\n\t\t                style=''\n\t\t                name='g17-wiadomo'\n\t\t                id='contact-form-comment-g17-wiadomo'\n\t\t                rows='20'\n\t\t\t\t\t\tdata-wp-text='state.getFieldValue'\n\t\t\t\t\t\tdata-wp-on--input='actions.onFieldChange'\n\t\t\t\t\t\tdata-wp-on--blur='actions.onFieldBlur'\n\t\t\t\t\t\tdata-wp-class--has-value='state.hasFieldValue'\n\t\t\t\t\t\taria-describedby='g17-wiadomo-textarea-error-message'\n\t\t\t\t\t\tdata-wp-bind--aria-invalid='state.fieldAriaInvalid'\n\t\t\t\t\t\tclass='textarea  grunion-field'  required aria-required='true'><\/textarea>\n \n\t<\/div>\n\n\t\t\t<div id=\"g17-wiadomo-textarea-error\" class=\"contact-form__input-error\" data-wp-class--has-errors=\"state.fieldHasErrors\">\n\t\t\t\t<span class=\"contact-form__warning-icon\" aria-hidden=\"true\">\n\t\t\t\t\t<svg width=\"16\" height=\"16\" viewBox=\"0 0 16 16\" fill=\"none\" xmlns=\"http:\/\/www.w3.org\/2000\/svg\">\n\t\t\t\t\t\t<path d=\"M8.50015 11.6402H7.50015V10.6402H8.50015V11.6402Z\" \/>\n\t\t\t\t\t\t<path d=\"M7.50015 9.64018H8.50015V6.30684H7.50015V9.64018Z\" \/>\n\t\t\t\t\t\t<path fill-rule=\"evenodd\" clip-rule=\"evenodd\" d=\"M6.98331 3.0947C7.42933 2.30177 8.57096 2.30177 9.01698 3.09469L13.8771 11.7349C14.3145 12.5126 13.7525 13.4735 12.8602 13.4735H3.14004C2.24774 13.4735 1.68575 12.5126 2.12321 11.7349L6.98331 3.0947ZM8.14541 3.58496C8.08169 3.47168 7.9186 3.47168 7.85488 3.58496L2.99478 12.2251C2.93229 12.3362 3.01257 12.4735 3.14004 12.4735H12.8602C12.9877 12.4735 13.068 12.3362 13.0055 12.2251L8.14541 3.58496Z\" \/>\n\t\t\t\t\t<\/svg>\n\t\t\t\t<\/span>\n\t\t\t\t<span data-wp-text=\"state.errorMessage\" id=\"g17-wiadomo-textarea-error-message\"><\/span>\n\t\t\t<\/div>\t<\/div>\n\n\n\n<div class='contact-form__inset-label-wrap'  data-wp-interactive=\"jetpack\/form\" data-wp-context='{\"fieldId\":\"g17-consent\",\"fieldType\":\"consent\",\"fieldLabel\":\"Consent\",\"fieldValue\":\"\",\"fieldPlaceholder\":\"\",\"fieldIsRequired\":\"\",\"fieldErrorMessage\":\"\",\"fieldExtra\":[],\"formHash\":\"65027b9e3c27650e62673bc65a4cc30ad5e027f5\"}'  >\n\n<div style=\"\"  class='grunion-field-consent-wrap grunion-field-wrap'  data-wp-init='callbacks.initializeField' data-wp-on--jetpack-form-reset='callbacks.initializeField' >\n<label class='grunion-field-label consent consent-implicit' style='color: #004c92;font-size: 0.9rem;'>\t\t<input type='hidden' name='g17-consent' value='Yes' \/> \n\t\tPrzesy\u0142aj\u0105c swoje dane&#044; wyra\u017casz zgod\u0119 na wysy\u0142anie do Ciebie wiadomo\u015bci e-mail w odpowiedzi. Mo\u017cesz cofn\u0105\u0107 zgod\u0119 w dowolnym momencie.<\/label>\n<div class='clear-form'><\/div>\n\t<\/div>\n\n\t\t\t<div id=\"g17-consent-consent-error\" class=\"contact-form__input-error\" data-wp-class--has-errors=\"state.fieldHasErrors\">\n\t\t\t\t<span class=\"contact-form__warning-icon\" aria-hidden=\"true\">\n\t\t\t\t\t<svg width=\"16\" height=\"16\" viewBox=\"0 0 16 16\" fill=\"none\" xmlns=\"http:\/\/www.w3.org\/2000\/svg\">\n\t\t\t\t\t\t<path d=\"M8.50015 11.6402H7.50015V10.6402H8.50015V11.6402Z\" \/>\n\t\t\t\t\t\t<path d=\"M7.50015 9.64018H8.50015V6.30684H7.50015V9.64018Z\" \/>\n\t\t\t\t\t\t<path fill-rule=\"evenodd\" clip-rule=\"evenodd\" d=\"M6.98331 3.0947C7.42933 2.30177 8.57096 2.30177 9.01698 3.09469L13.8771 11.7349C14.3145 12.5126 13.7525 13.4735 12.8602 13.4735H3.14004C2.24774 13.4735 1.68575 12.5126 2.12321 11.7349L6.98331 3.0947ZM8.14541 3.58496C8.08169 3.47168 7.9186 3.47168 7.85488 3.58496L2.99478 12.2251C2.93229 12.3362 3.01257 12.4735 3.14004 12.4735H12.8602C12.9877 12.4735 13.068 12.3362 13.0055 12.2251L8.14541 3.58496Z\" \/>\n\t\t\t\t\t<\/svg>\n\t\t\t\t<\/span>\n\t\t\t\t<span data-wp-text=\"state.errorMessage\" id=\"g17-consent-consent-error-message\"><\/span>\n\t\t\t<\/div>\t<\/div>\n\n\n\n<div class='contact-form__inset-label-wrap'  data-wp-interactive=\"jetpack\/form\" data-wp-context='{\"fieldId\":\"g17-wyraamzgodnakontaktnapodanywformularzuadresemail\",\"fieldType\":\"checkbox\",\"fieldLabel\":\"Wyra\\u017cam zgod\\u0119 na kontakt na podany w formularzu adres e-mail\",\"fieldValue\":\"\",\"fieldPlaceholder\":\"\",\"fieldIsRequired\":\"1\",\"fieldErrorMessage\":\"\",\"fieldExtra\":[],\"formHash\":\"65027b9e3c27650e62673bc65a4cc30ad5e027f5\"}'  >\n\n<div style=\"\"  class='grunion-field-checkbox-wrap grunion-field-wrap'  data-wp-init='callbacks.initializeField' data-wp-on--jetpack-form-reset='callbacks.initializeField' >\n<div class='contact-form__checkbox-wrap' style='' ><input id='g17-wyraamzgodnakontaktnapodanywformularzuadresemail' type='checkbox' data-wp-on--change='actions.onFieldChange' name='g17-wyraamzgodnakontaktnapodanywformularzuadresemail' value='Yes' class='checkbox  grunion-field'  required aria-required='true'\/> \n<label for='g17-wyraamzgodnakontaktnapodanywformularzuadresemail' class='grunion-field-label checkbox' style='color: #004c92;font-size: 0.9rem;'>Wyra\u017cam zgod\u0119 na kontakt na podany w formularzu adres e-mail<span class=\"grunion-label-required\" aria-hidden=\"true\">(wymagane)<\/span><\/label>\n<div class='clear-form'><\/div>\n<\/div>\t<\/div>\n\n\t\t\t<div id=\"g17-wyraamzgodnakontaktnapodanywformularzuadresemail-checkbox-error\" class=\"contact-form__input-error\" data-wp-class--has-errors=\"state.fieldHasErrors\">\n\t\t\t\t<span class=\"contact-form__warning-icon\" aria-hidden=\"true\">\n\t\t\t\t\t<svg width=\"16\" height=\"16\" viewBox=\"0 0 16 16\" fill=\"none\" xmlns=\"http:\/\/www.w3.org\/2000\/svg\">\n\t\t\t\t\t\t<path d=\"M8.50015 11.6402H7.50015V10.6402H8.50015V11.6402Z\" \/>\n\t\t\t\t\t\t<path d=\"M7.50015 9.64018H8.50015V6.30684H7.50015V9.64018Z\" \/>\n\t\t\t\t\t\t<path fill-rule=\"evenodd\" clip-rule=\"evenodd\" d=\"M6.98331 3.0947C7.42933 2.30177 8.57096 2.30177 9.01698 3.09469L13.8771 11.7349C14.3145 12.5126 13.7525 13.4735 12.8602 13.4735H3.14004C2.24774 13.4735 1.68575 12.5126 2.12321 11.7349L6.98331 3.0947ZM8.14541 3.58496C8.08169 3.47168 7.9186 3.47168 7.85488 3.58496L2.99478 12.2251C2.93229 12.3362 3.01257 12.4735 3.14004 12.4735H12.8602C12.9877 12.4735 13.068 12.3362 13.0055 12.2251L8.14541 3.58496Z\" \/>\n\t\t\t\t\t<\/svg>\n\t\t\t\t<\/span>\n\t\t\t\t<span data-wp-text=\"state.errorMessage\" id=\"g17-wyraamzgodnakontaktnapodanywformularzuadresemail-checkbox-error-message\"><\/span>\n\t\t\t<\/div>\t<\/div>\n\n\n<div class=\"contact-form__error\" data-wp-class--show-errors=\"state.showFormErrors\"><span class=\"contact-form__warning-icon\" aria-hidden=\"true\"><i><\/i><\/span><span class=\"contact-form__error-message\" tabindex=\"-1\" data-wp-watch=\"callbacks.focusOnValidationError\" data-wp-text=\"state.getFormErrorMessage\"><\/span><ul aria-label=\"Form errors\">\n\t\t\t\t<template data-wp-each=\"state.getErrorList\" data-wp-key=\"context.item.id\">\n\t\t\t\t\t<li><a data-wp-bind--href=\"context.item.anchor\" data-wp-on--click=\"actions.scrollIntoView\" data-wp-text=\"context.item.label\"><\/a><\/li>\n\t\t\t\t<\/template>\n\t\t\t\t<\/ul><\/div><div class=\"contact-form__error\" data-wp-class--show-errors=\"state.showSubmissionError\" data-wp-text=\"context.submissionError\" tabindex=\"-1\" data-wp-watch=\"callbacks.focusOnSubmissionError\"><\/div> <div class=\"wp-block-jetpack-button alignright wp-block-button\" style=\"\"><button data-wp-bind--disabled=\"state.isAriaDisabled\" class=\"wp-block-button__link has-background has-accent-3-background-color no-border-radius\" style=\"\" data-id-attr=\"placeholder\" type=\"submit\" data-wp-class--is-submitting=\"state.isSubmitting\" data-wp-bind--aria-disabled=\"state.isAriaDisabled\">WY\u015aLIJ<span class=\"spinner\" aria-hidden=\"true\"><svg width=\"24\" height=\"24\" viewBox=\"0 0 24 24\" xmlns=\"http:\/\/www.w3.org\/2000\/svg\"><path d=\"M12,1A11,11,0,1,0,23,12,11,11,0,0,0,12,1Zm0,19a8,8,0,1,1,8-8A8,8,0,0,1,12,20Z\" opacity=\".25\"\/><path d=\"M10.14,1.16a11,11,0,0,0-9,8.92A1.59,1.59,0,0,0,2.46,12,1.52,1.52,0,0,0,4.11,10.7a8,8,0,0,1,6.66-6.61A1.42,1.42,0,0,0,12,2.69h0A1.57,1.57,0,0,0,10.14,1.16Z\"><animateTransform attributeName=\"transform\" type=\"rotate\" dur=\"0.75s\" values=\"0 12 12;360 12 12\" repeatCount=\"indefinite\"\/><\/path><\/svg><span class=\"is-visually-hidden\">Submitting form<\/span><\/span><\/button><\/div><\/div>\n\t\t<input type='hidden' name='contact-form-id' value='17' \/>\n\t\t<input type='hidden' name='action' value='grunion-contact-form' \/>\n\t\t<input type='hidden' name='contact-form-hash' value='65027b9e3c27650e62673bc65a4cc30ad5e027f5' \/>\n<p style=\"display: none !important;\" class=\"akismet-fields-container\" data-prefix=\"ak_\"><label>&#916;<textarea name=\"ak_hp_textarea\" cols=\"45\" rows=\"8\" maxlength=\"100\"><\/textarea><\/label><input type=\"hidden\" id=\"ak_js_1\" name=\"ak_js\" value=\"184\"\/><script>\ndocument.getElementById( \"ak_js_1\" ).setAttribute( \"value\", ( new Date() ).getTime() );\n<\/script>\n<\/p><\/form>\n<\/div>","protected":false},"excerpt":{"rendered":"","protected":false},"author":16129975,"featured_media":0,"parent":0,"menu_order":0,"comment_status":"closed","ping_status":"closed","template":"","meta":{"jetpack_post_was_ever_published":false,"footnotes":""},"class_list":["post-17","page","type-page","status-publish","hentry"],"jetpack_sharing_enabled":true,"_links":{"self":[{"href":"https:\/\/krakow.wordcamp.org\/2025\/wp-json\/wp\/v2\/pages\/17","targetHints":{"allow":["GET"]}}],"collection":[{"href":"https:\/\/krakow.wordcamp.org\/2025\/wp-json\/wp\/v2\/pages"}],"about":[{"href":"https:\/\/krakow.wordcamp.org\/2025\/wp-json\/wp\/v2\/types\/page"}],"author":[{"embeddable":true,"href":"https:\/\/krakow.wordcamp.org\/2025\/wp-json\/wp\/v2\/users\/16129975"}],"replies":[{"embeddable":true,"href":"https:\/\/krakow.wordcamp.org\/2025\/wp-json\/wp\/v2\/comments?post=17"}],"version-history":[{"count":13,"href":"https:\/\/krakow.wordcamp.org\/2025\/wp-json\/wp\/v2\/pages\/17\/revisions"}],"predecessor-version":[{"id":405,"href":"https:\/\/krakow.wordcamp.org\/2025\/wp-json\/wp\/v2\/pages\/17\/revisions\/405"}],"wp:attachment":[{"href":"https:\/\/krakow.wordcamp.org\/2025\/wp-json\/wp\/v2\/media?parent=17"}],"curies":[{"name":"wp","href":"https:\/\/api.w.org\/{rel}","templated":true}]}}