{"id":325,"date":"2025-02-11T22:01:13","date_gmt":"2025-02-11T21:01:13","guid":{"rendered":"https:\/\/krakow.wordcamp.org\/2025\/?page_id=325"},"modified":"2025-02-25T12:59:03","modified_gmt":"2025-02-25T11:59:03","slug":"lokalizacja","status":"publish","type":"page","link":"https:\/\/krakow.wordcamp.org\/2025\/lokalizacja\/","title":{"rendered":"Lokalizacja"},"content":{"rendered":"\n<div style=\"height:25px\" aria-hidden=\"true\" class=\"wp-block-spacer\"><\/div>\n\n\n\n<div class=\"wp-block-columns is-layout-flex wp-container-core-columns-is-layout-28f84493 wp-block-columns-is-layout-flex\">\n<div class=\"wp-block-column is-layout-flow wp-block-column-is-layout-flow\">\n<p><strong>Politechnika Krakowska<\/strong><br>Budynek &#8222;Dzia\u0142ownia&#8221;<br>ul. Warszawska 24<br>31-155 Krak\u00f3w<\/p>\n\n\n\n<p>Miejsce, w kt\u00f3rym si\u0119 spotkamy, zlokalizowane jest przy Dworcu G\u0142\u00f3wnym.<\/p>\n\n\n\n<p>Najwygodniej dojecha\u0107 tam komunikacj\u0105 miejsk\u0105 i wysi\u0105\u015b\u0107 na przystankach zlokalizowanych obok Politechniki lub Dworca G\u0142\u00f3wnego\/Galerii Krakowskiej (i podej\u015b\u0107 par\u0119 minut).<\/p>\n\n\n\n<p>Lec\u0105c samolotem, z lotniska Balice dotrzesz na miejsce poci\u0105giem podmiejskim, kt\u00f3ry zatrzyma si\u0119 na Dworcu G\u0142\u00f3wnym.<\/p>\n\n\n\n<p>Jad\u0105c samochodem, <a href=\"https:\/\/zdmk.krakow.pl\/parkowanie\/strefa-platnego-parkowania\/mapy\/mapa-strefy\/\" target=\"_blank\" rel=\"noreferrer noopener\">zwr\u00f3\u0107 uwag\u0119 na Stref\u0119 Parkowania<\/a> &#8211; Politechnika zlokalizowana jest w najdro\u017cszej strefie, A (<a href=\"https:\/\/zdmk.krakow.pl\/parkowanie\/strefa-platnego-parkowania\/informacje-ogolne-i-oplaty\/\" target=\"_blank\" rel=\"noreferrer noopener\">6 z\u0142otych\/godzin\u0119, od 10.00 do 20.00. <strong>W niedziel\u0119 parkowanie jest bezp\u0142atne<\/strong><\/a>).<\/p>\n\n\n\n<p>Zalecamy znalezienie noclegu z parkingiem w cenie lub parkowanie poza stref\u0105 (<strong>na terenie Politechniki nie ma mo\u017cliwo\u015bci parkowania<\/strong>).<\/p>\n<\/div>\n\n\n\n<div class=\"wp-block-column is-layout-flow wp-block-column-is-layout-flow\">\n<div class=\"googlemaps\">\n\t\t\t\t<iframe loading=\"lazy\" width=\"600\" height=\"510\" frameborder=\"0\" scrolling=\"no\" marginheight=\"0\" marginwidth=\"0\"  src=\"https:\/\/www.google.com\/maps\/embed?pb=!1m14!1m8!1m3!1d5121.521192462751!2d19.942764!3d50.072045!3m2!1i1024!2i768!4f13.1!3m3!1m2!1s0x47165b04a4a0d5bf:0x41a815e1860a19eb!2sCracow%20University%20of%20Technology!5e0!3m2!1sen!2spl!4v1715752936050!5m2!1sen!2spl\"><\/iframe>\n\t\t\t<\/div>\n<\/div>\n<\/div>\n\n\n\n<div style=\"height:25px\" aria-hidden=\"true\" class=\"wp-block-spacer\"><\/div>\n\n\n\n<hr class=\"wp-block-separator has-alpha-channel-opacity\" \/>\n\n\n\n<div style=\"height:25px\" aria-hidden=\"true\" class=\"wp-block-spacer\"><\/div>\n\n\n\n<h2 class=\"wp-block-heading has-text-color has-link-color wp-elements-5b2cc8af63913dbedf38e61b53aaaf1f\" style=\"color:#004c92\">Budynek &#8222;Dzia\u0142ownia&#8221;<\/h2>\n\n\n\n<p>Wszystkie wyk\u0142ady i warsztaty, a tak\u017ce rozpocz\u0119cie oraz zako\u0144czenie, b\u0119d\u0105 mia\u0142y miejsce w budynku &#8222;Dzia\u0142owni&#8221;, zlokalizowanym przy ul. Warszawskiej 24.<\/p>\n\n\n\n<div class=\"wp-block-columns is-layout-flex wp-container-core-columns-is-layout-28f84493 wp-block-columns-is-layout-flex\">\n<div class=\"wp-block-column is-layout-flow wp-block-column-is-layout-flow\">\n<figure class=\"wp-block-image size-full is-resized\"><img data-recalc-dims=\"1\" decoding=\"async\" src=\"https:\/\/i0.wp.com\/krakow.wordcamp.org\/2024\/files\/2024\/05\/dzialownia.jpg?ssl=1\" alt=\"\" class=\"wp-image-2150\" style=\"aspect-ratio:4\/3;object-fit:cover;width:auto;height:500px\" \/><\/figure>\n<\/div>\n\n\n\n<div class=\"wp-block-column is-layout-flow wp-block-column-is-layout-flow\">\n<figure class=\"wp-block-image size-full is-resized\"><img data-recalc-dims=\"1\" decoding=\"async\" src=\"https:\/\/i0.wp.com\/krakow.wordcamp.org\/2024\/files\/2024\/05\/plan-politechniki.png?ssl=1\" alt=\"\" class=\"wp-image-2148\" style=\"aspect-ratio:4\/3;object-fit:cover;width:auto;height:500px\" \/><\/figure>\n<\/div>\n<\/div>\n","protected":false},"excerpt":{"rendered":"<p>Politechnika KrakowskaBudynek &#8222;Dzia\u0142ownia&#8221;ul. Warszawska 2431-155 Krak\u00f3w Miejsce, w kt\u00f3rym si\u0119 spotkamy, zlokalizowane jest przy Dworcu G\u0142\u00f3wnym. Najwygodniej dojecha\u0107 tam komunikacj\u0105 miejsk\u0105 i wysi\u0105\u015b\u0107 na przystankach zlokalizowanych obok Politechniki lub Dworca G\u0142\u00f3wnego\/Galerii Krakowskiej (i podej\u015b\u0107 par\u0119 minut). Lec\u0105c samolotem, z lotniska Balice dotrzesz na miejsce poci\u0105giem podmiejskim, kt\u00f3ry zatrzyma si\u0119 na Dworcu G\u0142\u00f3wnym. Jad\u0105c samochodem, zwr\u00f3\u0107 [&hellip;]<\/p>\n","protected":false},"author":16129975,"featured_media":0,"parent":0,"menu_order":0,"comment_status":"closed","ping_status":"closed","template":"","meta":{"jetpack_post_was_ever_published":false,"footnotes":""},"class_list":["post-325","page","type-page","status-publish","hentry"],"jetpack_sharing_enabled":true,"_links":{"self":[{"href":"https:\/\/krakow.wordcamp.org\/2025\/wp-json\/wp\/v2\/pages\/325","targetHints":{"allow":["GET"]}}],"collection":[{"href":"https:\/\/krakow.wordcamp.org\/2025\/wp-json\/wp\/v2\/pages"}],"about":[{"href":"https:\/\/krakow.wordcamp.org\/2025\/wp-json\/wp\/v2\/types\/page"}],"author":[{"embeddable":true,"href":"https:\/\/krakow.wordcamp.org\/2025\/wp-json\/wp\/v2\/users\/16129975"}],"replies":[{"embeddable":true,"href":"https:\/\/krakow.wordcamp.org\/2025\/wp-json\/wp\/v2\/comments?post=325"}],"version-history":[{"count":8,"href":"https:\/\/krakow.wordcamp.org\/2025\/wp-json\/wp\/v2\/pages\/325\/revisions"}],"predecessor-version":[{"id":716,"href":"https:\/\/krakow.wordcamp.org\/2025\/wp-json\/wp\/v2\/pages\/325\/revisions\/716"}],"wp:attachment":[{"href":"https:\/\/krakow.wordcamp.org\/2025\/wp-json\/wp\/v2\/media?parent=325"}],"curies":[{"name":"wp","href":"https:\/\/api.w.org\/{rel}","templated":true}]}}