{"id":406,"date":"2025-02-12T00:06:19","date_gmt":"2025-02-11T23:06:19","guid":{"rendered":"https:\/\/krakow.wordcamp.org\/2025\/?page_id=406"},"modified":"2025-06-10T13:38:44","modified_gmt":"2025-06-10T11:38:44","slug":"oferta-sponsorska","status":"publish","type":"page","link":"https:\/\/krakow.wordcamp.org\/2025\/oferta-sponsorska\/","title":{"rendered":"Oferta sponsorska"},"content":{"rendered":"\n<h2 class=\"wp-block-heading has-text-align-center has-text-color has-link-color wp-elements-f34550768bce7fab1cf54a3709a879cf\" style=\"color:#004c92\"><strong>Zosta\u0144 partnerem WordCamp Krak\u00f3w 2025!<\/strong><\/h2>\n\n\n\n<p>Do\u0142\u0105cz do nas i sta\u0144 si\u0119 cz\u0119\u015bci\u0105 najwi\u0119kszego i najbardziej inspiruj\u0105cego wydarzenia WordPress w Krakowie! WordCamp Krak\u00f3w 2025 to doskona\u0142a okazja, by przedstawi\u0107 ofert\u0119 swojej firmy polskiej spo\u0142eczno\u015bci entuzjast\u00f3w WordPressa.<\/p>\n\n\n\n<p>Przygotowali\u015bmy wiele mo\u017cliwo\u015bci wsparcia naszego wydarzenia. Niezale\u017cnie od tego, czy jeste\u015b du\u017c\u0105, czy ma\u0142\u0105 firm\u0105, mo\u017cesz do\u0142o\u017cy\u0107 swoj\u0105 &#8222;cegie\u0142k\u0119&#8221; do organizacji WordCampa.<\/p>\n\n\n\n<div class=\"wp-block-columns alignwide is-layout-flex wp-container-core-columns-is-layout-5c79c31e wp-block-columns-is-layout-flex\" style=\"margin-top:var(--wp--preset--spacing--30);margin-bottom:0;padding-top:0;padding-bottom:0\">\n<div class=\"wp-block-column has-base-2-background-color has-background is-layout-flow wp-block-column-is-layout-flow\" style=\"padding-top:var(--wp--preset--spacing--30);padding-right:var(--wp--preset--spacing--20);padding-bottom:var(--wp--preset--spacing--30);padding-left:var(--wp--preset--spacing--20)\">\n<p class=\"has-text-align-left has-text-color has-link-color has-xx-large-font-size wp-elements-041ff89a4cf82ca72f068345a4a73708\" style=\"color:#004c92\">1<\/p>\n\n\n\n<h3 class=\"wp-block-heading\">Dotrzyj do szerokiego grona odbiorc\u00f3w<\/h3>\n<\/div>\n\n\n\n<div class=\"wp-block-column is-vertically-aligned-top has-background is-layout-flow wp-block-column-is-layout-flow\" style=\"background-color:#004c92;padding-top:var(--wp--preset--spacing--30);padding-right:var(--wp--preset--spacing--20);padding-bottom:var(--wp--preset--spacing--30);padding-left:var(--wp--preset--spacing--20)\">\n<p class=\"has-text-align-left has-base-2-color has-text-color has-link-color has-xx-large-font-size wp-elements-12bd6aef836c1da27876ca81aea000dd\">2<\/p>\n\n\n\n<h3 class=\"wp-block-heading has-base-2-color has-text-color has-link-color wp-elements-02ae6ae6bb77c9c27a5b26a89de07592\">Zbuduj siln\u0105 pozycj\u0119 w bran\u017cy WordPressa<\/h3>\n<\/div>\n\n\n\n<div class=\"wp-block-column has-base-2-background-color has-background is-layout-flow wp-block-column-is-layout-flow\" style=\"padding-top:var(--wp--preset--spacing--30);padding-right:var(--wp--preset--spacing--20);padding-bottom:var(--wp--preset--spacing--30);padding-left:var(--wp--preset--spacing--20)\">\n<p class=\"has-text-align-left has-text-color has-link-color has-xx-large-font-size wp-elements-9205b2045c06e1fed4ab71a0c6503967\" style=\"color:#004c92\">3<\/p>\n\n\n\n<h3 class=\"wp-block-heading\">Nawi\u0105\u017c cenne kontakty biznesowe<\/h3>\n<\/div>\n<\/div>\n\n\n\n<div class=\"wp-block-columns alignwide is-layout-flex wp-container-core-columns-is-layout-188233a6 wp-block-columns-is-layout-flex\" style=\"margin-top:0;margin-bottom:0;padding-top:0;padding-bottom:0\">\n<div class=\"wp-block-column has-background is-layout-flow wp-block-column-is-layout-flow\" style=\"background-color:#004c92;padding-top:var(--wp--preset--spacing--20);padding-right:var(--wp--preset--spacing--20);padding-bottom:var(--wp--preset--spacing--20);padding-left:var(--wp--preset--spacing--20)\">\n<p class=\"has-text-align-left has-base-2-color has-text-color has-link-color has-xx-large-font-size wp-elements-46dbfa179438ec5a4c7c389fa7aae767\">4<\/p>\n\n\n\n<h3 class=\"wp-block-heading has-base-2-color has-text-color has-link-color wp-elements-7ed6309e41abde942e72c48324a7a359\">Wspieraj rozw\u00f3j spo\u0142eczno\u015bci WordPress<\/h3>\n<\/div>\n\n\n\n<div class=\"wp-block-column has-base-2-background-color has-background is-layout-flow wp-block-column-is-layout-flow\" style=\"padding-top:var(--wp--preset--spacing--20);padding-right:var(--wp--preset--spacing--20);padding-bottom:var(--wp--preset--spacing--20);padding-left:var(--wp--preset--spacing--20)\">\n<p class=\"has-text-align-left has-text-color has-link-color has-xx-large-font-size wp-elements-46ff1a763fa212bf03ef15deb606e93b\" style=\"color:#004c92\">5<\/p>\n\n\n\n<h3 class=\"wp-block-heading\">Dopasuj pakiet do swoich potrzeb&nbsp;<\/h3>\n<\/div>\n\n\n\n<div class=\"wp-block-column has-background is-layout-flow wp-block-column-is-layout-flow\" style=\"background-color:#004c92;padding-top:var(--wp--preset--spacing--20);padding-right:var(--wp--preset--spacing--20);padding-bottom:var(--wp--preset--spacing--20);padding-left:var(--wp--preset--spacing--20)\">\n<p class=\"has-text-align-left has-base-2-color has-text-color has-link-color has-xx-large-font-size wp-elements-4fef343f14f5eb645070bd6a84c531ac\">6<\/p>\n\n\n\n<h3 class=\"wp-block-heading has-base-2-color has-text-color has-link-color wp-elements-fab7479f4b2e7f70c3798bfabc2d7fc0\">Zdob\u0105d\u017a widoczno\u015b\u0107 na wielu p\u0142aszczyznach<\/h3>\n<\/div>\n<\/div>\n\n\n\n<div style=\"height:40px\" aria-hidden=\"true\" class=\"wp-block-spacer\"><\/div>\n\n\n\n<h2 class=\"wp-block-heading has-text-align-center\"><strong>Poznaj ofert\u0119 sponsorsk\u0105<\/strong><\/h2>\n\n\n\n<p>Oferujemy r\u00f3\u017cnorodne poziomy sponsoringu, aby dopasowa\u0107 si\u0119 do Twoich cel\u00f3w marketingowych oraz sprzeda\u017cowych, a tak\u017ce bud\u017cetu.<\/p>\n\n\n\n<p>Obok typowych pakiet\u00f3w (<strong><mark style=\"background-color:#ffffff\" class=\"has-inline-color\">Z\u0142oty, Srebrny i Br\u0105zowy<\/mark><\/strong>) mo\u017cesz wybra\u0107 zostanie Sponsorem <mark style=\"background-color:#ffffff;color:#004c92\" class=\"has-inline-color\"><strong>Middle Party<\/strong><\/mark> oraz Sponsorem pi\u0105tkowej <strong><mark style=\"background-color:#ffffff;color:#004c92\" class=\"has-inline-color\">Akademii WordPressa<\/mark><\/strong>.<\/p>\n\n\n\n<p><strong><mark style=\"background-color:#ffffff;color:#004c92\" class=\"has-inline-color\">Mikrosponsor<\/mark><\/strong> oraz <mark style=\"background-color:#ffffff;color:#004c92\" class=\"has-inline-color\">Mikrosponsor Plus<\/mark> to z kolei opcja dla tych, kt\u00f3rzy zechc\u0105 zakupi\u0107 bilet w troch\u0119 dro\u017cszej cenie, dostaj\u0105c w zamian mo\u017cliwo\u015b\u0107 dotarcia do uczestnik\u00f3w WordCampa.<\/p>\n\n\n\n<div class=\"wp-block-buttons is-content-justification-center is-layout-flex wp-container-core-buttons-is-layout-a89b3969 wp-block-buttons-is-layout-flex\">\n<div class=\"wp-block-button\"><a class=\"wp-block-button__link has-background wp-element-button\" href=\"https:\/\/krakow.wordcamp.org\/2025\/files\/2025\/03\/WordCamp-Krakow-2025-oferta-sponsorska-22-03-2025.pdf\" style=\"background-color:#004c92\">Pobierz ofert\u0119 sponsorsk\u0105 (PDF PL)<\/a><\/div>\n\n\n\n<div class=\"wp-block-button\"><a class=\"wp-block-button__link has-background wp-element-button\" href=\"https:\/\/krakow.wordcamp.org\/2025\/files\/2025\/03\/Sponsorship-offer-WordCamp-Krakow-2025-22-03-2025.pdf\" style=\"background-color:#004c92\">Download sponsorship offer (PDF EN)<\/a><\/div>\n<\/div>\n\n\n\n<div class=\"wp-block-buttons is-content-justification-center is-layout-flex wp-container-core-buttons-is-layout-a89b3969 wp-block-buttons-is-layout-flex\">\n<div class=\"wp-block-button is-style-fill\"><a class=\"wp-block-button__link has-accent-3-background-color has-background has-custom-font-size wp-element-button\" href=\"https:\/\/krakow.wordcamp.org\/2025\/zostan-sponsorem\/\" style=\"border-radius:0px;font-size:clamp(0.875rem, 0.875rem + ((1vw - 0.2rem) * 0.625), 1.25rem);\">Zosta\u0144 sponsorem<\/a><\/div>\n<\/div>\n\n\n\n<h2 class=\"wp-block-heading has-text-align-center has-text-color has-link-color wp-elements-30edc73683016122d1906d9b07807e5d\" style=\"color:#004c92;margin-top:var(--wp--preset--spacing--40);margin-bottom:0\"><strong><strong>Zosta\u0144 mikrosponsorem<\/strong><\/strong><\/h2>\n\n\n\n<p>Pracujesz w software housie i podejrzewasz, \u017ce firma mo\u017ce zyska\u0107 wizerunkowo i networkingowo na sponsorskiej obecno\u015bci podczas WordCampa?<\/p>\n\n\n\n<p>A mo\u017ce sam\/a prowadzisz dzia\u0142alno\u015b\u0107 opart\u0105 o WordPressa i sponsorskie zaanga\u017cowanie b\u0119dzie dla Ciebie form\u0105 wyra\u017cenia swojej wdzi\u0119czno\u015bci za mo\u017cliwo\u015b\u0107 korzystania z WP w pracy z Klientem? <\/p>\n\n\n\n<p>Zostaj\u0105c mikrosponsorem <strong>Wordcamp Krak\u00f3w 2025<\/strong> masz mo\u017cliwo\u015b\u0107 dorzuci\u0107 swoj\u0105 cegie\u0142k\u0119 i wesprze\u0107 nasz\u0105, polsk\u0105 spo\u0142eczno\u015b\u0107 WordPressa!<\/p>\n\n\n\n<p>Ka\u017cdy, kto zakupi bilet mikrosponsora otrzyma mo\u017cliwo\u015b\u0107 umieszczenia podlinkowanego logo na naszej stronie internetowej w zak\u0142adce Sponsorzy.<\/p>\n\n\n\n<div class=\"wp-block-buttons is-content-justification-center is-layout-flex wp-container-core-buttons-is-layout-a89b3969 wp-block-buttons-is-layout-flex\">\n<div class=\"wp-block-button\"><a class=\"wp-block-button__link has-accent-3-background-color has-background has-custom-font-size wp-element-button\" href=\"https:\/\/krakow.wordcamp.org\/2025\/bilety\/\" style=\"border-radius:0px;font-size:clamp(0.875rem, 0.875rem + ((1vw - 0.2rem) * 0.625), 1.25rem);\">Zosta\u0144 mikrosponsorem<\/a><\/div>\n<\/div>\n","protected":false},"excerpt":{"rendered":"<p>Zosta\u0144 partnerem WordCamp Krak\u00f3w 2025! Do\u0142\u0105cz do nas i sta\u0144 si\u0119 cz\u0119\u015bci\u0105 najwi\u0119kszego i najbardziej inspiruj\u0105cego wydarzenia WordPress w Krakowie! WordCamp Krak\u00f3w 2025 to doskona\u0142a okazja, by przedstawi\u0107 ofert\u0119 swojej firmy polskiej spo\u0142eczno\u015bci entuzjast\u00f3w WordPressa. Przygotowali\u015bmy wiele mo\u017cliwo\u015bci wsparcia naszego wydarzenia. Niezale\u017cnie od tego, czy jeste\u015b du\u017c\u0105, czy ma\u0142\u0105 firm\u0105, mo\u017cesz do\u0142o\u017cy\u0107 swoj\u0105 &#8222;cegie\u0142k\u0119&#8221; do [&hellip;]<\/p>\n","protected":false},"author":16129975,"featured_media":0,"parent":0,"menu_order":0,"comment_status":"closed","ping_status":"closed","template":"","meta":{"jetpack_post_was_ever_published":false,"footnotes":""},"class_list":["post-406","page","type-page","status-publish","hentry"],"jetpack_sharing_enabled":true,"_links":{"self":[{"href":"https:\/\/krakow.wordcamp.org\/2025\/wp-json\/wp\/v2\/pages\/406","targetHints":{"allow":["GET"]}}],"collection":[{"href":"https:\/\/krakow.wordcamp.org\/2025\/wp-json\/wp\/v2\/pages"}],"about":[{"href":"https:\/\/krakow.wordcamp.org\/2025\/wp-json\/wp\/v2\/types\/page"}],"author":[{"embeddable":true,"href":"https:\/\/krakow.wordcamp.org\/2025\/wp-json\/wp\/v2\/users\/16129975"}],"replies":[{"embeddable":true,"href":"https:\/\/krakow.wordcamp.org\/2025\/wp-json\/wp\/v2\/comments?post=406"}],"version-history":[{"count":28,"href":"https:\/\/krakow.wordcamp.org\/2025\/wp-json\/wp\/v2\/pages\/406\/revisions"}],"predecessor-version":[{"id":2527,"href":"https:\/\/krakow.wordcamp.org\/2025\/wp-json\/wp\/v2\/pages\/406\/revisions\/2527"}],"wp:attachment":[{"href":"https:\/\/krakow.wordcamp.org\/2025\/wp-json\/wp\/v2\/media?parent=406"}],"curies":[{"name":"wp","href":"https:\/\/api.w.org\/{rel}","templated":true}]}}