{"id":558,"date":"2025-02-15T23:44:46","date_gmt":"2025-02-15T22:44:46","guid":{"rendered":"https:\/\/krakow.wordcamp.org\/2025\/?page_id=558"},"modified":"2025-05-24T20:58:57","modified_gmt":"2025-05-24T18:58:57","slug":"wez-udzial","status":"publish","type":"page","link":"https:\/\/krakow.wordcamp.org\/2025\/wez-udzial\/","title":{"rendered":"We\u017a udzia\u0142!"},"content":{"rendered":"\n<h2 class=\"wp-block-heading is-style-default has-text-color has-link-color wp-elements-578ffa914994567ae03b0ef64f98b8d6\" style=\"color:#004c92;padding-top:var(--wp--preset--spacing--20);padding-bottom:0\">Zosta\u0144 fotografem!<\/h2>\n\n\n\n<p>Chcesz pom\u00f3c w organizacji najwi\u0119kszego wydarzenia spo\u0142eczno\u015bci WordPress w tym roku?<\/p>\n\n\n\n<p><a href=\"https:\/\/krakow.wordcamp.org\/2025\/zostan-fotografem\/\">Zg\u0142o\u015b si\u0119 ju\u017c teraz!<\/a><\/p>\n\n\n\n<h2 class=\"wp-block-heading\">Zosta\u0144 Sponsorem!<\/h2>\n\n\n\n<p>Sprawd\u017a nasz\u0105 <a href=\"https:\/\/krakow.wordcamp.org\/2025\/oferta-sponsorska\/\" data-type=\"page\" data-id=\"406\">ofert\u0119 sponsorsk\u0105<\/a>, by dowiedzie\u0107 sie, jak mo\u017cesz pom\u00f3c uczyni\u0107 WordCamp Krak\u00f3w 2025 najlepszym z mo\u017cliwych!<\/p>\n\n\n\n<p><a href=\"https:\/\/krakow.wordcamp.org\/2025\/zostan-sponsorem\/\">Zg\u0142o\u015b si\u0119 ju\u017c teraz!<\/a><\/p>\n\n\n\n<h2 class=\"wp-block-heading is-style-default has-text-color has-link-color wp-elements-f4ca61c079f1f9ac4569a08b7efc2a90\" style=\"color:#004c92;padding-top:var(--wp--preset--spacing--20);padding-bottom:0\">Zosta\u0144 wolontariuszem!<\/h2>\n\n\n\n<p>Chcesz pom\u00f3c w organizacji najwi\u0119kszego wydarzenia spo\u0142eczno\u015bci WordPress w tym roku?<\/p>\n\n\n\n<p><a href=\"https:\/\/krakow.wordcamp.org\/2025\/zostan-wolontariuszem\/\">Zg\u0142o\u015b si\u0119 ju\u017c teraz!<\/a><\/p>\n\n\n\n<h2 class=\"wp-block-heading is-style-default has-text-color has-link-color wp-elements-55c3b019940de5afe9db1a310228aa3e\" style=\"color:#004c92;padding-top:var(--wp--preset--spacing--20);padding-bottom:0\">Kup bilet!<\/h2>\n\n\n\n<p>Chcesz po prostu do\u0142\u0105czy\u0107 do nas i wzi\u0105\u0107 udzia\u0142 w niezapomnianej konferencji u\u017cytkownik\u00f3w WordPressa?<\/p>\n\n\n\n<p><a href=\"https:\/\/krakow.wordcamp.org\/2025\/bilety\/\">Zarezerwuj swoje miejsce ju\u017c dzisiaj!<\/a><\/p>\n\n\n\n<p><\/p>\n","protected":false},"excerpt":{"rendered":"<p>Zosta\u0144 fotografem! Chcesz pom\u00f3c w organizacji najwi\u0119kszego wydarzenia spo\u0142eczno\u015bci WordPress w tym roku? Zg\u0142o\u015b si\u0119 ju\u017c teraz! Zosta\u0144 Sponsorem! Sprawd\u017a nasz\u0105 ofert\u0119 sponsorsk\u0105, by dowiedzie\u0107 sie, jak mo\u017cesz pom\u00f3c uczyni\u0107 WordCamp Krak\u00f3w 2025 najlepszym z mo\u017cliwych! Zg\u0142o\u015b si\u0119 ju\u017c teraz! Zosta\u0144 wolontariuszem! Chcesz pom\u00f3c w organizacji najwi\u0119kszego wydarzenia spo\u0142eczno\u015bci WordPress w tym roku? Zg\u0142o\u015b si\u0119 [&hellip;]<\/p>\n","protected":false},"author":16170798,"featured_media":323,"parent":0,"menu_order":0,"comment_status":"closed","ping_status":"closed","template":"","meta":{"jetpack_post_was_ever_published":false,"footnotes":""},"class_list":["post-558","page","type-page","status-publish","has-post-thumbnail","hentry"],"jetpack_sharing_enabled":true,"_links":{"self":[{"href":"https:\/\/krakow.wordcamp.org\/2025\/wp-json\/wp\/v2\/pages\/558","targetHints":{"allow":["GET"]}}],"collection":[{"href":"https:\/\/krakow.wordcamp.org\/2025\/wp-json\/wp\/v2\/pages"}],"about":[{"href":"https:\/\/krakow.wordcamp.org\/2025\/wp-json\/wp\/v2\/types\/page"}],"author":[{"embeddable":true,"href":"https:\/\/krakow.wordcamp.org\/2025\/wp-json\/wp\/v2\/users\/16170798"}],"replies":[{"embeddable":true,"href":"https:\/\/krakow.wordcamp.org\/2025\/wp-json\/wp\/v2\/comments?post=558"}],"version-history":[{"count":7,"href":"https:\/\/krakow.wordcamp.org\/2025\/wp-json\/wp\/v2\/pages\/558\/revisions"}],"predecessor-version":[{"id":2285,"href":"https:\/\/krakow.wordcamp.org\/2025\/wp-json\/wp\/v2\/pages\/558\/revisions\/2285"}],"wp:featuredmedia":[{"embeddable":true,"href":"https:\/\/krakow.wordcamp.org\/2025\/wp-json\/wp\/v2\/media\/323"}],"wp:attachment":[{"href":"https:\/\/krakow.wordcamp.org\/2025\/wp-json\/wp\/v2\/media?parent=558"}],"curies":[{"name":"wp","href":"https:\/\/api.w.org\/{rel}","templated":true}]}}