{"id":571,"date":"2025-02-15T23:55:43","date_gmt":"2025-02-15T22:55:43","guid":{"rendered":"https:\/\/krakow.wordcamp.org\/2025\/?page_id=571"},"modified":"2025-02-15T23:56:29","modified_gmt":"2025-02-15T22:56:29","slug":"rozmiary-koszulek","status":"publish","type":"page","link":"https:\/\/krakow.wordcamp.org\/2025\/bilety\/rozmiary-koszulek\/","title":{"rendered":"Rozmiary koszulek"},"content":{"rendered":"\n<p class=\"has-text-align-center\">Ka\u017cdy uczestnik WordCamp Krak\u00f3w otrzyma T-shirt. Prosz\u0119 zapozna\u0107 si\u0119 z wymiarami podanymi poni\u017cej i w nast\u0119pnym kroku wybra\u0107 odpowiedni rozmiar z listy.<\/p>\n\n\n\n<figure class=\"wp-block-image aligncenter size-full\"><img data-recalc-dims=\"1\" decoding=\"async\" src=\"https:\/\/i0.wp.com\/krakow.wordcamp.org\/2024\/files\/2024\/04\/koszulki-rozmiarowka-wordcamp-krakow-2024.jpg?ssl=1\" alt=\"\" class=\"wp-image-1060\" \/><\/figure>\n","protected":false},"excerpt":{"rendered":"<p>Ka\u017cdy uczestnik WordCamp Krak\u00f3w otrzyma T-shirt. Prosz\u0119 zapozna\u0107 si\u0119 z wymiarami podanymi poni\u017cej i w nast\u0119pnym kroku wybra\u0107 odpowiedni rozmiar z listy.<\/p>\n","protected":false},"author":16129975,"featured_media":0,"parent":13,"menu_order":0,"comment_status":"closed","ping_status":"closed","template":"","meta":{"jetpack_post_was_ever_published":false,"footnotes":""},"class_list":["post-571","page","type-page","status-publish","hentry"],"jetpack_sharing_enabled":true,"_links":{"self":[{"href":"https:\/\/krakow.wordcamp.org\/2025\/wp-json\/wp\/v2\/pages\/571","targetHints":{"allow":["GET"]}}],"collection":[{"href":"https:\/\/krakow.wordcamp.org\/2025\/wp-json\/wp\/v2\/pages"}],"about":[{"href":"https:\/\/krakow.wordcamp.org\/2025\/wp-json\/wp\/v2\/types\/page"}],"author":[{"embeddable":true,"href":"https:\/\/krakow.wordcamp.org\/2025\/wp-json\/wp\/v2\/users\/16129975"}],"replies":[{"embeddable":true,"href":"https:\/\/krakow.wordcamp.org\/2025\/wp-json\/wp\/v2\/comments?post=571"}],"version-history":[{"count":2,"href":"https:\/\/krakow.wordcamp.org\/2025\/wp-json\/wp\/v2\/pages\/571\/revisions"}],"predecessor-version":[{"id":574,"href":"https:\/\/krakow.wordcamp.org\/2025\/wp-json\/wp\/v2\/pages\/571\/revisions\/574"}],"up":[{"embeddable":true,"href":"https:\/\/krakow.wordcamp.org\/2025\/wp-json\/wp\/v2\/pages\/13"}],"wp:attachment":[{"href":"https:\/\/krakow.wordcamp.org\/2025\/wp-json\/wp\/v2\/media?parent=571"}],"curies":[{"name":"wp","href":"https:\/\/api.w.org\/{rel}","templated":true}]}}